{"id":580975,"date":"2025-03-04T09:19:58","date_gmt":"2025-03-04T08:19:58","guid":{"rendered":"https:\/\/shop.kustom.ch\/?post_type=product&#038;p=580975"},"modified":"2026-03-31T08:29:37","modified_gmt":"2026-03-31T07:29:37","slug":"high-vis-arbeitshose","status":"publish","type":"product","link":"https:\/\/shop.kustom.ch\/it\/prodotto\/high-vis-arbeitshose\/","title":{"rendered":"Pantaloni da lavoro ad alta visibilit\u00e0"},"content":{"rendered":"<p>Pantaloni ad alta visibilit\u00e0 con rinforzi in Cordura\u00ae sulle ginocchia per una maggiore resistenza agli strappi. Questi pantaloni offrono la giusta protezione e funzionalit\u00e0 intrinseca. Sono dotati di una tasca per il righello con tasca supplementare. Certificato secondo la norma EN ISO 20471 Classe 1, abbigliamento protettivo ad alta visibilit\u00e0.<\/p>\n<p>DETTAGLI: Tasca per carte d'identit\u00e0. Passante per martello sul lato. Passanti, uno con anello a D. CARATTERISTICHE PRINCIPALI: Artigiano. EN 14004. REFLEX: strisce riflettenti larghe 70 mm. TESSUTO: Uomo. blu. Tasche per ginocchiere. Protezione ad alta visibilit\u00e0. TASCHE: Tasca sulla gamba con portamatite, tasca supplementare e tasca per cellulare. Tasche posteriori a soffietto. Tasche per ginocchiere. Tasche per chiodi - con scomparti per cacciaviti e passanti per attrezzi che possono essere inseriti nelle tasche anteriori con soffietto. Tasche anteriori con soffietto. Tasca per regolo pieghevole con portacoltelli e tasca portapenne. ISTRUZIONI DI LAVAGGIO: Numero di lavaggi: 50, non candeggiare. RINFORZO: rinforzato in CORDURA\u00ae nelle zone soggette a forte usura. CERTIFICAZIONE: EN 14404:2004+A1:2010 insieme alle ginocchiere 4027, 4057, 4058 e 4032. EN ISO 20471, classe 1<\/p>\n<p>100% Cotone, twill, 370 g\/m\u00b2<\/p>","protected":false},"excerpt":{"rendered":"<p>High-Vis Hose mit Cordura\u00ae- Verst\u00e4rkungen an den Knien f\u00fcr noch bessere Reissfestigkeit. Diese Hose bietet den richtigen Schutz und eingearbeitete Funktionalit\u00e4t. Sie hat eine Zollstocktasche mit Extratasche. Zertifiziert nach EN ISO 20471 Klasse 1, Schutzkleidung mit hoher Sichtbarkeit. DETAILS: Ausweistasche. Hammerschlaufe an der Seite. Schlaufen, davon eine mit D-Ring. HAUPTEIGENSCHAFTEN: Handwerker. EN 14004. REFLEX: 70 [&hellip;]<\/p>\n","protected":false},"featured_media":581014,"template":"","meta":[],"product_brand":[],"product_cat":[4185],"product_tag":[],"class_list":{"0":"post-580975","1":"product","2":"type-product","3":"status-publish","4":"has-post-thumbnail","6":"product_cat-hosen","7":"pa_brand-blaklaeder","8":"pa_brand-type-workwear","9":"pa_filter-color-blau","10":"pa_filter-color-gelb","11":"pa_filter-color-orange","12":"pa_filter-color-schwarz","14":"first","15":"instock","16":"sale","17":"taxable","18":"shipping-taxable","19":"purchasable","20":"product-type-variable","21":"add-to-wishlist-before_image"},"exclude_global_add_ons":[],"addons":[],"acf":[],"_links":{"self":[{"href":"https:\/\/shop.kustom.ch\/it\/wp-json\/wp\/v2\/product\/580975"}],"collection":[{"href":"https:\/\/shop.kustom.ch\/it\/wp-json\/wp\/v2\/product"}],"about":[{"href":"https:\/\/shop.kustom.ch\/it\/wp-json\/wp\/v2\/types\/product"}],"wp:featuredmedia":[{"embeddable":true,"href":"https:\/\/shop.kustom.ch\/it\/wp-json\/wp\/v2\/media\/581014"}],"wp:attachment":[{"href":"https:\/\/shop.kustom.ch\/it\/wp-json\/wp\/v2\/media?parent=580975"}],"wp:term":[{"taxonomy":"product_brand","embeddable":true,"href":"https:\/\/shop.kustom.ch\/it\/wp-json\/wp\/v2\/product_brand?post=580975"},{"taxonomy":"product_cat","embeddable":true,"href":"https:\/\/shop.kustom.ch\/it\/wp-json\/wp\/v2\/product_cat?post=580975"},{"taxonomy":"product_tag","embeddable":true,"href":"https:\/\/shop.kustom.ch\/it\/wp-json\/wp\/v2\/product_tag?post=580975"}],"curies":[{"name":"wp","href":"https:\/\/api.w.org\/{rel}","templated":true}]}}