{"id":580954,"date":"2025-03-04T09:19:52","date_gmt":"2025-03-04T08:19:52","guid":{"rendered":"https:\/\/shop.kustom.ch\/?post_type=product&#038;p=580954"},"modified":"2026-03-31T08:29:31","modified_gmt":"2026-03-31T07:29:31","slug":"handwerker-shorts-lightweight","status":"publish","type":"product","link":"https:\/\/shop.kustom.ch\/it\/prodotto\/handwerker-shorts-lightweight\/","title":{"rendered":"Pantaloncini artigianali leggeri"},"content":{"rendered":"<p>Pantaloncini da artigiano con un materiale pi\u00f9 leggero per lavorare in ambienti caldi e un maggiore comfort. Perfetti da indossare all'aperto in estate. I pantaloncini hanno diverse soluzioni di tasche e funzionalit\u00e0. Le tasche per le unghie, le tasche posteriori e la tasca del righello sono rinforzate in CORDURA\u00ae e la cucitura interna della gamba \u00e8 tripla per una maggiore durata.<\/p>\n<p>DETTAGLI: Tasca per carte d'identit\u00e0. Bottoni in metallo. Cucitura interna della gamba con tripla impuntura. Zip in metallo sul cavallo. Due passanti per cintura ai lati con bottone per il passante a martello, un passante per cintura con anello a D sul davanti. Ampio passante per cintura sul retro. CARATTERISTICHE PRINCIPALI: Elettricista. Uomo. TESSUTO: Uomo. grigio. Leggero. Artigianale. TASCHE: Tasca sulla gamba con soffietto, tasca con patta e penna, tasca supplementare, tasca per cellulare e tasca per carta d'identit\u00e0. Tasche posteriori con soffietto. Tasche per chiodi - con scomparti per cacciaviti e passanti per attrezzi che possono essere inseriti nelle tasche anteriori con soffietto. Tasche anteriori con soffietto. Tasca per regolo pieghevole con portacoltelli e tasca per penna. ISTRUZIONI DI LAVAGGIO: Non candeggiare. RINFORZO: tasche per unghie, tasche posteriori e tasca per righello rinforzate in CORDURA\u00ae.<\/p>\n<p>65% poliestere, 35% cotone, tessuto fine, 166g\/m\u00b2<\/p>","protected":false},"excerpt":{"rendered":"<p>Handwerker Shorts mit einem leichteren Material f\u00fcr die Arbeit in warmer Umgebung und besserem Komfort. Perfekt im Sommer draussen zu tragen. Die Shorts hat verschiedene Taschenl\u00f6sungen und Funktionalit\u00e4ten. Die Nageltaschen, Ges\u00e4sstaschen und Zollstocktasche sind CORDURA\u00ae- verst\u00e4rkt und die Innenbeinnaht ist f\u00fcr h\u00f6here Haltbarkeit dreifach vern\u00e4ht. DETAILS: Ausweistasche. Metallkn\u00f6pfe. Innenbeinnaht mit 3-fach-Naht. Metall-Reissverschluss im Schritt. Zwei [&hellip;]<\/p>\n","protected":false},"featured_media":581013,"template":"","meta":[],"product_brand":[],"product_cat":[4198],"product_tag":[],"class_list":{"0":"post-580954","1":"product","2":"type-product","3":"status-publish","4":"has-post-thumbnail","6":"product_cat-shorts","7":"pa_brand-blaklaeder","8":"pa_brand-type-workwear","9":"pa_filter-color-grau","10":"pa_filter-color-schwarz","12":"first","13":"instock","14":"sale","15":"taxable","16":"shipping-taxable","17":"purchasable","18":"product-type-variable","19":"add-to-wishlist-before_image"},"exclude_global_add_ons":[],"addons":[],"acf":[],"_links":{"self":[{"href":"https:\/\/shop.kustom.ch\/it\/wp-json\/wp\/v2\/product\/580954"}],"collection":[{"href":"https:\/\/shop.kustom.ch\/it\/wp-json\/wp\/v2\/product"}],"about":[{"href":"https:\/\/shop.kustom.ch\/it\/wp-json\/wp\/v2\/types\/product"}],"wp:featuredmedia":[{"embeddable":true,"href":"https:\/\/shop.kustom.ch\/it\/wp-json\/wp\/v2\/media\/581013"}],"wp:attachment":[{"href":"https:\/\/shop.kustom.ch\/it\/wp-json\/wp\/v2\/media?parent=580954"}],"wp:term":[{"taxonomy":"product_brand","embeddable":true,"href":"https:\/\/shop.kustom.ch\/it\/wp-json\/wp\/v2\/product_brand?post=580954"},{"taxonomy":"product_cat","embeddable":true,"href":"https:\/\/shop.kustom.ch\/it\/wp-json\/wp\/v2\/product_cat?post=580954"},{"taxonomy":"product_tag","embeddable":true,"href":"https:\/\/shop.kustom.ch\/it\/wp-json\/wp\/v2\/product_tag?post=580954"}],"curies":[{"name":"wp","href":"https:\/\/api.w.org\/{rel}","templated":true}]}}