{"id":580886,"date":"2025-03-04T09:18:46","date_gmt":"2025-03-04T08:18:46","guid":{"rendered":"https:\/\/shop.kustom.ch\/?post_type=product&#038;p=580886"},"modified":"2026-03-31T08:29:30","modified_gmt":"2026-03-31T07:29:30","slug":"handwerker-arbeitshose-lightweight","status":"publish","type":"product","link":"https:\/\/shop.kustom.ch\/it\/prodotto\/handwerker-arbeitshose-lightweight\/","title":{"rendered":"Pantaloni da lavoro artigianali Leggeri"},"content":{"rendered":"<p>Realizzato in materiale molto leggero, ma altamente resistente all'abrasione. Perfetto per la stagione calda! Buona resistenza allo strappo e asciugatura rapida. I pantaloni artigianali 1525 con cintura in vita offrono un'elevata funzionalit\u00e0 grazie a varie soluzioni di tasche e materiali robusti, una buona vestibilit\u00e0 e un comfort eccezionale.<\/p>\n<p>DETTAGLI: Tasca per carte d'identit\u00e0. Bottoni in metallo. Cucitura interna della gamba con tripla impuntura. Zip in metallo sul cavallo. Due passanti per cintura ai lati con bottone per il passante a martello, un passante per cintura con anello a D sul davanti. Ampio passante per cintura sul retro. PROPRIET\u00c0 PRINCIPALI: Lavoratore in cemento. EN 14004. TESSUTO: Uomo. grigio. Tasche per ginocchiere. Artigianale. TASCHE: Tasca sulla gamba con soffietto, tasca con patta e penna, tasca supplementare, tasca per cellulare e tasca per carta d'identit\u00e0. Tasche posteriori con soffietto. Tasche per ginocchiere. Tasche per chiodi - con scomparti per cacciaviti e passanti per attrezzi che possono essere inseriti nelle tasche anteriori con soffietto. Tasche anteriori con soffietto. Tasca per regolo pieghevole con portacoltelli e portapenne. ISTRUZIONI DI LAVAGGIO: Non lavare a secco. RINFORZO: tasche per unghie rinforzate in CORDURA\u00ae, tasca per righello, tasche per ginocchia e tasche posteriori. CERTIFICAZIONE: EN 14404:2004+A1:2010 insieme alle ginocchiere 4027, 4057, 4058 e 4032.<\/p>\n<p>65% poliestere, 35% cotone, tessuto fine, 166g\/m\u00b2<\/p>","protected":false},"excerpt":{"rendered":"<p>Aus sehr leichtem, aber trotzdem sehr abriebfesten Material. Perfekt f\u00fcr die warme Jahreszeit! Gute Reissfestigkeit und schnell trocknend. Die 1525 Handwerker Bundhose bietet hohe Funktionalit\u00e4t mit verschiedenen Taschenl\u00f6sungen und robustem Material, guter Passform und hervorragendem Komfort. DETAILS: Ausweistasche. Metallkn\u00f6pfe. Innenbeinnaht mit 3-fach-Naht. Metall-Reissverschluss im Schritt. Zwei G\u00fcrtelschlaufen an den Seiten mit einem Knopf f\u00fcr eine [&hellip;]<\/p>\n","protected":false},"featured_media":580899,"template":"","meta":[],"product_brand":[],"product_cat":[4185],"product_tag":[],"class_list":{"0":"post-580886","1":"product","2":"type-product","3":"status-publish","4":"has-post-thumbnail","6":"product_cat-hosen","7":"pa_brand-blaklaeder","8":"pa_brand-type-workwear","9":"pa_filter-color-grau","10":"pa_filter-color-schwarz","12":"first","13":"instock","14":"sale","15":"taxable","16":"shipping-taxable","17":"purchasable","18":"product-type-variable","19":"add-to-wishlist-before_image"},"exclude_global_add_ons":[],"addons":[],"acf":[],"_links":{"self":[{"href":"https:\/\/shop.kustom.ch\/it\/wp-json\/wp\/v2\/product\/580886"}],"collection":[{"href":"https:\/\/shop.kustom.ch\/it\/wp-json\/wp\/v2\/product"}],"about":[{"href":"https:\/\/shop.kustom.ch\/it\/wp-json\/wp\/v2\/types\/product"}],"wp:featuredmedia":[{"embeddable":true,"href":"https:\/\/shop.kustom.ch\/it\/wp-json\/wp\/v2\/media\/580899"}],"wp:attachment":[{"href":"https:\/\/shop.kustom.ch\/it\/wp-json\/wp\/v2\/media?parent=580886"}],"wp:term":[{"taxonomy":"product_brand","embeddable":true,"href":"https:\/\/shop.kustom.ch\/it\/wp-json\/wp\/v2\/product_brand?post=580886"},{"taxonomy":"product_cat","embeddable":true,"href":"https:\/\/shop.kustom.ch\/it\/wp-json\/wp\/v2\/product_cat?post=580886"},{"taxonomy":"product_tag","embeddable":true,"href":"https:\/\/shop.kustom.ch\/it\/wp-json\/wp\/v2\/product_tag?post=580886"}],"curies":[{"name":"wp","href":"https:\/\/api.w.org\/{rel}","templated":true}]}}