{"id":580666,"date":"2025-03-04T09:16:12","date_gmt":"2025-03-04T08:16:12","guid":{"rendered":"https:\/\/shop.kustom.ch\/?post_type=product&#038;p=580666"},"modified":"2026-03-31T08:29:25","modified_gmt":"2026-03-31T07:29:25","slug":"handwerker-arbeitshose-4-wege-stretch","status":"publish","type":"product","link":"https:\/\/shop.kustom.ch\/it\/prodotto\/handwerker-arbeitshose-4-wege-stretch\/","title":{"rendered":"Pantaloni da lavoro artigianali elasticizzati in 4 direzioni"},"content":{"rendered":"<p>I pantaloni artigianali sono realizzati in un leggero tessuto elasticizzato in 4 direzioni che offre il massimo comfort. I pantaloni hanno un taglio pi\u00f9 stretto e un aspetto pi\u00f9 aderente. I pantaloni sono dotati di tasche per ginocchiere elasticizzate CORDURA\u00ae con apertura sul fondo, tasche per fondine, una con cerniera, tasche posteriori con soffietti, una con cerniera, una tasca per righello e un passante per portamartello su entrambi i lati. L'inserto in rete sul retro delle ginocchia garantisce una migliore ventilazione, molto apprezzata nelle giornate pi\u00f9 lunghe e faticose.<\/p>\n<p>CHIUSURA: polsino con bottone a pressione. DETTAGLI: Tasca per carte d'identit\u00e0 staccabile. Bottoni in metallo. Portacoltelli con bottone. Doppia cucitura sul cavallo. Zip in plastica sul cavallo. Due passanti sui lati con bottone per il portamartello. Anello a D in vita. FUNZIONALIT\u00c0: 4 vie elasticizzate. PROPRIET\u00c0 PRINCIPALI: Lavoratore da giardino. EN 14004. REFLEX: Dettagli riflettenti sulla gamba. TESSUTO: Disponibile per uomo e donna. verde. Tasche per ginocchiere. Artigianale. TASCHE: Tasca sulla gamba con soffietto, tasca con patta e penna, tasca supplementare, tasca per cellulare e tasca per carta d'identit\u00e0. Tasche posteriori rinforzate con soffietti. Tasche esterne per ginocchiere. Tasche per i chiodi - con portautensili e tasca supplementare con cerniera. Tasche con soffietto, portapenne e portacoltelli. Patta con bottone magnetico nascosto. Tasche laterali. Tasca rinforzata per regolo pieghevole con portacoltelli e portapenne. ISTRUZIONI DI LAVAGGIO: Non centrifugare. RINFORZO: Rinforzo in CORDURA\u00ae su tasche appese, tasche posteriori, tasca porta metro, tasche sulle gambe, ginocchia e bordo inferiore. CERTIFICAZIONE: EN 14404:2004+A1:2010 insieme alle ginocchiere 4027, 4057, 4058 e 4032.<\/p>\n<p>Poliammide 92%, elastan 8%, doppio tessuto, elasticizzato in 4 direzioni, 230 g\/m\u00b2.<\/p>","protected":false},"excerpt":{"rendered":"<p>Die Handwerkerhose besteht aus einem leichten 4-Wege-Stretch Stoff, der den ultimativen Komfort liefert. Die Hose ist schmaler geschnitten und sieht enger aus. Die Hose besitzt CORDURA\u00ae-Stretch Kniepolstertaschen mit \u00d6ffnung an der Unterseite, Holstertaschen, eine davon mit Reissverschluss, Ges\u00e4sstaschen mit Balg, eine davon mit Reissverschluss, eine Zollstocktasche und eine Schlaufe f\u00fcr Hammerhalter an beiden Seiten. Der [&hellip;]<\/p>\n","protected":false},"featured_media":580712,"template":"","meta":[],"product_brand":[],"product_cat":[4185],"product_tag":[],"class_list":{"0":"post-580666","1":"product","2":"type-product","3":"status-publish","4":"has-post-thumbnail","6":"product_cat-hosen","7":"pa_brand-blaklaeder","8":"pa_brand-type-workwear","9":"pa_filter-color-blau","10":"pa_filter-color-gelb","11":"pa_filter-color-grau","12":"pa_filter-color-gruen","13":"pa_filter-color-rot","14":"pa_filter-color-schwarz","16":"first","17":"instock","18":"sale","19":"taxable","20":"shipping-taxable","21":"purchasable","22":"product-type-variable","23":"add-to-wishlist-before_image"},"exclude_global_add_ons":[],"addons":[],"acf":[],"_links":{"self":[{"href":"https:\/\/shop.kustom.ch\/it\/wp-json\/wp\/v2\/product\/580666"}],"collection":[{"href":"https:\/\/shop.kustom.ch\/it\/wp-json\/wp\/v2\/product"}],"about":[{"href":"https:\/\/shop.kustom.ch\/it\/wp-json\/wp\/v2\/types\/product"}],"wp:featuredmedia":[{"embeddable":true,"href":"https:\/\/shop.kustom.ch\/it\/wp-json\/wp\/v2\/media\/580712"}],"wp:attachment":[{"href":"https:\/\/shop.kustom.ch\/it\/wp-json\/wp\/v2\/media?parent=580666"}],"wp:term":[{"taxonomy":"product_brand","embeddable":true,"href":"https:\/\/shop.kustom.ch\/it\/wp-json\/wp\/v2\/product_brand?post=580666"},{"taxonomy":"product_cat","embeddable":true,"href":"https:\/\/shop.kustom.ch\/it\/wp-json\/wp\/v2\/product_cat?post=580666"},{"taxonomy":"product_tag","embeddable":true,"href":"https:\/\/shop.kustom.ch\/it\/wp-json\/wp\/v2\/product_tag?post=580666"}],"curies":[{"name":"wp","href":"https:\/\/api.w.org\/{rel}","templated":true}]}}