{"id":580640,"date":"2025-03-04T09:15:35","date_gmt":"2025-03-04T08:15:35","guid":{"rendered":"https:\/\/shop.kustom.ch\/?post_type=product&#038;p=580640"},"modified":"2026-03-31T08:29:18","modified_gmt":"2026-03-31T07:29:18","slug":"handwerker-piratenhose-4-wege-stretch","status":"publish","type":"product","link":"https:\/\/shop.kustom.ch\/it\/prodotto\/handwerker-piratenhose-4-wege-stretch\/","title":{"rendered":"Pantaloni pirata artigianali elasticizzati in 4 direzioni"},"content":{"rendered":"<p>Pantaloni da pirata realizzati in un materiale stretch a 4 vie leggermente pi\u00f9 sottile che offre il massimo comfort. I pantaloni da pirata sono dotati di tasche per ginocchiere in CORDURA\u00ae stretch con apertura sul fondo, tasche per chiodi, di cui una con cerniera, tasche posteriori con soffietti, una tasca per regolo pieghevole e un passante per portamartello sul lato destro e sinistro.<\/p>\n<p>DETTAGLI: Tasca per carte d'identit\u00e0 staccabile. Bottoni in metallo. Portacoltelli con bottone. Cucitura al cavallo con doppia cucitura. Zip in plastica sul cavallo. Ampio passante sul retro. Anello a D in vita. FUNZIONALIT\u00c0: stretch a 4 vie. PROPRIET\u00c0 PRINCIPALI: Lavoratore di magazzino. Uomo. EN 14004. REFLEX: dettagli riflettenti sulla gamba. TESSUTO: blu. Tasche per ginocchiere. Artigianale. TASCHE: Tasca sulla gamba con soffietto, tasca con patta e penna, tasca supplementare, tasca per cellulare e tasca per carta d'identit\u00e0. Tasche posteriori rinforzate con soffietti. Tasche esterne per ginocchiere. Tasche per i chiodi - con portautensili e tasca supplementare con cerniera. Tasche con soffietto, portapenne e portacoltelli. Patta con bottone magnetico nascosto. Tasche laterali. Tasca rinforzata per regolo pieghevole con portacoltelli e portapenne. ISTRUZIONI DI LAVAGGIO: Non stirare. RINFORZO: tasche per ginocchiere in Cordura\u00ae elasticizzata. CERTIFICAZIONE: EN 14404:2004+A1:2010 insieme alle ginocchiere 4027, 4057, 4058 e 4032.<\/p>\n<p>Poliammide 92%, elastan 8%, doppio tessuto, elasticizzato in 4 direzioni, 230 g\/m\u00b2.<\/p>","protected":false},"excerpt":{"rendered":"<p>Eine Piratenhose aus einem etwas d\u00fcnneren 4-Wege-Stretch-Material, das ultimativen Komfort bietet. Die Piratenhose verf\u00fcgt \u00fcber Kniepolstertaschen aus CORDURA\u00ae-Stretch mit \u00d6ffnung an der Unterseite, Nageltaschen, eine davon mit Reissverschluss, Ges\u00e4sstaschen mit Balg, eine Zollstocktasche und eine Schlaufe f\u00fcr Hammerhalter auf der linken und rechten Seite. DETAILS: Abnehmbare Ausweistasche. Metallkn\u00f6pfe. Messerhalter mit Knopf. Schrittnaht als Zweifachnaht. Kunststoff-Reissverschluss [&hellip;]<\/p>\n","protected":false},"featured_media":580687,"template":"","meta":[],"product_brand":[],"product_cat":[4198],"product_tag":[],"class_list":{"0":"post-580640","1":"product","2":"type-product","3":"status-publish","4":"has-post-thumbnail","6":"product_cat-shorts","7":"pa_brand-blaklaeder","8":"pa_brand-type-workwear","9":"pa_filter-color-blau","10":"pa_filter-color-grau","11":"pa_filter-color-schwarz","13":"first","14":"instock","15":"sale","16":"taxable","17":"shipping-taxable","18":"purchasable","19":"product-type-variable","20":"add-to-wishlist-before_image"},"exclude_global_add_ons":[],"addons":[],"acf":[],"_links":{"self":[{"href":"https:\/\/shop.kustom.ch\/it\/wp-json\/wp\/v2\/product\/580640"}],"collection":[{"href":"https:\/\/shop.kustom.ch\/it\/wp-json\/wp\/v2\/product"}],"about":[{"href":"https:\/\/shop.kustom.ch\/it\/wp-json\/wp\/v2\/types\/product"}],"wp:featuredmedia":[{"embeddable":true,"href":"https:\/\/shop.kustom.ch\/it\/wp-json\/wp\/v2\/media\/580687"}],"wp:attachment":[{"href":"https:\/\/shop.kustom.ch\/it\/wp-json\/wp\/v2\/media?parent=580640"}],"wp:term":[{"taxonomy":"product_brand","embeddable":true,"href":"https:\/\/shop.kustom.ch\/it\/wp-json\/wp\/v2\/product_brand?post=580640"},{"taxonomy":"product_cat","embeddable":true,"href":"https:\/\/shop.kustom.ch\/it\/wp-json\/wp\/v2\/product_cat?post=580640"},{"taxonomy":"product_tag","embeddable":true,"href":"https:\/\/shop.kustom.ch\/it\/wp-json\/wp\/v2\/product_tag?post=580640"}],"curies":[{"name":"wp","href":"https:\/\/api.w.org\/{rel}","templated":true}]}}