{"id":580619,"date":"2025-03-04T09:15:31","date_gmt":"2025-03-04T08:15:31","guid":{"rendered":"https:\/\/shop.kustom.ch\/?post_type=product&#038;p=580619"},"modified":"2026-03-31T08:29:13","modified_gmt":"2026-03-31T07:29:13","slug":"handwerker-shorts-4-wege-stretch","status":"publish","type":"product","link":"https:\/\/shop.kustom.ch\/it\/prodotto\/handwerker-shorts-4-wege-stretch\/","title":{"rendered":"Pantaloncini artigianali elasticizzati in 4 direzioni"},"content":{"rendered":"<p>La versione a pantaloncino dei pantaloni artigianali 1522, con un materiale leggermente pi\u00f9 leggero ed elasticizzato in 4 direzioni che offre il massimo del comfort. I pantaloncini hanno una vestibilit\u00e0 pi\u00f9 stretta e un aspetto pi\u00f9 aderente. Dispone di tasche appese, di cui una con cerniera, tasche posteriori con soffietto, di cui una con cerniera, una tasca per il metro pieghevole e un passante per il portamartello sul lato destro e sinistro. \u00c8 il capo d'abbigliamento artigianale perfetto per le giornate calde. <\/p>\n<p>DETTAGLI: Tasca per carte d'identit\u00e0 staccabile. Bottoni in metallo. Portacoltelli con bottone. Cucitura al cavallo con doppia cucitura. Zip in plastica sul cavallo. Ampio passante sul retro. Anello a D in vita. FUNZIONALIT\u00c0: stretch a 4 vie. CARATTERISTICHE PRINCIPALI: Elettricista. Uomo. TESSUTO: Uomo. blu. Inserto elasticizzato. Artigianale. TASCHE: Tasca sulla gamba con soffietto, tasca con patta e penna, tasca aggiuntiva, tasca per cellulare e tasca per carta d'identit\u00e0. Tasche posteriori rinforzate con soffietti. Tasche per le unghie - con portautensili e tasca supplementare con cerniera. Tasche con soffietto, portapenne e portacoltelli. Patta con bottone magnetico nascosto. Tasche laterali. Tasca rinforzata per regolo pieghevole con portacoltelli e portapenne. ISTRUZIONI DI LAVAGGIO: Non centrifugare. RINFORZO: Tasche appese rinforzate in CORDURA\u00ae, tasche posteriori, tasca per il righello, tasche sulle gambe.<\/p>\n<p>Poliammide 92%, elastan 8%, doppio tessuto, elasticizzato in 4 direzioni, 230 g\/m\u00b2.<\/p>","protected":false},"excerpt":{"rendered":"<p>Die Shorts-Version der Handwerkerhose 1522. Sie hat ein etwas leichteres Material aus 4-Wege-Stretch, das wirklich den ultimativen Komfort bietet. Die Shorts hat eine schmalere Passform und einen engeren Look. Sie hat H\u00e4ngetaschen, davon eine mit Reissverschluss, Ges\u00e4sstaschen mit Balg, davon eine mit Reissverschluss, eine Zollstocktasche und eine Schlaufe f\u00fcr Hammerhalter auf der linken und rechten [&hellip;]<\/p>\n","protected":false},"featured_media":580660,"template":"","meta":[],"product_brand":[],"product_cat":[4198],"product_tag":[],"class_list":{"0":"post-580619","1":"product","2":"type-product","3":"status-publish","4":"has-post-thumbnail","6":"product_cat-shorts","7":"pa_brand-blaklaeder","8":"pa_brand-type-workwear","9":"pa_filter-color-blau","10":"pa_filter-color-grau","11":"pa_filter-color-schwarz","13":"first","14":"instock","15":"sale","16":"taxable","17":"shipping-taxable","18":"purchasable","19":"product-type-variable","20":"add-to-wishlist-before_image"},"exclude_global_add_ons":[],"addons":[],"acf":[],"_links":{"self":[{"href":"https:\/\/shop.kustom.ch\/it\/wp-json\/wp\/v2\/product\/580619"}],"collection":[{"href":"https:\/\/shop.kustom.ch\/it\/wp-json\/wp\/v2\/product"}],"about":[{"href":"https:\/\/shop.kustom.ch\/it\/wp-json\/wp\/v2\/types\/product"}],"wp:featuredmedia":[{"embeddable":true,"href":"https:\/\/shop.kustom.ch\/it\/wp-json\/wp\/v2\/media\/580660"}],"wp:attachment":[{"href":"https:\/\/shop.kustom.ch\/it\/wp-json\/wp\/v2\/media?parent=580619"}],"wp:term":[{"taxonomy":"product_brand","embeddable":true,"href":"https:\/\/shop.kustom.ch\/it\/wp-json\/wp\/v2\/product_brand?post=580619"},{"taxonomy":"product_cat","embeddable":true,"href":"https:\/\/shop.kustom.ch\/it\/wp-json\/wp\/v2\/product_cat?post=580619"},{"taxonomy":"product_tag","embeddable":true,"href":"https:\/\/shop.kustom.ch\/it\/wp-json\/wp\/v2\/product_tag?post=580619"}],"curies":[{"name":"wp","href":"https:\/\/api.w.org\/{rel}","templated":true}]}}