{"id":580594,"date":"2025-03-04T09:14:54","date_gmt":"2025-03-04T08:14:54","guid":{"rendered":"https:\/\/shop.kustom.ch\/?post_type=product&#038;p=580594"},"modified":"2026-03-31T08:29:11","modified_gmt":"2026-03-31T07:29:11","slug":"winterhose","status":"publish","type":"product","link":"https:\/\/shop.kustom.ch\/it\/prodotto\/winterhose\/","title":{"rendered":"Pantaloni invernali"},"content":{"rendered":"<p>Tenetevi caldi ed eleganti in inverno con un classico look artigianale. I nostri pantaloni da artigiano, foderati in modo caldo, sono dotati di dettagli intelligenti come i passanti extra larghi e la cintura allungata sul retro. Tasca rinforzata per il righello con portapenne e portacoltelli. I pantaloni sono dotati di tasche per ginocchiere e di una zip in metallo.<\/p>\n<p>DETTAGLI: Tasca per carte d'identit\u00e0. Passante per martello sul lato. Bottoni in metallo. Cucitura interna della gamba con tripla impuntura. Zip in metallo sul cavallo. Passanti, uno con anello a D. Vita alta sul retro. FUNZIONALIT\u00c0: Caldamente foderato. CARATTERISTICHE PRINCIPALI: Meccanico. EN 14004. TESSUTO: Uomo. blu. Tasche per ginocchiere. Artigianale. TASCHE: Tasca sulla gamba con soffietto, tasca con patta e penna, tasca supplementare, tasca per cellulare e tasca per carta d'identit\u00e0. Tasche posteriori con soffietto. Tasche per ginocchiere. Tasche per chiodi - con scomparti per cacciaviti e passanti per attrezzi che possono essere inseriti nelle tasche anteriori con soffietto. Tasche anteriori con soffietto. Tasca per regolo pieghevole con portacoltelli e portapenne. ISTRUZIONI DI LAVAGGIO: Lavaggio a secco - P normale. RINFORZO: Ginocchia e tasche posteriori rinforzate in CORDURA\u00ae. CERTIFICAZIONE: EN 14404:2004+A1:2010 insieme alle ginocchiere 4027, 4057, 4058 e 4032.<\/p>\n<p>100% Cotone, twill, 370 g\/m\u00b2<\/p>","protected":false},"excerpt":{"rendered":"<p>Behalte W\u00e4rme und Style im Winter mit einem klassischen Handwerker-Look. Unsere warm gef\u00fctterte Handwerkerhose hat geschickte Details, wie extra breite Schlaufen und einen verl\u00e4ngerten Bund am R\u00fccken. Verst\u00e4rkte Zollstocktasche mit Stifttasche und Messerhalter. Die Hose ist mit Kniepolstertaschen und Metallreissverschluss ausgestattet. DETAILS: Ausweistasche. Hammerschlaufe an der Seite. Metallkn\u00f6pfe. Innenbeinnaht mit 3-fach-Naht. Metall-Reissverschluss im Schritt. Schlaufen, [&hellip;]<\/p>\n","protected":false},"featured_media":580657,"template":"","meta":[],"product_brand":[],"product_cat":[4185],"product_tag":[],"class_list":{"0":"post-580594","1":"product","2":"type-product","3":"status-publish","4":"has-post-thumbnail","6":"product_cat-hosen","7":"pa_brand-blaklaeder","8":"pa_brand-type-workwear","9":"pa_filter-color-blau","10":"pa_filter-color-schwarz","12":"first","13":"instock","14":"sale","15":"taxable","16":"shipping-taxable","17":"purchasable","18":"product-type-variable","19":"add-to-wishlist-before_image"},"exclude_global_add_ons":[],"addons":[],"acf":[],"_links":{"self":[{"href":"https:\/\/shop.kustom.ch\/it\/wp-json\/wp\/v2\/product\/580594"}],"collection":[{"href":"https:\/\/shop.kustom.ch\/it\/wp-json\/wp\/v2\/product"}],"about":[{"href":"https:\/\/shop.kustom.ch\/it\/wp-json\/wp\/v2\/types\/product"}],"wp:featuredmedia":[{"embeddable":true,"href":"https:\/\/shop.kustom.ch\/it\/wp-json\/wp\/v2\/media\/580657"}],"wp:attachment":[{"href":"https:\/\/shop.kustom.ch\/it\/wp-json\/wp\/v2\/media?parent=580594"}],"wp:term":[{"taxonomy":"product_brand","embeddable":true,"href":"https:\/\/shop.kustom.ch\/it\/wp-json\/wp\/v2\/product_brand?post=580594"},{"taxonomy":"product_cat","embeddable":true,"href":"https:\/\/shop.kustom.ch\/it\/wp-json\/wp\/v2\/product_cat?post=580594"},{"taxonomy":"product_tag","embeddable":true,"href":"https:\/\/shop.kustom.ch\/it\/wp-json\/wp\/v2\/product_tag?post=580594"}],"curies":[{"name":"wp","href":"https:\/\/api.w.org\/{rel}","templated":true}]}}