{"id":580524,"date":"2025-03-04T09:14:07","date_gmt":"2025-03-04T08:14:07","guid":{"rendered":"https:\/\/shop.kustom.ch\/?post_type=product&#038;p=580524"},"modified":"2026-03-31T08:29:10","modified_gmt":"2026-03-31T07:29:10","slug":"x1500-maler-arbeitshose","status":"publish","type":"product","link":"https:\/\/shop.kustom.ch\/it\/prodotto\/x1500-maler-arbeitshose\/","title":{"rendered":"X1500 Pantaloni da lavoro per imbianchino"},"content":{"rendered":"<p>Pantaloni da lavoro per imbianchini X1500. Questi robusti pantaloni da pittore combinano un design moderno con funzioni e rinforzi ben studiati per l'uso quotidiano. Questi pantaloni sono stati sviluppati per muratori e imbianchini, con doppi strati di tessuto sulla coscia e tasche speciali per attrezzi come pennelli e spatole.<\/p>\n<p>CHIUSURA: polsini regolabili con coulisse e rinforzo in CORDURA\u00ae. DETTAGLI: Tasca per carte d'identit\u00e0 staccabile. Passante per martello sul lato. Bottoni in metallo. Passanti, uno con anello a D. FUNZIONALIT\u00c0: Gambe dei pantaloni particolarmente ergonomiche. CARATTERISTICHE PRINCIPALI: Vernice. EN 14004. TESSUTO: Uomo. grigio. Tasche a chiodo. Verniciatore. TASCHE: Tasca sulla coscia con zip. Tasche posteriori a soffietto. Tasche per ginocchiere. Tasche per i chiodi - con passanti per gli strumenti di verniciatura. Possono essere infilate nei pantaloni. Tasche oblique. ISTRUZIONI DI LAVAGGIO: asciugare in asciugatrice - a bassa temperatura. RINFORZO: rinforzo in CORDURA\u00ae su tasche anteriori, tasche posteriori, tasca del righello, tasche delle gambe, ginocchia e bordo inferiore. CERTIFICAZIONE: EN 14404:2004+A1:2010 insieme alle ginocchiere 4027, 4057, 4058 e 4032.<\/p>\n<p>100% Cotone, twill, 320 g\/m\u00b2<\/p>","protected":false},"excerpt":{"rendered":"<p>X1500 Maler Arbeitshose. Diese robuste Malerhose kombiniert modernes Design mit durchdachten Funktionen und Verst\u00e4rkungen f\u00fcr den t\u00e4glichen Einsatz. Diese Hose wurde f\u00fcr Maurer und Maler entwickelt, mit doppelten Stofflagen am Oberschenkel und speziellen Taschen f\u00fcr Werkzeug, wie Pinsel und Spachtel. ABSCHLUSS: Verstellbare Beinabschl\u00fcsse mit Kordelzug und CORDURA\u00ae-Verst\u00e4rkung. DETAILS: Abnehmbare Ausweistasche. Hammerschlaufe an der Seite. Metallkn\u00f6pfe. [&hellip;]<\/p>\n","protected":false},"featured_media":580568,"template":"","meta":[],"product_brand":[],"product_cat":[4185],"product_tag":[],"class_list":{"0":"post-580524","1":"product","2":"type-product","3":"status-publish","4":"has-post-thumbnail","6":"product_cat-hosen","7":"pa_brand-blaklaeder","8":"pa_brand-type-workwear","9":"pa_filter-color-grau","10":"pa_filter-color-weiss","12":"first","13":"instock","14":"sale","15":"taxable","16":"shipping-taxable","17":"purchasable","18":"product-type-variable","19":"add-to-wishlist-before_image"},"exclude_global_add_ons":[],"addons":[],"acf":[],"_links":{"self":[{"href":"https:\/\/shop.kustom.ch\/it\/wp-json\/wp\/v2\/product\/580524"}],"collection":[{"href":"https:\/\/shop.kustom.ch\/it\/wp-json\/wp\/v2\/product"}],"about":[{"href":"https:\/\/shop.kustom.ch\/it\/wp-json\/wp\/v2\/types\/product"}],"wp:featuredmedia":[{"embeddable":true,"href":"https:\/\/shop.kustom.ch\/it\/wp-json\/wp\/v2\/media\/580568"}],"wp:attachment":[{"href":"https:\/\/shop.kustom.ch\/it\/wp-json\/wp\/v2\/media?parent=580524"}],"wp:term":[{"taxonomy":"product_brand","embeddable":true,"href":"https:\/\/shop.kustom.ch\/it\/wp-json\/wp\/v2\/product_brand?post=580524"},{"taxonomy":"product_cat","embeddable":true,"href":"https:\/\/shop.kustom.ch\/it\/wp-json\/wp\/v2\/product_cat?post=580524"},{"taxonomy":"product_tag","embeddable":true,"href":"https:\/\/shop.kustom.ch\/it\/wp-json\/wp\/v2\/product_tag?post=580524"}],"curies":[{"name":"wp","href":"https:\/\/api.w.org\/{rel}","templated":true}]}}