{"id":580105,"date":"2025-03-04T09:08:59","date_gmt":"2025-03-04T08:08:59","guid":{"rendered":"https:\/\/shop.kustom.ch\/?post_type=product&#038;p=580105"},"modified":"2026-03-31T08:28:58","modified_gmt":"2026-03-31T07:28:58","slug":"handwerker-arbeitshose-x1500","status":"publish","type":"product","link":"https:\/\/shop.kustom.ch\/it\/prodotto\/handwerker-arbeitshose-x1500\/","title":{"rendered":"Pantaloni da lavoro Craftsman X1500"},"content":{"rendered":"<p>Scoprite il nuovo, estremo CORDURA\u00ae Denim X1500: sembra un paio di jeans, si indossa come un paio di jeans, ma \u00e8 4 volte pi\u00f9 resistente! E presenta le stesse caratteristiche e gli stessi dettagli collaudati di tutti i pantaloni X1500.<\/p>\n<p>CHIUSURA: polsini regolabili con coulisse e rinforzo in CORDURA\u00ae. DETTAGLI: Tasca per carte d'identit\u00e0 staccabile. Cucitura interna della gamba con tripla impuntura. Abbottonatura sul cavallo. Passanti, uno con anello a D. FUNZIONALIT\u00c0: Gambe dei pantaloni particolarmente ergonomiche. PROPRIET\u00c0 PRINCIPALI: Lavoratore in cemento. EN 14004. TESSUTO: Uomo. nero. Tasche per ginocchiere. Artigianale. TASCHE: Tasca sulla gamba con doppia tasca con zip, tasca portapenne e tasca interna portacellulare in rete. Tasca sulla coscia con cerniera. Tasche posteriori a soffietto. Tasche per ginocchiere. Tasche per chiodi - con passanti per attrezzi, possono essere infilate nei pantaloni. Tasche anteriori oblique. Tasca extra larga per regolo pieghevole rinforzata in CORDURA\u00ae con portapenne e portacoltelli. ISTRUZIONI DI LAVAGGIO: Asciugatrice - bassa. RINFORZO: Rinforzo in CORDURA\u00ae su tasche appese, tasche posteriori, tasca porta metro, tasche sulle gambe, ginocchia e bordo inferiore. CERTIFICAZIONE: EN 14404:2004+A1:2010 insieme alle ginocchiere 4027, 4057, 4058 e 4032.<\/p>\n<p>88% cotone, 12% poliammide, denim, rivestito, CORDURA\u00ae denim, 375g\/m\u00b2<\/p>","protected":false},"excerpt":{"rendered":"<p>Entdecken Sie die neue, extreme CORDURA\u00ae Denim X1500: Sie sieht aus wie eine Jeans, tr\u00e4gt sich wie eine Jeans, ist aber 4 x st\u00e4rker! Und hat die selben, bew\u00e4hrten Funktionen und Details wie alle X1500-Hosen. ABSCHLUSS: Verstellbare Beinabschl\u00fcsse mit Kordelzug und CORDURA\u00ae-Verst\u00e4rkung. DETAILS: Abnehmbare Ausweistasche. Innenbeinnaht mit 3-fach-Naht. Knopfleiste im Schritt. Schlaufen, davon eine mit [&hellip;]<\/p>\n","protected":false},"featured_media":580134,"template":"","meta":[],"product_brand":[],"product_cat":[4185],"product_tag":[],"class_list":{"0":"post-580105","1":"product","2":"type-product","3":"status-publish","4":"has-post-thumbnail","6":"product_cat-hosen","7":"pa_brand-blaklaeder","8":"pa_brand-type-workwear","9":"pa_filter-color-beige","10":"pa_filter-color-blau","11":"pa_filter-color-grau","12":"pa_filter-color-gruen","13":"pa_filter-color-schwarz","15":"first","16":"instock","17":"sale","18":"taxable","19":"shipping-taxable","20":"purchasable","21":"product-type-variable","22":"add-to-wishlist-before_image"},"exclude_global_add_ons":[],"addons":[],"acf":[],"_links":{"self":[{"href":"https:\/\/shop.kustom.ch\/it\/wp-json\/wp\/v2\/product\/580105"}],"collection":[{"href":"https:\/\/shop.kustom.ch\/it\/wp-json\/wp\/v2\/product"}],"about":[{"href":"https:\/\/shop.kustom.ch\/it\/wp-json\/wp\/v2\/types\/product"}],"wp:featuredmedia":[{"embeddable":true,"href":"https:\/\/shop.kustom.ch\/it\/wp-json\/wp\/v2\/media\/580134"}],"wp:attachment":[{"href":"https:\/\/shop.kustom.ch\/it\/wp-json\/wp\/v2\/media?parent=580105"}],"wp:term":[{"taxonomy":"product_brand","embeddable":true,"href":"https:\/\/shop.kustom.ch\/it\/wp-json\/wp\/v2\/product_brand?post=580105"},{"taxonomy":"product_cat","embeddable":true,"href":"https:\/\/shop.kustom.ch\/it\/wp-json\/wp\/v2\/product_cat?post=580105"},{"taxonomy":"product_tag","embeddable":true,"href":"https:\/\/shop.kustom.ch\/it\/wp-json\/wp\/v2\/product_tag?post=580105"}],"curies":[{"name":"wp","href":"https:\/\/api.w.org\/{rel}","templated":true}]}}