{"id":579995,"date":"2025-03-04T09:07:36","date_gmt":"2025-03-04T08:07:36","guid":{"rendered":"https:\/\/shop.kustom.ch\/?post_type=product&#038;p=579995"},"modified":"2026-03-31T08:26:47","modified_gmt":"2026-03-31T07:26:47","slug":"service-arbeitshose-denim-stretch-3","status":"publish","type":"product","link":"https:\/\/shop.kustom.ch\/it\/prodotto\/service-arbeitshose-denim-stretch-3\/","title":{"rendered":"Pantaloni da lavoro in denim stretch"},"content":{"rendered":"<p>Pantaloni da lavoro elasticizzati in denim. Per un taglio ottimale e un comfort perfetto, i pantaloni sono dotati di inserti elasticizzati sui polpacci e sul cavallo, nonch\u00e9 di tasche per ginocchiere in CORDURA\u00ae stretch che possono essere riempite dall'alto. Dettagli accuratamente selezionati, come i discreti profili riflettenti e la tasca per il cellulare con una leggera fodera in rete, fanno di questi pantaloni il compagno perfetto per il lavoro di tutti i giorni. <\/p>\n<p>CHIUSURA: Polsini delle gambe regolabili con bottoni. DETTAGLI: Anello a D. Passante per martello sul lato. Bottoni in metallo. Zip in metallo sul cavallo. FUNZIONALIT\u00c0: Inserto elasticizzato sulla tasca del ginocchio e sul polpaccio. Gambe dei pantaloni particolarmente ergonomiche. PROPRIET\u00c0 PRINCIPALI: Lavoratore di magazzino. EN 14004. REFLEX: Dettagli riflettenti. TESSUTO: Uomo. nero. Stretch. Stretch. TASCHE: Due tasche sulla gamba con pattina. Una con tasca per penne e tasca interna per cellulare in rete, una con tasca per penne e coltelli e apertura per regolo pieghevole. Tasche posteriori. Tasche per ginocchiere - parte superiore con copertura e chiusura a velcro. Materiale elasticizzato all'esterno e all'interno per una migliore vestibilit\u00e0 ergonomica. Tasche laterali. ISTRUZIONI DI LAVAGGIO: Stiratura bassa. RINFORZO: tasche per ginocchiere rinforzate in Cordura\u00ae stretch. CERTIFICAZIONE: EN 14404:2004+A1:2010 insieme alle ginocchiere 4027 e 4057.<\/p>\n<p>55% cotone, 15% poliammide, 30% poliestere, denim, rivestito, CORDURA\u00ae denim, stretch, 340 g\/m\u00b2<\/p>","protected":false},"excerpt":{"rendered":"<p>Denim Stretch Service Arbeitshose aus Jeansstoff. F\u00fcr einen optimalen Schnitt und perfekten Tragekomfort hat die Bundhose Stretch-Eins\u00e4tze an den Waden und im Schritt, so wie von oben zu f\u00fcllende Kniepolstertaschen aus CORDURA\u00ae-Stretch. Sorgf\u00e4ltig gew\u00e4hlte Details, wie zum Beispiel, diskrete Reflexpaspeln und eine Handytasche aus leichtem Netzfutter machen diese Bundhose zu einem passenden Begleiter im Arbeitsalltag. [&hellip;]<\/p>\n","protected":false},"featured_media":580013,"template":"","meta":[],"product_brand":[],"product_cat":[4185],"product_tag":[],"class_list":{"0":"post-579995","1":"product","2":"type-product","3":"status-publish","4":"has-post-thumbnail","6":"product_cat-hosen","7":"pa_brand-blaklaeder","8":"pa_brand-type-workwear","9":"pa_filter-color-blau","10":"pa_filter-color-schwarz","12":"first","13":"instock","14":"sale","15":"taxable","16":"shipping-taxable","17":"purchasable","18":"product-type-variable","19":"add-to-wishlist-before_image"},"exclude_global_add_ons":[],"addons":[],"acf":[],"_links":{"self":[{"href":"https:\/\/shop.kustom.ch\/it\/wp-json\/wp\/v2\/product\/579995"}],"collection":[{"href":"https:\/\/shop.kustom.ch\/it\/wp-json\/wp\/v2\/product"}],"about":[{"href":"https:\/\/shop.kustom.ch\/it\/wp-json\/wp\/v2\/types\/product"}],"wp:featuredmedia":[{"embeddable":true,"href":"https:\/\/shop.kustom.ch\/it\/wp-json\/wp\/v2\/media\/580013"}],"wp:attachment":[{"href":"https:\/\/shop.kustom.ch\/it\/wp-json\/wp\/v2\/media?parent=579995"}],"wp:term":[{"taxonomy":"product_brand","embeddable":true,"href":"https:\/\/shop.kustom.ch\/it\/wp-json\/wp\/v2\/product_brand?post=579995"},{"taxonomy":"product_cat","embeddable":true,"href":"https:\/\/shop.kustom.ch\/it\/wp-json\/wp\/v2\/product_cat?post=579995"},{"taxonomy":"product_tag","embeddable":true,"href":"https:\/\/shop.kustom.ch\/it\/wp-json\/wp\/v2\/product_tag?post=579995"}],"curies":[{"name":"wp","href":"https:\/\/api.w.org\/{rel}","templated":true}]}}