{"id":579820,"date":"2025-03-04T09:05:43","date_gmt":"2025-03-04T08:05:43","guid":{"rendered":"https:\/\/shop.kustom.ch\/?post_type=product&#038;p=579820"},"modified":"2026-03-31T08:26:38","modified_gmt":"2026-03-31T07:26:38","slug":"service-arbeitshose-mit-stretch-und-nageltaschen","status":"publish","type":"product","link":"https:\/\/shop.kustom.ch\/it\/prodotto\/service-arbeitshose-mit-stretch-und-nageltaschen\/","title":{"rendered":"Pantaloni da lavoro di servizio con tasche elasticizzate e chiodi"},"content":{"rendered":"<p>Pantaloni da lavoro funzionali in ripstop con tasche per chiodi rinforzate in CORDURA\u00ae. I pantaloni sono dotati di inserti elasticizzati sui polpacci e sul cavallo per un taglio ottimale e un comfort perfetto. Tasche per ginocchiere con riempimento superiore in CORDURA\u00ae stretch. Dettagli accuratamente selezionati, come i discreti profili riflettenti, la tasca per il cellulare con fodera in rete leggera, la tasca per il metro pieghevole con supporto per il calibro digitale e il pratico portacoltelli, fanno di questi pantaloni il compagno perfetto per il lavoro quotidiano.<\/p>\n<p>CHIUSURA: Polsini delle gambe regolabili con bottoni. DETTAGLI: Anello a D. Passante per martello sul lato. Bottoni nascosti. Zip in plastica sul cavallo. FUNZIONALIT\u00c0: Inserti elasticizzati al cavallo, al polpaccio e tasca per ginocchiera. Gambe dei pantaloni particolarmente ergonomiche. PROPRIET\u00c0 PRINCIPALI: Meccanica. EN 14004. REFLEX: Dettagli riflettenti. TESSUTO: Uomo. Inserto elasticizzato. Unito. TASCHE: Tasca sulla gamba con soffietto, tasca portapenne e tasca portacellulare interna in rete. Tasche posteriori. Tasche per ginocchiere - parte superiore con copertura e chiusura a velcro. Materiale elasticizzato all'esterno e all'interno per una migliore vestibilit\u00e0 ergonomica. Tasche per le unghie. Tasche laterali. Tasca per righello con supporto per calibro digitale, tasca per coltello e penna. ISTRUZIONI DI LAVAGGIO: Non centrifugare. RINFORZO: tasche portachiodi rinforzate in CORDURA\u00ae. CERTIFICAZIONE: EN 14404:2004+A1:2010 insieme alle ginocchiere 4027 e 4057.<\/p>\n<p>Cotone 60%, poliestere 40%, ripstop 250g\/m\u00b2<\/p>","protected":false},"excerpt":{"rendered":"<p>Funktionelle Ripstop Service Arbeitshose mit CORDURA\u00ae-verst\u00e4rkten Nageltaschen. F\u00fcr einen optimalen Schnitt und perfekten Tragekomfort hat die Bundhose Stretch-Eins\u00e4tze an den Waden und im Schritt. Von oben zu f\u00fcllende Kniepolstertaschen aus CORDURA\u00ae-Stretch. Sorgf\u00e4ltig gew\u00e4hlte Details, wie zum Beispiel diskrete Reflexpaspeln, Handytasche aus leichtem Netzfutter, Zollstocktasche mit Halter f\u00fcr digitalen Messschieber und ein praktischer Messerhalter machen diese [&hellip;]<\/p>\n","protected":false},"featured_media":579826,"template":"","meta":[],"product_brand":[],"product_cat":[4185],"product_tag":[],"class_list":{"0":"post-579820","1":"product","2":"type-product","3":"status-publish","4":"has-post-thumbnail","6":"product_cat-hosen","7":"pa_brand-blaklaeder","8":"pa_brand-type-workwear","9":"pa_filter-color-blau","10":"pa_filter-color-gelb","12":"first","13":"instock","14":"sale","15":"taxable","16":"shipping-taxable","17":"purchasable","18":"product-type-variable","19":"add-to-wishlist-before_image"},"exclude_global_add_ons":[],"addons":[],"acf":[],"_links":{"self":[{"href":"https:\/\/shop.kustom.ch\/it\/wp-json\/wp\/v2\/product\/579820"}],"collection":[{"href":"https:\/\/shop.kustom.ch\/it\/wp-json\/wp\/v2\/product"}],"about":[{"href":"https:\/\/shop.kustom.ch\/it\/wp-json\/wp\/v2\/types\/product"}],"wp:featuredmedia":[{"embeddable":true,"href":"https:\/\/shop.kustom.ch\/it\/wp-json\/wp\/v2\/media\/579826"}],"wp:attachment":[{"href":"https:\/\/shop.kustom.ch\/it\/wp-json\/wp\/v2\/media?parent=579820"}],"wp:term":[{"taxonomy":"product_brand","embeddable":true,"href":"https:\/\/shop.kustom.ch\/it\/wp-json\/wp\/v2\/product_brand?post=579820"},{"taxonomy":"product_cat","embeddable":true,"href":"https:\/\/shop.kustom.ch\/it\/wp-json\/wp\/v2\/product_cat?post=579820"},{"taxonomy":"product_tag","embeddable":true,"href":"https:\/\/shop.kustom.ch\/it\/wp-json\/wp\/v2\/product_tag?post=579820"}],"curies":[{"name":"wp","href":"https:\/\/api.w.org\/{rel}","templated":true}]}}