{"id":579650,"date":"2025-03-04T09:04:15","date_gmt":"2025-03-04T08:04:15","guid":{"rendered":"https:\/\/shop.kustom.ch\/?post_type=product&#038;p=579650"},"modified":"2026-03-31T08:26:19","modified_gmt":"2026-03-31T07:26:19","slug":"service-arbeitshose-mit-stretch-2","status":"publish","type":"product","link":"https:\/\/shop.kustom.ch\/it\/prodotto\/service-arbeitshose-mit-stretch-2\/","title":{"rendered":"Pantaloni da lavoro con elastico"},"content":{"rendered":"<p>Pantaloni da lavoro in ripstop robusti e funzionali. Per un taglio ottimale e un comfort perfetto, i pantaloni sono dotati di inserti elasticizzati sui polpacci e sul cavallo, nonch\u00e9 di tasche per ginocchiere in CORDURA\u00ae stretch che possono essere riempite dall'alto. Dettagli accuratamente selezionati, come i discreti profili riflettenti, la tasca per il cellulare con fodera in rete leggera, la tasca per il righello e il pratico portacoltelli fanno di questi pantaloni il compagno perfetto per il lavoro quotidiano. <\/p>\n<p>CHIUSURA: Polsini delle gambe regolabili con bottoni. DETTAGLI: Anello a D. Passante per martello sul lato. Bottoni nascosti. Zip in plastica sul cavallo. FUNZIONALIT\u00c0: Inserti elasticizzati al cavallo, al polpaccio e tasca per ginocchiera. Gambe dei pantaloni particolarmente ergonomiche. PROPRIET\u00c0 PRINCIPALI: Potere pulente. EN 14004. REFLEX: Dettagli riflettenti. TESSUTO: Uomo. Tasche per ginocchiere. Unita. TASCHE: Tasca sulla gamba con soffietto, tasca portapenne e tasca portacellulare interna in rete. Tasche posteriori. Tasche per ginocchiere - parte superiore con copertura e chiusura a velcro. Materiale elasticizzato all'esterno e all'interno per una migliore vestibilit\u00e0 ergonomica. Tasche laterali. Tasca per regolo pieghevole con portacoltelli e portapenne. ISTRUZIONI DI LAVAGGIO: Stiratura bassa. RINFORZO: tasche per ginocchiere in Cordura\u00ae elasticizzato. CERTIFICAZIONE: EN 14404:2004+A1:2010 insieme alle ginocchiere 4027 e 4057.<\/p>\n<p>Cotone 60%, poliestere 40%, ripstop 250g\/m\u00b2<\/p>","protected":false},"excerpt":{"rendered":"<p>Robuste und funktionelle Ripstop Service Arbeitshose. F\u00fcr einen optimalen Schnitt und perfekten Tragekomfort hat die Bundhose Stretch-Eins\u00e4tze an den Waden und im Schritt, so wie von oben zu f\u00fcllende Kniepolstertaschen aus CORDURA\u00ae-Stretch. Sorgf\u00e4ltig gew\u00e4hlte Details, wie zum Beispiel, diskrete Reflexpaspeln, Handytasche aus leichtem Netzfutter, Zollstocktasche und ein praktischer Messerhalter machen diese Bundhose zu einem passenden [&hellip;]<\/p>\n","protected":false},"featured_media":579706,"template":"","meta":[],"product_brand":[],"product_cat":[4185],"product_tag":[],"class_list":{"0":"post-579650","1":"product","2":"type-product","3":"status-publish","4":"has-post-thumbnail","6":"product_cat-hosen","7":"pa_brand-blaklaeder","8":"pa_brand-type-workwear","9":"pa_filter-color-blau","10":"pa_filter-color-gelb","12":"first","13":"instock","14":"sale","15":"taxable","16":"shipping-taxable","17":"purchasable","18":"product-type-variable","19":"add-to-wishlist-before_image"},"exclude_global_add_ons":[],"addons":[],"acf":[],"_links":{"self":[{"href":"https:\/\/shop.kustom.ch\/it\/wp-json\/wp\/v2\/product\/579650"}],"collection":[{"href":"https:\/\/shop.kustom.ch\/it\/wp-json\/wp\/v2\/product"}],"about":[{"href":"https:\/\/shop.kustom.ch\/it\/wp-json\/wp\/v2\/types\/product"}],"wp:featuredmedia":[{"embeddable":true,"href":"https:\/\/shop.kustom.ch\/it\/wp-json\/wp\/v2\/media\/579706"}],"wp:attachment":[{"href":"https:\/\/shop.kustom.ch\/it\/wp-json\/wp\/v2\/media?parent=579650"}],"wp:term":[{"taxonomy":"product_brand","embeddable":true,"href":"https:\/\/shop.kustom.ch\/it\/wp-json\/wp\/v2\/product_brand?post=579650"},{"taxonomy":"product_cat","embeddable":true,"href":"https:\/\/shop.kustom.ch\/it\/wp-json\/wp\/v2\/product_cat?post=579650"},{"taxonomy":"product_tag","embeddable":true,"href":"https:\/\/shop.kustom.ch\/it\/wp-json\/wp\/v2\/product_tag?post=579650"}],"curies":[{"name":"wp","href":"https:\/\/api.w.org\/{rel}","templated":true}]}}