{"id":579582,"date":"2025-03-04T09:03:03","date_gmt":"2025-03-04T08:03:03","guid":{"rendered":"https:\/\/shop.kustom.ch\/?post_type=product&#038;p=579582"},"modified":"2026-03-31T08:25:58","modified_gmt":"2026-03-31T07:25:58","slug":"service-shorts-mit-nageltaschen","status":"publish","type":"product","link":"https:\/\/shop.kustom.ch\/it\/prodotto\/service-shorts-mit-nageltaschen\/","title":{"rendered":"Pantaloncini di servizio con tasche a chiodo"},"content":{"rendered":"<p>Pantaloncini in ripstop funzionali e resistenti con molte tasche intelligenti. I pantaloncini sono dotati di una tasca nascosta per il cellulare, una tasca per il righello, una pratica tasca per il coltello e tasche imbottite per le unghie, che rendono il capo particolarmente adatto alle professioni di servizio. I pantaloncini fanno parte della collezione Unite e sono disponibili in sette diverse combinazioni di colori.<\/p>\n<p>DETTAGLI: Passante per martello sul lato. Bottoni nascosti. Zip in plastica sul cavallo. CARATTERISTICHE PRINCIPALI: Autista. Uomo. TESSUTO: Uomo. nero. Inserto elasticizzato. Industria \/ Servizio. TASCHE: Tasca sulla gamba con soffietto, tasca portapenne e tasca portacellulare interna in rete. Tasche posteriori. Tasche per le unghie. Due tasche anteriori. Tasca per regolo pieghevole con portacoltelli e tasca portapenne. ISTRUZIONI DI LAVAGGIO: Non centrifugare. RINFORZO: tasche portachiodi rinforzate in CORDURA\u00ae.<\/p>\n<p>Cotone 60%, poliestere 40%, ripstop 250g\/m\u00b2<\/p>","protected":false},"excerpt":{"rendered":"<p>Funktionelle und strapazierf\u00e4hige Shorts aus Ripstop, die mit vielen cleveren Taschen ausgestattet ist. Die Shorts hat eine versteckte Handytasche aus Mesh, eine Zollstocktasche, eine praktische Messertasche und gepolsterte Nageltaschen, die das Kleidungsst\u00fcck besonders f\u00fcr Dienstleistungsberufe geeignet machen. Die Shorts geh\u00f6rt zur Unite-Kollektion und ist in sieben verschiedenen Farbkombinationen erh\u00e4ltlich. DETAILS: Hammerschlaufe an der Seite. Verdeckte [&hellip;]<\/p>\n","protected":false},"featured_media":579599,"template":"","meta":[],"product_brand":[],"product_cat":[4198],"product_tag":[],"class_list":{"0":"post-579582","1":"product","2":"type-product","3":"status-publish","4":"has-post-thumbnail","6":"product_cat-shorts","7":"pa_brand-blaklaeder","8":"pa_brand-type-workwear","9":"pa_filter-color-blau","10":"pa_filter-color-gelb","11":"pa_filter-color-grau","12":"pa_filter-color-gruen","13":"pa_filter-color-rot","14":"pa_filter-color-schwarz","16":"first","17":"instock","18":"sale","19":"taxable","20":"shipping-taxable","21":"purchasable","22":"product-type-variable","23":"add-to-wishlist-before_image"},"exclude_global_add_ons":[],"addons":[],"acf":[],"_links":{"self":[{"href":"https:\/\/shop.kustom.ch\/it\/wp-json\/wp\/v2\/product\/579582"}],"collection":[{"href":"https:\/\/shop.kustom.ch\/it\/wp-json\/wp\/v2\/product"}],"about":[{"href":"https:\/\/shop.kustom.ch\/it\/wp-json\/wp\/v2\/types\/product"}],"wp:featuredmedia":[{"embeddable":true,"href":"https:\/\/shop.kustom.ch\/it\/wp-json\/wp\/v2\/media\/579599"}],"wp:attachment":[{"href":"https:\/\/shop.kustom.ch\/it\/wp-json\/wp\/v2\/media?parent=579582"}],"wp:term":[{"taxonomy":"product_brand","embeddable":true,"href":"https:\/\/shop.kustom.ch\/it\/wp-json\/wp\/v2\/product_brand?post=579582"},{"taxonomy":"product_cat","embeddable":true,"href":"https:\/\/shop.kustom.ch\/it\/wp-json\/wp\/v2\/product_cat?post=579582"},{"taxonomy":"product_tag","embeddable":true,"href":"https:\/\/shop.kustom.ch\/it\/wp-json\/wp\/v2\/product_tag?post=579582"}],"curies":[{"name":"wp","href":"https:\/\/api.w.org\/{rel}","templated":true}]}}