{"id":579517,"date":"2025-03-04T09:02:23","date_gmt":"2025-03-04T08:02:23","guid":{"rendered":"https:\/\/shop.kustom.ch\/?post_type=product&#038;p=579517"},"modified":"2026-03-31T08:25:36","modified_gmt":"2026-03-31T07:25:36","slug":"multinorm-arbeitshose-inhaerent-2","status":"publish","type":"product","link":"https:\/\/shop.kustom.ch\/it\/prodotto\/multinorm-arbeitshose-inhaerent-2\/","title":{"rendered":"Pantaloni da lavoro multinormali Inerente"},"content":{"rendered":"<p>Pantaloni repellenti all'olio, allo sporco e all'acqua con un eccellente rapporto resistenza\/peso. Il tessuto \u00e8 intrinsecamente resistente alle fiamme, il che significa che le propriet\u00e0 ignifughe sono naturalmente contenute nelle fibre. I pantaloni sono dotati di robusti inserti rinforzati in CORDURA\u00ae\/Kevlar\u00ae\/Protal\u00ae alle ginocchia. Hanno molte soluzioni intelligenti per le tasche che soddisfano le certificazioni e gli standard. Le tasche che presentano un'usura eccessiva sono rinforzate due volte per prolungarne la durata. I pantaloni hanno tasche per le unghie, una tasca aperta per il righello e tasche posteriori senza pattina. Il tessuto ripstop garantisce un'eccellente resistenza agli strappi. Testato e approvato per 50 lavaggi. Il prodotto \u00e8 certificato secondo: EN 14404, EN 1149-5, EN ISO 20471, EN ISO 11612, IEC 61482-2. ATPV: 11 cal\/cm\u00b2, HAF: 79,3%, LOI: 29,6%. Insieme all'Art. 4089 raggiunge la classe 3 secondo la EN ISO 20471 e soddisfa i requisiti della EN ISO 15797 per il lavaggio industriale.<\/p>\n<p>CHIUSURA: larghezza regolabile dell'orlo della gamba con bottoni a pressione in plastica. DETTAGLI: Tasca portabadge staccabile per indumenti ignifughi. Etichette di certificazione esterne. Zip in plastica sul cavallo. Passanti, uno con anello a D. FUNZIONALIT\u00c0: Senza metallo. PROPRIET\u00c0 PRINCIPALI: Lavoratori stradali ed edili. IEC 61482-2. REFLEX: strisce riflettenti ignifughe con doppia cucitura. TESSUTO: Uomo. blu. Tasche per ginocchiere. Protezione dalle fiamme. TASCHE: Tasca sulla gamba con soffietto, tasca per cellulare e tasca per penna. Tasche posteriori rinforzate con soffietti. Tasche esterne per ginocchiere. Tasche rinforzate in tre parti per le unghie. Tasche anteriori inclinate. Tasca per regolo pieghevole con portacoltelli e tasca portapenne. ISTRUZIONI DI LAVAGGIO: PRO: adatto all'asciugatura in asciugatrice. RINFORZO: CORDURA\u00ae\/Kevlar\u00ae\/Protal\u00ae - rinforzato sulle ginocchia. CERTIFICAZIONE: ATPV: 32 cal\/cm\u00b2, CAT 3. 50 lavaggi max. EN 14404:2004+A1:2010 insieme alle ginocchiere 4027 e 4057. max. 50 lavaggi. EN ISO 11612 A1,A2,B1,C1,F1. Gruppo di certificazione W<\/p>\n<p>44% modacrilico, 30% cotone, 20% poliammide FR, 5% aramide, 1% antistatico, ripstop, ignifugo, antistatico, 260 g\/m\u00b2<\/p>","protected":false},"excerpt":{"rendered":"<p>\u00d6l-, schmutz- und wasserabweisende Hose mit ausgezeichnetem St\u00e4rke-Gewichts-Verh\u00e4ltnis. Der Stoff ist inh\u00e4rent flammfest, was bedeutet, dass die Flammschutz-Eigenschaften nat\u00fcrlich in den Fasern enthalten sind. Die Hose hat robuste CORDURA\u00ae\/Kevlar\u00ae\/Protal\u00ae verst\u00e4rkte Eins\u00e4tze an den Knien. Sie weist viele clevere Taschenl\u00f6sungen, die die Zertifizierungen und Normen erf\u00fcllen, auf. Taschen mit \u00fcberm\u00e4ssiger Abnutzung sind doppelt verst\u00e4rkt, um ihre [&hellip;]<\/p>\n","protected":false},"featured_media":579535,"template":"","meta":[],"product_brand":[],"product_cat":[4185],"product_tag":[],"class_list":{"0":"post-579517","1":"product","2":"type-product","3":"status-publish","4":"has-post-thumbnail","6":"product_cat-hosen","7":"pa_brand-blaklaeder","8":"pa_brand-type-workwear","9":"pa_filter-color-blau","10":"pa_filter-color-gelb","11":"pa_filter-color-orange","13":"first","14":"instock","15":"sale","16":"taxable","17":"shipping-taxable","18":"purchasable","19":"product-type-variable","20":"add-to-wishlist-before_image"},"exclude_global_add_ons":[],"addons":[],"acf":[],"_links":{"self":[{"href":"https:\/\/shop.kustom.ch\/it\/wp-json\/wp\/v2\/product\/579517"}],"collection":[{"href":"https:\/\/shop.kustom.ch\/it\/wp-json\/wp\/v2\/product"}],"about":[{"href":"https:\/\/shop.kustom.ch\/it\/wp-json\/wp\/v2\/types\/product"}],"wp:featuredmedia":[{"embeddable":true,"href":"https:\/\/shop.kustom.ch\/it\/wp-json\/wp\/v2\/media\/579535"}],"wp:attachment":[{"href":"https:\/\/shop.kustom.ch\/it\/wp-json\/wp\/v2\/media?parent=579517"}],"wp:term":[{"taxonomy":"product_brand","embeddable":true,"href":"https:\/\/shop.kustom.ch\/it\/wp-json\/wp\/v2\/product_brand?post=579517"},{"taxonomy":"product_cat","embeddable":true,"href":"https:\/\/shop.kustom.ch\/it\/wp-json\/wp\/v2\/product_cat?post=579517"},{"taxonomy":"product_tag","embeddable":true,"href":"https:\/\/shop.kustom.ch\/it\/wp-json\/wp\/v2\/product_tag?post=579517"}],"curies":[{"name":"wp","href":"https:\/\/api.w.org\/{rel}","templated":true}]}}