{"id":579451,"date":"2025-03-04T09:01:39","date_gmt":"2025-03-04T08:01:39","guid":{"rendered":"https:\/\/shop.kustom.ch\/?post_type=product&#038;p=579451"},"modified":"2026-03-31T08:25:26","modified_gmt":"2026-03-31T07:25:26","slug":"multinorm-arbeitshose-inhaerent-mit-stretch","status":"publish","type":"product","link":"https:\/\/shop.kustom.ch\/it\/prodotto\/multinorm-arbeitshose-inhaerent-mit-stretch\/","title":{"rendered":"Pantaloni da lavoro multinorm con elasticit\u00e0 intrinseca"},"content":{"rendered":"<p>Pantaloni da lavoro ignifughi e idrorepellenti con funzione stretch. I pantaloni da lavoro ideali con un elevato livello di comfort per chi lavora in ambienti pericolosi. I pantaloni sono dotati di dettagli intelligenti come gli inserti elasticizzati per una migliore libert\u00e0 di movimento e flessibilit\u00e0. Il tessuto \u00e8 intrinsecamente molto resistente all'abrasione. I pantaloni presentano un rinforzo in CORDURA\u00ae\/Kevlar\u00ae\/Protal\u00ae sulle ginocchia, una tasca per il righello e una per il coltello con spazio per il cellulare. Particolarmente adatti per elettricisti e professioni simili. Certificato secondo le norme EN 14404, EN 1149-5, EN ISO 20471, EN ISO 11612, IEC 61482-2.<\/p>\n<p>CHIUSURA: possibilit\u00e0 di estensione sull'orlo della gamba. DETTAGLI: Tasca portadocumenti staccabile per indumenti ignifughi. Etichette di certificazione esterne. Zip in plastica sul cavallo. Passanti, uno con anello a D. FUNZIONALIT\u00c0: Inserto elasticizzato sul cavallo e sulla seduta. CARATTERISTICHE PRINCIPALI: Personale di servizio. IEC 61482-2. REFLEX: strisce riflettenti ignifughe con doppie cuciture. TESSUTO: Uomo. giallo. Stretch. Ritardante di fiamma. TASCHE: Tasca sulla gamba con soffietto, patta e tasca per cellulare. Tasca posteriore. Tasche esterne per ginocchiere. Tasche rinforzate per chiodi in tre parti. Tasche laterali. Tasca rinforzata per regolo pieghevole con due tasche per coltelli e una tasca per penne. ISTRUZIONI DI LAVAGGIO: Non stirare. RINFORZO: CORDURA\u00ae\/Kevlar\u00ae\/Protal\u00ae - rinforzato sulle ginocchia. CERTIFICAZIONE: EN 1149-5. EN 14404:2004+A1:2010 insieme alle ginocchiere 4027 e 4057. EN ISO 11612 A1, B1, C1, F1. Gruppo di certificazione W. IEC 61482-2, APC 1<\/p>\n<p>44% modacrilico, 30% cotone, 20% poliammide FR, 5% aramide, 1% antistatico, ripstop, ignifugo, antistatico, 260 g\/m\u00b2<\/p>","protected":false},"excerpt":{"rendered":"<p>\u00d6l-, schmutz- und wasserabweisende Flammschutz Arbeitshose mit Stretch Funktion. Die ideale Arbeitshose mit einem hohen Level an Komfort f\u00fcr Leute, die in gef\u00e4hrdeten Umgebungen arbeiten. Die Hose besitzt intelligente Details wie Stretch Eins\u00e4tze f\u00fcr eine bessere Bewegungsfreiheit und Flexibilit\u00e4t. Der Stoff ist inh\u00e4rent mit hoher Abriebfestigkeit. Die Hose bietet eine CORDURA\u00ae\/Kevlar\u00ae\/Protal\u00ae- Verst\u00e4rkung an den Knien, [&hellip;]<\/p>\n","protected":false},"featured_media":579492,"template":"","meta":[],"product_brand":[],"product_cat":[4185],"product_tag":[],"class_list":{"0":"post-579451","1":"product","2":"type-product","3":"status-publish","4":"has-post-thumbnail","6":"product_cat-hosen","7":"pa_brand-blaklaeder","8":"pa_brand-type-workwear","9":"pa_filter-color-blau","10":"pa_filter-color-gelb","12":"first","13":"instock","14":"sale","15":"taxable","16":"shipping-taxable","17":"purchasable","18":"product-type-variable","19":"add-to-wishlist-before_image"},"exclude_global_add_ons":[],"addons":[],"acf":[],"_links":{"self":[{"href":"https:\/\/shop.kustom.ch\/it\/wp-json\/wp\/v2\/product\/579451"}],"collection":[{"href":"https:\/\/shop.kustom.ch\/it\/wp-json\/wp\/v2\/product"}],"about":[{"href":"https:\/\/shop.kustom.ch\/it\/wp-json\/wp\/v2\/types\/product"}],"wp:featuredmedia":[{"embeddable":true,"href":"https:\/\/shop.kustom.ch\/it\/wp-json\/wp\/v2\/media\/579492"}],"wp:attachment":[{"href":"https:\/\/shop.kustom.ch\/it\/wp-json\/wp\/v2\/media?parent=579451"}],"wp:term":[{"taxonomy":"product_brand","embeddable":true,"href":"https:\/\/shop.kustom.ch\/it\/wp-json\/wp\/v2\/product_brand?post=579451"},{"taxonomy":"product_cat","embeddable":true,"href":"https:\/\/shop.kustom.ch\/it\/wp-json\/wp\/v2\/product_cat?post=579451"},{"taxonomy":"product_tag","embeddable":true,"href":"https:\/\/shop.kustom.ch\/it\/wp-json\/wp\/v2\/product_tag?post=579451"}],"curies":[{"name":"wp","href":"https:\/\/api.w.org\/{rel}","templated":true}]}}