{"id":579428,"date":"2025-03-04T09:01:00","date_gmt":"2025-03-04T08:01:00","guid":{"rendered":"https:\/\/shop.kustom.ch\/?post_type=product&#038;p=579428"},"modified":"2026-03-31T08:25:13","modified_gmt":"2026-03-31T07:25:13","slug":"flammschutz-arbeitshose-inhaerent-mit-stretch","status":"publish","type":"product","link":"https:\/\/shop.kustom.ch\/it\/prodotto\/flammschutz-arbeitshose-inhaerent-mit-stretch\/","title":{"rendered":"Pantaloni da lavoro resistenti alle fiamme con elasticit\u00e0 intrinseca"},"content":{"rendered":"<p>Pantaloni da lavoro flessibili e resistenti, realizzati in materiale inerte con inserti elasticizzati, adatti per lavori di manutenzione sia all'interno che all'esterno a temperature calde. Questi pantaloni, repellenti all'olio, allo sporco e all'acqua, hanno una vestibilit\u00e0 pi\u00f9 stretta e inserti elasticizzati nel cavallo, nella seduta e nelle ginocchia. Ci\u00f2 conferisce ai pantaloni maggiore flessibilit\u00e0 e libert\u00e0 di movimento. Certificato secondo le norme EN 1149-5, EN ISO 11612, IEC 61482-2, ATPV: 10,7 cal\/cm\u00b2, HAF 72.5% (si riferisce al materiale elasticizzato).<\/p>\n<p>CHIUSURA: possibilit\u00e0 di estensione sull'orlo della gamba. DETTAGLI: Tasca portadocumenti staccabile per indumenti ignifughi. Etichetta esterna. Zip in plastica sul cavallo. Passanti, uno con anello a D. FUNZIONALIT\u00c0: Inserti elasticizzati nel cavallo, nelle ginocchia e nella seduta. PROPRIET\u00c0 PRINCIPALI: Artigianale. IEC 61482-2. TESSUTO: Uomo. nero. Stretch. Protezione dalle fiamme. TASCHE: Tasche sulle gambe con patta e bottone a pressione. Tasche laterali. ISTRUZIONI DI LAVAGGIO: Non lavare a secco. CERTIFICAZIONE: EN 1149-5. EN ISO 11612 A1, B1, C1, F1. IEC 61482-2, APC 1<\/p>\n<p>44% modacrilico, 30% cotone, 20% poliammide FR, 5% aramide, 1% antistatico, ripstop, ignifugo, antistatico, 260 g\/m\u00b2<\/p>","protected":false},"excerpt":{"rendered":"<p>Flexible und strapazierf\u00e4hige Service Arbeitshose aus einem inh\u00e4renten Material mit Stretch Eins\u00e4tzen, gut geeignet f\u00fcr Wartungsarbeiten sowohl drinnen als auch draussen bei warmen Temperaturen. Diese \u00f6l-, schmutz- und wasserabweisende Hose hat eine engere Passform und Stretch Eins\u00e4tze im Schritt, am Ges\u00e4ss und an den Knien. Dies gibt der Hose mehr Flexibilit\u00e4t und Bewegungsfreiheit. Zertifiziert nach [&hellip;]<\/p>\n","protected":false},"featured_media":579430,"template":"","meta":[],"product_brand":[],"product_cat":[4185],"product_tag":[],"class_list":{"0":"post-579428","1":"product","2":"type-product","3":"status-publish","4":"has-post-thumbnail","6":"product_cat-hosen","7":"pa_brand-blaklaeder","8":"pa_brand-type-workwear","9":"pa_filter-color-schwarz","11":"first","12":"instock","13":"sale","14":"taxable","15":"shipping-taxable","16":"purchasable","17":"product-type-variable","18":"add-to-wishlist-before_image"},"exclude_global_add_ons":[],"addons":[],"acf":[],"_links":{"self":[{"href":"https:\/\/shop.kustom.ch\/it\/wp-json\/wp\/v2\/product\/579428"}],"collection":[{"href":"https:\/\/shop.kustom.ch\/it\/wp-json\/wp\/v2\/product"}],"about":[{"href":"https:\/\/shop.kustom.ch\/it\/wp-json\/wp\/v2\/types\/product"}],"wp:featuredmedia":[{"embeddable":true,"href":"https:\/\/shop.kustom.ch\/it\/wp-json\/wp\/v2\/media\/579430"}],"wp:attachment":[{"href":"https:\/\/shop.kustom.ch\/it\/wp-json\/wp\/v2\/media?parent=579428"}],"wp:term":[{"taxonomy":"product_brand","embeddable":true,"href":"https:\/\/shop.kustom.ch\/it\/wp-json\/wp\/v2\/product_brand?post=579428"},{"taxonomy":"product_cat","embeddable":true,"href":"https:\/\/shop.kustom.ch\/it\/wp-json\/wp\/v2\/product_cat?post=579428"},{"taxonomy":"product_tag","embeddable":true,"href":"https:\/\/shop.kustom.ch\/it\/wp-json\/wp\/v2\/product_tag?post=579428"}],"curies":[{"name":"wp","href":"https:\/\/api.w.org\/{rel}","templated":true}]}}