{"id":579365,"date":"2025-03-04T09:00:17","date_gmt":"2025-03-04T08:00:17","guid":{"rendered":"https:\/\/shop.kustom.ch\/?post_type=product&#038;p=579365"},"modified":"2026-03-31T08:24:59","modified_gmt":"2026-03-31T07:24:59","slug":"multinorm-arbeitshose","status":"publish","type":"product","link":"https:\/\/shop.kustom.ch\/it\/prodotto\/multinorm-arbeitshose\/","title":{"rendered":"Pantaloni da lavoro Multinorm"},"content":{"rendered":"<p>I pantaloni da lavoro Multinorm offrono la massima protezione quando si lavora in condizioni estreme. I pantaloni sono realizzati in materiale robusto e idrorepellente, hanno un taglio comodo e tasche rinforzate per le ginocchia in CORDURA\u00ae\/Kevlar\u00ae\/ProtalT- con due livelli di posizionamento. Soluzioni di tasche funzionali per gli attrezzi e dettagli accuratamente selezionati, come il tessuto pi\u00f9 scuro nelle aree pi\u00f9 esposte allo sporco. Adatto al lavaggio industriale. Certificato secondo le norme EN 14404, EN 1149-5, EN ISO 11611, EN 13034, EN ISO 20471, EN ISO 11612, IEC 61482-2. ATPV: 11,0 cal\/cm\u00b2.<\/p>\n<p>DETTAGLI: Tasca portadocumenti staccabile per indumenti ignifughi. Etichette di certificazione esterne. Cerniera metallica sul cavallo. Passanti, uno con anello a D. FUNZIONALIT\u00c0: Repellente all'olio, allo sporco e all'acqua. PROPRIET\u00c0 PRINCIPALI: Artigianale. EN 13034. REFLEX: Strisce riflettenti ignifughe con doppia cucitura. TESSUTO: Disponibile per uomo e donna. giallo. Tasche per ginocchiere. Protezione dalle fiamme. TASCHE: Tasca sulla gamba con patta, tasca per cellulare e tasca per penna. Tasche posteriori con patta, nascoste da bottoni metallici. Tasche interne per ginocchiere. Tasca per regolo pieghevole con portacoltelli e portapenne. ISTRUZIONI DI LAVAGGIO: Non stirare. RINFORZO: CORDURA\u00ae\/Kevlar\u00ae\/Protal\u00ae - rinforzato sulle ginocchia. CERTIFICAZIONE: EN 1149-5. 20 lavaggi max. EN 14404:2004+A1:2010 insieme alle ginocchiere 4027 e 4057. EN ISO 11611, classe 1 A1+A2. EN ISO 11612 A1, A2, B1, C1, E3, F1. Massimo 50 cicli di lavaggio. IEC 61482-2, APC 1<\/p>\n<p>75% cotone, 24% poliestere, 1% antistatico, twill, ritardante di fiamma, antistatico, 350 g\/m\u00b2<\/p>","protected":false},"excerpt":{"rendered":"<p>Die Multinorm Arbeitshose bietet maximalen Schutz bei Arbeiten in extremen Bedingungen. Die \u00f6l-, schmutz- und wasserabweisende Hose besteht aus einem robusten Material und hat einen komfortablen Schnitt und verst\u00e4rkte Kniepolstertaschen aus CORDURA\u00ae\/Kevlar\u00ae\/ProtalT- mit zwei Platzierungsebenen. Funktionelle Taschenl\u00f6sungen f\u00fcr Ihr Werkzeug und sorgf\u00e4ltig ausgew\u00e4hlte Details, wie z.Bsp. dunkleren Stoff an Stellen, die dem meisten Schmutz ausgesetzt [&hellip;]<\/p>\n","protected":false},"featured_media":579369,"template":"","meta":[],"product_brand":[],"product_cat":[4185],"product_tag":[],"class_list":{"0":"post-579365","1":"product","2":"type-product","3":"status-publish","4":"has-post-thumbnail","6":"product_cat-hosen","7":"pa_brand-blaklaeder","8":"pa_brand-type-workwear","9":"pa_filter-color-blau","10":"pa_filter-color-gelb","12":"first","13":"instock","14":"sale","15":"taxable","16":"shipping-taxable","17":"purchasable","18":"product-type-variable","19":"add-to-wishlist-before_image"},"exclude_global_add_ons":[],"addons":[],"acf":[],"_links":{"self":[{"href":"https:\/\/shop.kustom.ch\/it\/wp-json\/wp\/v2\/product\/579365"}],"collection":[{"href":"https:\/\/shop.kustom.ch\/it\/wp-json\/wp\/v2\/product"}],"about":[{"href":"https:\/\/shop.kustom.ch\/it\/wp-json\/wp\/v2\/types\/product"}],"wp:featuredmedia":[{"embeddable":true,"href":"https:\/\/shop.kustom.ch\/it\/wp-json\/wp\/v2\/media\/579369"}],"wp:attachment":[{"href":"https:\/\/shop.kustom.ch\/it\/wp-json\/wp\/v2\/media?parent=579365"}],"wp:term":[{"taxonomy":"product_brand","embeddable":true,"href":"https:\/\/shop.kustom.ch\/it\/wp-json\/wp\/v2\/product_brand?post=579365"},{"taxonomy":"product_cat","embeddable":true,"href":"https:\/\/shop.kustom.ch\/it\/wp-json\/wp\/v2\/product_cat?post=579365"},{"taxonomy":"product_tag","embeddable":true,"href":"https:\/\/shop.kustom.ch\/it\/wp-json\/wp\/v2\/product_tag?post=579365"}],"curies":[{"name":"wp","href":"https:\/\/api.w.org\/{rel}","templated":true}]}}