{"id":579260,"date":"2025-03-04T08:59:22","date_gmt":"2025-03-04T07:59:22","guid":{"rendered":"https:\/\/shop.kustom.ch\/?post_type=product&#038;p=579260"},"modified":"2026-03-31T08:24:47","modified_gmt":"2026-03-31T07:24:47","slug":"service-arbeitshose-stretch","status":"publish","type":"product","link":"https:\/\/shop.kustom.ch\/it\/prodotto\/service-arbeitshose-stretch\/","title":{"rendered":"Pantaloni da lavoro elasticizzati"},"content":{"rendered":"<p>Pantaloni da lavoro moderni e confortevoli con tasche per chiodi, tasche esterne per ginocchiere e inserti elasticizzati in aree accuratamente selezionate come il cavallo, le ginocchia e la seduta per una maggiore libert\u00e0 di movimento e comfort. Le gambe sono preformate. I pantaloni sono dotati di numerose tasche funzionali e possibilit\u00e0 di riporre attrezzi o accessori.<\/p>\n<p>DETTAGLI: Zip in plastica sul cavallo. Anello a D sulla cintura. FUNZIONALIT\u00c0: Inserti elasticizzati nel cavallo, nelle ginocchia e nella seduta. Gambe dei pantaloni particolarmente ergonomiche. PROPRIET\u00c0 PRINCIPALI: Potere pulente. EN 14004. TESSUTO: Uomo. nero. Tasche a chiodo. Industria \/ Servizio. TASCHE: Tasche sulle gambe con soffietto, zip, tasca per penna e coltello. Tasche posteriori. Tasca interna per cellulare. Tasche esterne per ginocchiere. Tasche anteriori per chiodi. Tasche laterali. ISTRUZIONI DI LAVAGGIO: Non centrifugare. CERTIFICAZIONE: EN 14404:2004+A1:2010 insieme alla ginocchiera 4057.<\/p>\n<p>65% poliestere, 35% cotone, tessuto fine, 166g\/m\u00b2<\/p>","protected":false},"excerpt":{"rendered":"<p>Moderne und komfortable Service Arbeitshose mit Nageltaschen, aussenliegenden Kniepolstertaschen und Stretch-Eins\u00e4tzen an sorgf\u00e4ltig ausgesuchten Stellen, wie zum Beispiel im Schritt, an den Knien und dem Ges\u00e4ss f\u00fcr erh\u00f6hte Bewegungsfreiheit und Komfort. Die Beine sind vorgeformt. Die Bundhose besitzt viele, funktionelle Taschen und Verstaum\u00f6glichkeiten f\u00fcr Werkzeug oder Zubeh\u00f6r. DETAILS: Kunststoff-Reissverschluss im Schritt. D-Ring am Bund. FUNKTIONALIT\u00c4T: [&hellip;]<\/p>\n","protected":false},"featured_media":579319,"template":"","meta":[],"product_brand":[],"product_cat":[4185],"product_tag":[],"class_list":{"0":"post-579260","1":"product","2":"type-product","3":"status-publish","4":"has-post-thumbnail","6":"product_cat-hosen","7":"pa_brand-blaklaeder","8":"pa_brand-type-workwear","9":"pa_filter-color-schwarz","11":"first","12":"instock","13":"sale","14":"taxable","15":"shipping-taxable","16":"purchasable","17":"product-type-variable","18":"add-to-wishlist-before_image"},"exclude_global_add_ons":[],"addons":[],"acf":[],"_links":{"self":[{"href":"https:\/\/shop.kustom.ch\/it\/wp-json\/wp\/v2\/product\/579260"}],"collection":[{"href":"https:\/\/shop.kustom.ch\/it\/wp-json\/wp\/v2\/product"}],"about":[{"href":"https:\/\/shop.kustom.ch\/it\/wp-json\/wp\/v2\/types\/product"}],"wp:featuredmedia":[{"embeddable":true,"href":"https:\/\/shop.kustom.ch\/it\/wp-json\/wp\/v2\/media\/579319"}],"wp:attachment":[{"href":"https:\/\/shop.kustom.ch\/it\/wp-json\/wp\/v2\/media?parent=579260"}],"wp:term":[{"taxonomy":"product_brand","embeddable":true,"href":"https:\/\/shop.kustom.ch\/it\/wp-json\/wp\/v2\/product_brand?post=579260"},{"taxonomy":"product_cat","embeddable":true,"href":"https:\/\/shop.kustom.ch\/it\/wp-json\/wp\/v2\/product_cat?post=579260"},{"taxonomy":"product_tag","embeddable":true,"href":"https:\/\/shop.kustom.ch\/it\/wp-json\/wp\/v2\/product_tag?post=579260"}],"curies":[{"name":"wp","href":"https:\/\/api.w.org\/{rel}","templated":true}]}}