{"id":579193,"date":"2025-03-04T08:58:06","date_gmt":"2025-03-04T07:58:06","guid":{"rendered":"https:\/\/shop.kustom.ch\/?post_type=product&#038;p=579193"},"modified":"2026-03-31T08:24:21","modified_gmt":"2026-03-31T07:24:21","slug":"garten-shorts","status":"publish","type":"product","link":"https:\/\/shop.kustom.ch\/it\/prodotto\/garten-shorts\/","title":{"rendered":"Pantaloncini da giardino"},"content":{"rendered":"<p>I pantaloncini da giardino Bl\u00e5kl\u00e4der sono i preferiti da giardinieri e paesaggisti. Tasche posteriori con rinforzo in CORDURA\u00ae e altri dettagli accuratamente selezionati. Tasca sulla gamba con patta e tasca supplementare per attrezzi rinforzata in CORDURA\u00ae.<\/p>\n<p>DETTAGLI: Cucitura al cavallo come doppia cucitura. Zip in metallo sul cavallo. Ampi passanti per cintura sul retro e sui lati. CARATTERISTICHE PRINCIPALI: Giardiniere. Uomo. TESSUTO: Uomo. verde. Artigianale. TASCHE: Tasca sulla gamba con patta e bottone a pressione e tasca pi\u00f9 piccola cucita. Tasche posteriori con soffietto. Tasca per cellulare in vita. Tasche oblique. Tasca extra larga per regolo pieghevole rinforzato in CORDURA\u00ae con portapenne, portacoltelli e tasca aggiuntiva. ISTRUZIONI DI LAVAGGIO: Stiratura - media. RINFORZO: Rinforzo in CORDURA\u00ae su tasche anteriori, tasche posteriori, tasca del righello, tasche sulle gambe.<\/p>\n<p>55% poliestere\/45 % cotone, twill, poliestere riciclato 270 g\/m\u00b2<\/p>","protected":false},"excerpt":{"rendered":"<p>Die Bl\u00e5kl\u00e4der Garten-Shorts wird bevorzugt von Garten-und Landschaftsg\u00e4rtnern getragen. Ges\u00e4sstaschen mit CORDURA\u00ae-Verst\u00e4rkung und andere, sehr sorgf\u00e4ltig ausgew\u00e4hlte Details. Beintasche mit Patte und zus\u00e4tzliche mit CORDURA\u00ae verst\u00e4rkte Werkzeugtasche. DETAILS: Schrittnaht als Zweifachnaht. Metall-Reissverschluss im Schritt. Breite G\u00fcrtelschlaufen hinten und an den Seiten. HAUPTEIGENSCHAFTEN: Gartenarbeiter. Herren. STOFF: Herren. gr\u00fcn. Handwerk. TASCHEN: Beintasche mit Patte und Druckknopf und [&hellip;]<\/p>\n","protected":false},"featured_media":579209,"template":"","meta":[],"product_brand":[],"product_cat":[4198],"product_tag":[],"class_list":{"0":"post-579193","1":"product","2":"type-product","3":"status-publish","4":"has-post-thumbnail","6":"product_cat-shorts","7":"pa_brand-blaklaeder","8":"pa_brand-type-workwear","9":"pa_filter-color-gruen","11":"first","12":"instock","13":"sale","14":"taxable","15":"shipping-taxable","16":"purchasable","17":"product-type-variable","18":"add-to-wishlist-before_image"},"exclude_global_add_ons":[],"addons":[],"acf":[],"_links":{"self":[{"href":"https:\/\/shop.kustom.ch\/it\/wp-json\/wp\/v2\/product\/579193"}],"collection":[{"href":"https:\/\/shop.kustom.ch\/it\/wp-json\/wp\/v2\/product"}],"about":[{"href":"https:\/\/shop.kustom.ch\/it\/wp-json\/wp\/v2\/types\/product"}],"wp:featuredmedia":[{"embeddable":true,"href":"https:\/\/shop.kustom.ch\/it\/wp-json\/wp\/v2\/media\/579209"}],"wp:attachment":[{"href":"https:\/\/shop.kustom.ch\/it\/wp-json\/wp\/v2\/media?parent=579193"}],"wp:term":[{"taxonomy":"product_brand","embeddable":true,"href":"https:\/\/shop.kustom.ch\/it\/wp-json\/wp\/v2\/product_brand?post=579193"},{"taxonomy":"product_cat","embeddable":true,"href":"https:\/\/shop.kustom.ch\/it\/wp-json\/wp\/v2\/product_cat?post=579193"},{"taxonomy":"product_tag","embeddable":true,"href":"https:\/\/shop.kustom.ch\/it\/wp-json\/wp\/v2\/product_tag?post=579193"}],"curies":[{"name":"wp","href":"https:\/\/api.w.org\/{rel}","templated":true}]}}