{"id":578779,"date":"2025-03-04T08:54:21","date_gmt":"2025-03-04T07:54:21","guid":{"rendered":"https:\/\/shop.kustom.ch\/?post_type=product&#038;p=578779"},"modified":"2026-03-31T08:24:03","modified_gmt":"2026-03-31T07:24:03","slug":"service-arbeitshose-denim-mit-stretch","status":"publish","type":"product","link":"https:\/\/shop.kustom.ch\/it\/prodotto\/service-arbeitshose-denim-mit-stretch\/","title":{"rendered":"Pantaloni da lavoro in denim elasticizzato"},"content":{"rendered":"<p>Pantaloni da lavoro di servizio con inserti elasticizzati e gambe preformate per una mobilit\u00e0 e un comfort ottimali. Il materiale \u00e8 il denim CORDURA\u00ae, quattro volte pi\u00f9 resistente del denim normale, che rende i pantaloni estremamente robusti.<\/p>\n<p>CHIUSURA: opzione di estensione sul fondo della gamba. DETTAGLI: Zip in plastica sul cavallo. Anello a D sulla cintura. FUNZIONALIT\u00c0: Inserti elasticizzati nel cavallo, nelle ginocchia e nella seduta. Gambe dei pantaloni particolarmente ergonomiche. CARATTERISTICHE PRINCIPALI: Personale di servizio. TESSUTO: Uomo. nero. Inserto elasticizzato. Stretch. TASCHE: Tasche sulle gambe con soffietto, zip, tasca per penna e coltello. Tasche posteriori. Tasca interna per cellulare. Tasche laterali. ISTRUZIONI DI LAVAGGIO: Ferro da stiro basso.<\/p>\n<p>85% cotone, 15% poliammide, denim, rivestito, CORDURA\u00ae denim, 340 g\/m\u00b2<\/p>","protected":false},"excerpt":{"rendered":"<p>Service Arbeitshose mit Stretch-Eins\u00e4tzen und vorgeformten Beinen f\u00fcr optimale Beweglichkeit und Komfort. Das Material besteht aus CORDURA\u00ae Denim, welches viermal st\u00e4rker ist, als normaler Denim Stoff und es macht die Hose extrem robust. ABSCHLUSS: Verl\u00e4ngerungsm\u00f6glichkeit am Beinsaum. DETAILS: Kunststoff-Reissverschluss im Schritt. D-Ring am Bund. FUNKTIONALIT\u00c4T: Stretch-Eins\u00e4tze im Schritt, den Knien und am Ges\u00e4ss. Besonders ergonomisch [&hellip;]<\/p>\n","protected":false},"featured_media":578832,"template":"","meta":[],"product_brand":[],"product_cat":[4185],"product_tag":[],"class_list":{"0":"post-578779","1":"product","2":"type-product","3":"status-publish","4":"has-post-thumbnail","6":"product_cat-hosen","7":"pa_brand-blaklaeder","8":"pa_brand-type-workwear","9":"pa_filter-color-blau","10":"pa_filter-color-braun","11":"pa_filter-color-grau","12":"pa_filter-color-gruen","13":"pa_filter-color-rot","14":"pa_filter-color-schwarz","16":"first","17":"instock","18":"sale","19":"taxable","20":"shipping-taxable","21":"purchasable","22":"product-type-variable","23":"add-to-wishlist-before_image"},"exclude_global_add_ons":[],"addons":[],"acf":[],"_links":{"self":[{"href":"https:\/\/shop.kustom.ch\/it\/wp-json\/wp\/v2\/product\/578779"}],"collection":[{"href":"https:\/\/shop.kustom.ch\/it\/wp-json\/wp\/v2\/product"}],"about":[{"href":"https:\/\/shop.kustom.ch\/it\/wp-json\/wp\/v2\/types\/product"}],"wp:featuredmedia":[{"embeddable":true,"href":"https:\/\/shop.kustom.ch\/it\/wp-json\/wp\/v2\/media\/578832"}],"wp:attachment":[{"href":"https:\/\/shop.kustom.ch\/it\/wp-json\/wp\/v2\/media?parent=578779"}],"wp:term":[{"taxonomy":"product_brand","embeddable":true,"href":"https:\/\/shop.kustom.ch\/it\/wp-json\/wp\/v2\/product_brand?post=578779"},{"taxonomy":"product_cat","embeddable":true,"href":"https:\/\/shop.kustom.ch\/it\/wp-json\/wp\/v2\/product_cat?post=578779"},{"taxonomy":"product_tag","embeddable":true,"href":"https:\/\/shop.kustom.ch\/it\/wp-json\/wp\/v2\/product_tag?post=578779"}],"curies":[{"name":"wp","href":"https:\/\/api.w.org\/{rel}","templated":true}]}}