{"id":578688,"date":"2025-03-04T08:53:13","date_gmt":"2025-03-04T07:53:13","guid":{"rendered":"https:\/\/shop.kustom.ch\/?post_type=product&#038;p=578688"},"modified":"2026-03-31T08:23:25","modified_gmt":"2026-03-31T07:23:25","slug":"service-arbeitshose-denim-stretch-2","status":"publish","type":"product","link":"https:\/\/shop.kustom.ch\/it\/prodotto\/service-arbeitshose-denim-stretch-2\/","title":{"rendered":"Pantaloni da lavoro in denim stretch"},"content":{"rendered":"<p>Pantaloni da lavoro che portano le prestazioni a un livello superiore. Pantaloni in tessuto elasticizzato a 2 vie con inserti elasticizzati a 4 vie sul davanti, sul retro, sul cavallo e sulle ginocchia. L'elastico in vita rende questi pantaloni molto confortevoli. I pantaloni sono completamente resistenti ai graffi.<\/p>\n<p>DETTAGLI: Bottoni nascosti. Zip in plastica sul cavallo. Anello a D in vita. FUNZIONALIT\u00c0: Senza graffi. Gambe dei pantaloni particolarmente ergonomiche. PROPRIET\u00c0 PRINCIPALI: Lavoratori del giardino. EN 14004. TESSUTO: Uomo. nero. Tasche per ginocchiere. Stretch. TASCHE: Tasche sulle gambe con soffietto, tasca per penna e coltello. Patta con bottoni magnetici nascosti. Tasca interna per cellulare. Tasche interne per ginocchiere. Tasche laterali. Tasca interna porta metro pieghevole. ISTRUZIONI DI LAVAGGIO: Stiratura bassa. CERTIFICAZIONE: EN 14404:2004+A1:2010 insieme alla ginocchiera 4057.<\/p>\n<p>80% cotone, 17% poliammide, 3% elastan, denim, rivestito, CORDURA\u00ae Denim Stretch, 300 g\/m\u00b2<\/p>","protected":false},"excerpt":{"rendered":"<p>Eine Service Arbeitshose, die Performance auf die n\u00e4chste Stufe hebt. Eine Hose aus 2-Wege-Stretch mit Stretch-Eins\u00e4tzen aus 4-Wege-Stretch an der Vorderseite, der R\u00fcckseite, im Schritt und an den Knien. Die elastische Taille macht diese Hose sehr komfortabel. Die Hose ist vollst\u00e4ndig kratzerresistent. DETAILS: Verdeckte Kn\u00f6pfe. Kunststoff-Reissverschluss im Schritt. D-Ring am Bund. FUNKTIONALIT\u00c4T: Kratzfrei. Besonders ergonomisch [&hellip;]<\/p>\n","protected":false},"featured_media":578709,"template":"","meta":[],"product_brand":[],"product_cat":[4185],"product_tag":[],"class_list":{"0":"post-578688","1":"product","2":"type-product","3":"status-publish","4":"has-post-thumbnail","6":"product_cat-hosen","7":"pa_brand-blaklaeder","8":"pa_brand-type-workwear","9":"pa_filter-color-blau","10":"pa_filter-color-schwarz","12":"first","13":"instock","14":"sale","15":"taxable","16":"shipping-taxable","17":"purchasable","18":"product-type-variable","19":"add-to-wishlist-before_image"},"exclude_global_add_ons":[],"addons":[],"acf":[],"_links":{"self":[{"href":"https:\/\/shop.kustom.ch\/it\/wp-json\/wp\/v2\/product\/578688"}],"collection":[{"href":"https:\/\/shop.kustom.ch\/it\/wp-json\/wp\/v2\/product"}],"about":[{"href":"https:\/\/shop.kustom.ch\/it\/wp-json\/wp\/v2\/types\/product"}],"wp:featuredmedia":[{"embeddable":true,"href":"https:\/\/shop.kustom.ch\/it\/wp-json\/wp\/v2\/media\/578709"}],"wp:attachment":[{"href":"https:\/\/shop.kustom.ch\/it\/wp-json\/wp\/v2\/media?parent=578688"}],"wp:term":[{"taxonomy":"product_brand","embeddable":true,"href":"https:\/\/shop.kustom.ch\/it\/wp-json\/wp\/v2\/product_brand?post=578688"},{"taxonomy":"product_cat","embeddable":true,"href":"https:\/\/shop.kustom.ch\/it\/wp-json\/wp\/v2\/product_cat?post=578688"},{"taxonomy":"product_tag","embeddable":true,"href":"https:\/\/shop.kustom.ch\/it\/wp-json\/wp\/v2\/product_tag?post=578688"}],"curies":[{"name":"wp","href":"https:\/\/api.w.org\/{rel}","templated":true}]}}