{"id":578537,"date":"2025-03-04T08:51:27","date_gmt":"2025-03-04T07:51:27","guid":{"rendered":"https:\/\/shop.kustom.ch\/?post_type=product&#038;p=578537"},"modified":"2026-03-31T08:23:13","modified_gmt":"2026-03-31T07:23:13","slug":"service-arbeitshose-mit-stretch","status":"publish","type":"product","link":"https:\/\/shop.kustom.ch\/it\/prodotto\/service-arbeitshose-mit-stretch\/","title":{"rendered":"Pantaloni da lavoro con elastico"},"content":{"rendered":"<p>Pantaloni da lavoro per servizi\/trasporti flessibili e resistenti, adatti a varie situazioni che richiedono comfort e libert\u00e0 di movimento. Questi pantaloni hanno una vita elasticizzata con una vestibilit\u00e0 leggermente pi\u00f9 stretta e inserti elasticizzati per una migliore flessibilit\u00e0. Le ginocchia rinforzate con tessuto elasticizzato CORDURA\u00ae aumentano ulteriormente la durata. I pantaloni sono dotati di due tasche posteriori, tasche anteriori a soffietto e una tasca sulla gamba per riporre i documenti. I colori a contrasto sulla cerniera e sulle cuciture migliorano l'aspetto generale. I dettagli riflettenti neri rendono il capo pi\u00f9 visibile.<\/p>\n<p>CHIUSURA: estremit\u00e0 delle gambe con rinforzo in CORDURA\u00ae. DETTAGLI: Anello a D. Bottone in metallo. Zip in plastica sul cavallo. Vita elasticizzata. FUNZIONALIT\u00c0: Tessuto elasticizzato sul davanti, sul carr\u00e9, sulla parte anteriore e posteriore delle ginocchia e nel cavallo. Gambe dei pantaloni particolarmente ergonomiche. CARATTERISTICHE PRINCIPALI: Personale di servizio. REFLEX: Dettagli riflettenti sulla gamba. TESSUTO: Disponibile per uomo e donna. nero. Inserto elasticizzato. Unito. TASCHE: Tasche sulla gamba con soffietto, zip, tasca per penna e coltello. Tasca portadocumenti. Tasche posteriori. Tasca interna per cellulare. Tasche interne per ginocchiere. Tasche laterali. ISTRUZIONI DI LAVAGGIO: Non centrifugare. RINFORZO: CORDURA\u00ae rinforzato sulle ginocchia. CERTIFICAZIONE: EN 14404 2004+A1 2010, Tipo 1, Livello 0 con ginocchiere Art. 4057<\/p>\n<p>65% poliestere, 35% cotone, tessuto fine, 166g\/m\u00b2<\/p>","protected":false},"excerpt":{"rendered":"<p>Flexible und starke Service\/Transport Arbeitshose geeignet f\u00fcr verschiedene Situationen, die Komfort und Bewegungsfreiheit erfordern. Diese Hose hat eine elastische Taille durch Gummizug mit leicht engerer Passform und sie hat Stretch Eins\u00e4tze f\u00fcr bessere Flexibilit\u00e4t. Die verst\u00e4rkten Knie mit CORDURA\u00ae Stretch Stoff erh\u00f6hen die Haltbarkeit noch mehr. Die Hose hat zwei Ges\u00e4sstaschen, Balgtaschen vorne und eine [&hellip;]<\/p>\n","protected":false},"featured_media":578584,"template":"","meta":[],"product_brand":[],"product_cat":[4185],"product_tag":[],"class_list":{"0":"post-578537","1":"product","2":"type-product","3":"status-publish","4":"has-post-thumbnail","6":"product_cat-hosen","7":"pa_brand-blaklaeder","8":"pa_brand-type-workwear","9":"pa_filter-color-blau","10":"pa_filter-color-gelb","11":"pa_filter-color-grau","12":"pa_filter-color-gruen","13":"pa_filter-color-rot","14":"pa_filter-color-schwarz","16":"first","17":"instock","18":"sale","19":"taxable","20":"shipping-taxable","21":"purchasable","22":"product-type-variable","23":"add-to-wishlist-before_image"},"exclude_global_add_ons":[],"addons":[],"acf":[],"_links":{"self":[{"href":"https:\/\/shop.kustom.ch\/it\/wp-json\/wp\/v2\/product\/578537"}],"collection":[{"href":"https:\/\/shop.kustom.ch\/it\/wp-json\/wp\/v2\/product"}],"about":[{"href":"https:\/\/shop.kustom.ch\/it\/wp-json\/wp\/v2\/types\/product"}],"wp:featuredmedia":[{"embeddable":true,"href":"https:\/\/shop.kustom.ch\/it\/wp-json\/wp\/v2\/media\/578584"}],"wp:attachment":[{"href":"https:\/\/shop.kustom.ch\/it\/wp-json\/wp\/v2\/media?parent=578537"}],"wp:term":[{"taxonomy":"product_brand","embeddable":true,"href":"https:\/\/shop.kustom.ch\/it\/wp-json\/wp\/v2\/product_brand?post=578537"},{"taxonomy":"product_cat","embeddable":true,"href":"https:\/\/shop.kustom.ch\/it\/wp-json\/wp\/v2\/product_cat?post=578537"},{"taxonomy":"product_tag","embeddable":true,"href":"https:\/\/shop.kustom.ch\/it\/wp-json\/wp\/v2\/product_tag?post=578537"}],"curies":[{"name":"wp","href":"https:\/\/api.w.org\/{rel}","templated":true}]}}