{"id":578498,"date":"2025-03-04T08:51:19","date_gmt":"2025-03-04T07:51:19","guid":{"rendered":"https:\/\/shop.kustom.ch\/?post_type=product&#038;p=578498"},"modified":"2026-03-31T08:22:25","modified_gmt":"2026-03-31T07:22:25","slug":"service-arbeitshose","status":"publish","type":"product","link":"https:\/\/shop.kustom.ch\/it\/prodotto\/service-arbeitshose\/","title":{"rendered":"Pantaloni da lavoro di servizio"},"content":{"rendered":"<p>Pantaloni da lavoro con ginocchia preformate e numerose soluzioni di tasche. Tasca per carte d'identit\u00e0 e cellulare. Strisce riflettenti da 50 mm.<\/p>\n<p>DETTAGLI: Buone superfici per la finitura. Tasca per carta d'identit\u00e0. Bottoni in metallo. Zip in plastica al cavallo. Passanti, uno con anello a D. FUNZIONALIT\u00c0: Materiale idrorepellente resistente. Gambe dei pantaloni particolarmente ergonomiche. CARATTERISTICHE PRINCIPALI: Artigianale. REFLEX: strisce riflettenti larghe 50 mm. TESSUTO: Uomo. nero. Trasporto. TASCHE: Tasca sulla gamba con soffietto, tasca per cellulare e tasca per penna. Tasche posteriori con patta e bottoni a pressione. ISTRUZIONI DI LAVAGGIO: Asciugare a bassa temperatura.<\/p>\n<p>65% poliestere, 35% cotone, twill, tessuto esterno idrorepellente, 240g\/m\u00b2.<\/p>","protected":false},"excerpt":{"rendered":"<p>Eine Arbeitshose mit vorgeformten Knien und vielen Taschenl\u00f6sungen. Ausweis- und Handytasche. 50 mm Reflexstreifen. DETAILS: Gute Oberfl\u00e4chen f\u00fcr Veredelung. Ausweistasche. Metallkn\u00f6pfe. Kunststoff-Reissverschluss im Schritt. Schlaufen, davon eine mit D-Ring. FUNKTIONALIT\u00c4T: Dauerhaft wasserabweisendes Material. Besonders ergonomisch geformte Hosenbeine. HAUPTEIGENSCHAFTEN: Handwerker. REFLEX: 50 mm breite Reflexstreifen. STOFF: Herren. schwarz. Transport. TASCHEN: Beintasche mit Balg, Handytasche und Stifttasche. [&hellip;]<\/p>\n","protected":false},"featured_media":578542,"template":"","meta":[],"product_brand":[],"product_cat":[4185],"product_tag":[],"class_list":{"0":"post-578498","1":"product","2":"type-product","3":"status-publish","4":"has-post-thumbnail","6":"product_cat-hosen","7":"pa_brand-blaklaeder","8":"pa_brand-type-workwear","9":"pa_filter-color-schwarz","11":"first","12":"instock","13":"sale","14":"taxable","15":"shipping-taxable","16":"purchasable","17":"product-type-variable","18":"add-to-wishlist-before_image"},"exclude_global_add_ons":[],"addons":[],"acf":[],"_links":{"self":[{"href":"https:\/\/shop.kustom.ch\/it\/wp-json\/wp\/v2\/product\/578498"}],"collection":[{"href":"https:\/\/shop.kustom.ch\/it\/wp-json\/wp\/v2\/product"}],"about":[{"href":"https:\/\/shop.kustom.ch\/it\/wp-json\/wp\/v2\/types\/product"}],"wp:featuredmedia":[{"embeddable":true,"href":"https:\/\/shop.kustom.ch\/it\/wp-json\/wp\/v2\/media\/578542"}],"wp:attachment":[{"href":"https:\/\/shop.kustom.ch\/it\/wp-json\/wp\/v2\/media?parent=578498"}],"wp:term":[{"taxonomy":"product_brand","embeddable":true,"href":"https:\/\/shop.kustom.ch\/it\/wp-json\/wp\/v2\/product_brand?post=578498"},{"taxonomy":"product_cat","embeddable":true,"href":"https:\/\/shop.kustom.ch\/it\/wp-json\/wp\/v2\/product_cat?post=578498"},{"taxonomy":"product_tag","embeddable":true,"href":"https:\/\/shop.kustom.ch\/it\/wp-json\/wp\/v2\/product_tag?post=578498"}],"curies":[{"name":"wp","href":"https:\/\/api.w.org\/{rel}","templated":true}]}}