{"id":578176,"date":"2025-03-04T08:47:44","date_gmt":"2025-03-04T07:47:44","guid":{"rendered":"https:\/\/shop.kustom.ch\/?post_type=product&#038;p=578176"},"modified":"2026-03-31T08:22:10","modified_gmt":"2026-03-31T07:22:10","slug":"industrie-arbeitshose-stretch-mit-kniepolstertaschen","status":"publish","type":"product","link":"https:\/\/shop.kustom.ch\/it\/prodotto\/industrie-arbeitshose-stretch-mit-kniepolstertaschen\/","title":{"rendered":"Pantaloni da lavoro industriali elasticizzati con tasche per ginocchiere"},"content":{"rendered":"<p>Questi pantaloni fanno parte della nuova collezione industriale elasticizzata di Bl\u00e5kl\u00e4der. Adatti al lavaggio industriale, questi pantaloni antigraffio sono realizzati interamente in tessuto elasticizzato a 2 vie e sono dotati di un elastico in vita per un maggiore comfort. Le caratteristiche nascoste includono una tasca interna per il metro pieghevole, una tasca di sicurezza con cerniera e bottoni a pressione, che rendono questi pantaloni estremamente affidabili, ideali per lavorare in ambienti con superfici sensibili. Le strisce riflettenti garantiscono una maggiore visibilit\u00e0 quando necessario.<\/p>\n<p>DETTAGLI: Anello a D. Bottoni nascosti. Cucitura interna della gamba con tripla impuntura. Zip in plastica sul cavallo. Vita elasticizzata. FUNZIONALIT\u00c0: Senza graffi. Gambe dei pantaloni particolarmente ergonomiche. PROPRIET\u00c0 PRINCIPALI: Potere pulente. EN 14004. REFLEX: Dettagli riflettenti sulla gamba. TESSUTO: Uomo. Antigraffio. Stretch. TASCHE: Tasche sulla gamba con soffietto e patta, bottoni metallici nascosti. Tasca posteriore, una con patta. Tasca interna per cellulare. Tasche esterne per ginocchiere. Tasca interna con zip nascosta. Tasca interna porta metro pieghevole. ISTRUZIONI DI LAVAGGIO: Non candeggiare. LAVAGGIO: lavanderia industriale EN ISO 15797. CERTIFICAZIONE: EN 14404:2004+A1:2010 insieme alla ginocchiera 4057.<\/p>\n<p>63% poliestere, 33% cotone, 4% elastofin, twill, elasticizzato, 260 g\/m\u00b2<\/p>","protected":false},"excerpt":{"rendered":"<p>Diese Hose ist Teil der neuen Industriekollektion aus Stretch von Bl\u00e5kl\u00e4der. Geeignet f\u00fcr die Industriew\u00e4sche, ist diese kratzerresistente Hose komplett aus 2-Wege-Stretch Stoff gefertigt und hat einen elastischen Bund, der f\u00fcr noch mehr Tragekomfort sorgt. Zu den verdeckten Eigenschaften geh\u00f6ren eine Zollstock-Innentasche, eine Sicherheitstasche mit Reissverschluss und Druckkn\u00f6pfe, die diese \u00e4usserst zuverl\u00e4ssige Hose f\u00fcr das [&hellip;]<\/p>\n","protected":false},"featured_media":578235,"template":"","meta":[],"product_brand":[],"product_cat":[4185],"product_tag":[],"class_list":{"0":"post-578176","1":"product","2":"type-product","3":"status-publish","4":"has-post-thumbnail","6":"product_cat-hosen","7":"pa_brand-blaklaeder","8":"pa_brand-type-workwear","9":"pa_filter-color-blau","10":"pa_filter-color-gelb","12":"first","13":"instock","14":"sale","15":"taxable","16":"shipping-taxable","17":"purchasable","18":"product-type-variable","19":"add-to-wishlist-before_image"},"exclude_global_add_ons":[],"addons":[],"acf":[],"_links":{"self":[{"href":"https:\/\/shop.kustom.ch\/it\/wp-json\/wp\/v2\/product\/578176"}],"collection":[{"href":"https:\/\/shop.kustom.ch\/it\/wp-json\/wp\/v2\/product"}],"about":[{"href":"https:\/\/shop.kustom.ch\/it\/wp-json\/wp\/v2\/types\/product"}],"wp:featuredmedia":[{"embeddable":true,"href":"https:\/\/shop.kustom.ch\/it\/wp-json\/wp\/v2\/media\/578235"}],"wp:attachment":[{"href":"https:\/\/shop.kustom.ch\/it\/wp-json\/wp\/v2\/media?parent=578176"}],"wp:term":[{"taxonomy":"product_brand","embeddable":true,"href":"https:\/\/shop.kustom.ch\/it\/wp-json\/wp\/v2\/product_brand?post=578176"},{"taxonomy":"product_cat","embeddable":true,"href":"https:\/\/shop.kustom.ch\/it\/wp-json\/wp\/v2\/product_cat?post=578176"},{"taxonomy":"product_tag","embeddable":true,"href":"https:\/\/shop.kustom.ch\/it\/wp-json\/wp\/v2\/product_tag?post=578176"}],"curies":[{"name":"wp","href":"https:\/\/api.w.org\/{rel}","templated":true}]}}