{"id":577742,"date":"2025-03-04T08:43:14","date_gmt":"2025-03-04T07:43:14","guid":{"rendered":"https:\/\/shop.kustom.ch\/?post_type=product&#038;p=577742"},"modified":"2026-03-31T08:20:54","modified_gmt":"2026-03-31T07:20:54","slug":"service-arbeitshose-denim-stretch","status":"publish","type":"product","link":"https:\/\/shop.kustom.ch\/it\/prodotto\/service-arbeitshose-denim-stretch\/","title":{"rendered":"Pantaloni da lavoro in denim stretch"},"content":{"rendered":"<p>Pantaloni da lavoro di servizio con una vestibilit\u00e0 leggermente pi\u00f9 stretta, realizzati in resistente tessuto denim elasticizzato CORDURA\u00ae. Ideali per i lavori nell'industria automobilistica con elevate esigenze di flessibilit\u00e0 e funzionalit\u00e0. I pantaloni sono resistenti all'abrasione e il tessuto \u00e8 robusto e flessibile. Tasche intelligenti, buona vestibilit\u00e0 con taglio sartoriale, gambe preformate e strisce nere riflettenti per garantire la visibilit\u00e0. Tasche interne per ginocchiere. Il capo \u00e8 prelavato per una sensazione pi\u00f9 morbida.<\/p>\n<p>DETTAGLI: Bottoni nascosti. Cucitura al cavallo come doppia cucitura. Cerniera metallica sul cavallo. Ricamo Bl\u00e5kl\u00e4der sul retro. FUNZIONALIT\u00c0: Senza graffi. Gambe dei pantaloni particolarmente ergonomiche. CARATTERISTICHE PRINCIPALI: Driver. EN 14004. REFLEX: Dettagli riflettenti sulla gamba. TESSUTO: Disponibile per uomo e donna. blu. Stretch. Stretch. TASCHE: Tasca sulla gamba con portapenne e portacoltelli, tasca interna porta righello. Tasche posteriori. Tasche interne per ginocchiere. Tasca portamonete. Tasche laterali. ISTRUZIONI DI LAVAGGIO: 40\u00b0 C. CERTIFICAZIONE: EN 14404:2004+A1:2010 con ginocchiera 4057<\/p>\n<p>55% cotone, 15% poliammide, 30% poliestere, denim, rivestito, CORDURA\u00ae denim, stretch, 340 g\/m\u00b2<\/p>","protected":false},"excerpt":{"rendered":"<p>Service Arbeitshose mit leicht engerer Passform aus einem strapazierf\u00e4higen CORDURA\u00ae Denim Stretch Stoff. Ideal f\u00fcr die Arbeit in der Automobilindustrie mit hohen Anforderungen an Flexibilit\u00e4t und Funktionen. Die Hose ist abriebbest\u00e4ndig und der Stoff ist stark und flexibel. Intelligente Taschen, eine gute Passform mit tailliertem Schnitt, vorgeformte Beine und schwarze Reflexstreifen, um die Sichtbarkeit sicher [&hellip;]<\/p>\n","protected":false},"featured_media":577782,"template":"","meta":[],"product_brand":[],"product_cat":[4185],"product_tag":[],"class_list":{"0":"post-577742","1":"product","2":"type-product","3":"status-publish","4":"has-post-thumbnail","6":"product_cat-hosen","7":"pa_brand-blaklaeder","8":"pa_brand-type-workwear","9":"pa_filter-color-blau","10":"pa_filter-color-schwarz","12":"first","13":"instock","14":"sale","15":"taxable","16":"shipping-taxable","17":"purchasable","18":"product-type-variable","19":"add-to-wishlist-before_image"},"exclude_global_add_ons":[],"addons":[],"acf":[],"_links":{"self":[{"href":"https:\/\/shop.kustom.ch\/it\/wp-json\/wp\/v2\/product\/577742"}],"collection":[{"href":"https:\/\/shop.kustom.ch\/it\/wp-json\/wp\/v2\/product"}],"about":[{"href":"https:\/\/shop.kustom.ch\/it\/wp-json\/wp\/v2\/types\/product"}],"wp:featuredmedia":[{"embeddable":true,"href":"https:\/\/shop.kustom.ch\/it\/wp-json\/wp\/v2\/media\/577782"}],"wp:attachment":[{"href":"https:\/\/shop.kustom.ch\/it\/wp-json\/wp\/v2\/media?parent=577742"}],"wp:term":[{"taxonomy":"product_brand","embeddable":true,"href":"https:\/\/shop.kustom.ch\/it\/wp-json\/wp\/v2\/product_brand?post=577742"},{"taxonomy":"product_cat","embeddable":true,"href":"https:\/\/shop.kustom.ch\/it\/wp-json\/wp\/v2\/product_cat?post=577742"},{"taxonomy":"product_tag","embeddable":true,"href":"https:\/\/shop.kustom.ch\/it\/wp-json\/wp\/v2\/product_tag?post=577742"}],"curies":[{"name":"wp","href":"https:\/\/api.w.org\/{rel}","templated":true}]}}