{"id":577552,"date":"2025-03-04T08:41:21","date_gmt":"2025-03-04T07:41:21","guid":{"rendered":"https:\/\/shop.kustom.ch\/?post_type=product&#038;p=577552"},"modified":"2026-03-31T08:20:08","modified_gmt":"2026-03-31T07:20:08","slug":"service-arbeitshose-4-wege-stretch","status":"publish","type":"product","link":"https:\/\/shop.kustom.ch\/it\/prodotto\/service-arbeitshose-4-wege-stretch\/","title":{"rendered":"Pantaloni da lavoro di servizio elasticizzati in 4 direzioni"},"content":{"rendered":"<p>Pantaloni da lavoro antigraffio in comoda fibra elasticizzata in 4 direzioni che possono essere indossati sia al lavoro che nel tempo libero all'aperto. I pantaloni hanno una vestibilit\u00e0 pi\u00f9 sottile e sembrano pi\u00f9 aderenti, cosa che oggi piace a molti indossatori. L'elastico in vita offre un maggiore comfort. L'orlo \u00e8 regolabile e l'inserto in rete sul retro delle ginocchia garantisce una maggiore ventilazione. Le giornate scomode al lavoro saranno un lontano ricordo.<\/p>\n<p>CHIUSURA: Polsini elasticizzati. DETTAGLI: Buone superfici per le finiture. Bottoni in metallo. Zip in plastica al cavallo. Vita elasticizzata. FUNZIONALIT\u00c0: Inserto in rete nella parte posteriore del ginocchio. Gambe dei pantaloni particolarmente ergonomiche. PROPRIET\u00c0 PRINCIPALI: Lavoratore di magazzino. REFLEX: Dettagli riflettenti neri. TESSUTO: Disponibile per uomo e donna. verde. Stretch. Stretch. TASCHE: Tasca sulla gamba sinistra con patta e bottone magnetico nascosto e tasca interna in rete per cellulare. Tasca interna con zip nascosta. Tasca per il regolo pieghevole con tasca per coltello e penna. ISTRUZIONI DI LAVAGGIO: Non stirare. RINFORZO: tasche rinforzate in CORDURA\u00ae.<\/p>\n<p>Poliammide 92%, elastan 8%, doppio tessuto, elasticizzato in 4 direzioni, 230 g\/m\u00b2.<\/p>","protected":false},"excerpt":{"rendered":"<p>Kratzerresistente Service Arbeitshose aus bequemer 4-Wege-Stretch Faser, die sowohl bei der Arbeit als auch in der Freizeit im Freien getragen werden kann. Die Hose hat eine schlankere Passform und sieht enger aus, was heute bei vielen Tr\u00e4gern beliebt ist. Der elastische Bund sorgt f\u00fcr zus\u00e4tzlichen Komfort. Der Saum ist verstellbar und der Netzeinsatz an der [&hellip;]<\/p>\n","protected":false},"featured_media":577594,"template":"","meta":[],"product_brand":[],"product_cat":[4185],"product_tag":[],"class_list":{"0":"post-577552","1":"product","2":"type-product","3":"status-publish","4":"has-post-thumbnail","6":"product_cat-hosen","7":"pa_brand-blaklaeder","8":"pa_brand-type-workwear","9":"pa_filter-color-blau","10":"pa_filter-color-gelb","11":"pa_filter-color-grau","12":"pa_filter-color-gruen","13":"pa_filter-color-rot","14":"pa_filter-color-schwarz","16":"first","17":"instock","18":"sale","19":"taxable","20":"shipping-taxable","21":"purchasable","22":"product-type-variable","23":"add-to-wishlist-before_image"},"exclude_global_add_ons":[],"addons":[],"acf":[],"_links":{"self":[{"href":"https:\/\/shop.kustom.ch\/it\/wp-json\/wp\/v2\/product\/577552"}],"collection":[{"href":"https:\/\/shop.kustom.ch\/it\/wp-json\/wp\/v2\/product"}],"about":[{"href":"https:\/\/shop.kustom.ch\/it\/wp-json\/wp\/v2\/types\/product"}],"wp:featuredmedia":[{"embeddable":true,"href":"https:\/\/shop.kustom.ch\/it\/wp-json\/wp\/v2\/media\/577594"}],"wp:attachment":[{"href":"https:\/\/shop.kustom.ch\/it\/wp-json\/wp\/v2\/media?parent=577552"}],"wp:term":[{"taxonomy":"product_brand","embeddable":true,"href":"https:\/\/shop.kustom.ch\/it\/wp-json\/wp\/v2\/product_brand?post=577552"},{"taxonomy":"product_cat","embeddable":true,"href":"https:\/\/shop.kustom.ch\/it\/wp-json\/wp\/v2\/product_cat?post=577552"},{"taxonomy":"product_tag","embeddable":true,"href":"https:\/\/shop.kustom.ch\/it\/wp-json\/wp\/v2\/product_tag?post=577552"}],"curies":[{"name":"wp","href":"https:\/\/api.w.org\/{rel}","templated":true}]}}