{"id":577160,"date":"2025-03-04T08:36:30","date_gmt":"2025-03-04T07:36:30","guid":{"rendered":"https:\/\/shop.kustom.ch\/?post_type=product&#038;p=577160"},"modified":"2026-03-31T08:19:10","modified_gmt":"2026-03-31T07:19:10","slug":"arbeitshose-profil","status":"publish","type":"product","link":"https:\/\/shop.kustom.ch\/it\/prodotto\/arbeitshose-profil\/","title":{"rendered":"Profilo dei pantaloni da lavoro"},"content":{"rendered":"<p>Pantaloni versatili con tasche oblique, tasca posteriore con bottone e tasche sulle gambe, una delle quali con patta e triplo scomparto per le penne. Pantaloni da lavoro morbidi ma resistenti, disponibili in diversi colori accattivanti.<\/p>\n<p>DETTAGLI: Bottoni in plastica. Zip in metallo al cavallo. Passanti, uno con anello a D. CARATTERISTICHE PRINCIPALI: potere pulente. TESSUTO: Uomo. Nero. Industria \/ Servizio. TASCHE: Tasche sulle gambe, una con patta e tasca portapenne in tre parti cucita. Tasca posteriore con bottone a pressione. Tasca per cellulare. ISTRUZIONI DI LAVAGGIO: Non candeggiare.<\/p>\n<p>100% Cotone, twill, 370 g\/m\u00b2<\/p>","protected":false},"excerpt":{"rendered":"<p>Vielseitige Hose mit schr\u00e4gen Taschen, einer gekn\u00f6pften Ges\u00e4sstasche und Beintaschen, eine davon mit Patte und dreifachem Stiftfach. Weiche und dennoch strapazierf\u00e4hige Service Arbeitshose in mehreren attraktiven Farben. DETAILS: Kunststoff-Kn\u00f6pfe. Metall-Reissverschluss im Schritt. Schlaufen, davon eine mit D-Ring. HAUPTEIGENSCHAFTEN: Reinigungskraft. STOFF: Herren. schwarz. Industrie \/ Service. TASCHEN: Beintaschen, eine mit Patte und aufgen\u00e4hter dreiteiliger Stifttasche. Ges\u00e4sstasche [&hellip;]<\/p>\n","protected":false},"featured_media":577207,"template":"","meta":[],"product_brand":[],"product_cat":[4185],"product_tag":[],"class_list":{"0":"post-577160","1":"product","2":"type-product","3":"status-publish","4":"has-post-thumbnail","6":"product_cat-hosen","7":"pa_brand-blaklaeder","8":"pa_brand-type-workwear","9":"pa_filter-color-blau","10":"pa_filter-color-grau","11":"pa_filter-color-schwarz","13":"first","14":"instock","15":"sale","16":"taxable","17":"shipping-taxable","18":"purchasable","19":"product-type-variable","20":"add-to-wishlist-before_image"},"exclude_global_add_ons":[],"addons":[],"acf":[],"_links":{"self":[{"href":"https:\/\/shop.kustom.ch\/it\/wp-json\/wp\/v2\/product\/577160"}],"collection":[{"href":"https:\/\/shop.kustom.ch\/it\/wp-json\/wp\/v2\/product"}],"about":[{"href":"https:\/\/shop.kustom.ch\/it\/wp-json\/wp\/v2\/types\/product"}],"wp:featuredmedia":[{"embeddable":true,"href":"https:\/\/shop.kustom.ch\/it\/wp-json\/wp\/v2\/media\/577207"}],"wp:attachment":[{"href":"https:\/\/shop.kustom.ch\/it\/wp-json\/wp\/v2\/media?parent=577160"}],"wp:term":[{"taxonomy":"product_brand","embeddable":true,"href":"https:\/\/shop.kustom.ch\/it\/wp-json\/wp\/v2\/product_brand?post=577160"},{"taxonomy":"product_cat","embeddable":true,"href":"https:\/\/shop.kustom.ch\/it\/wp-json\/wp\/v2\/product_cat?post=577160"},{"taxonomy":"product_tag","embeddable":true,"href":"https:\/\/shop.kustom.ch\/it\/wp-json\/wp\/v2\/product_tag?post=577160"}],"curies":[{"name":"wp","href":"https:\/\/api.w.org\/{rel}","templated":true}]}}