{"id":577133,"date":"2025-03-04T08:35:54","date_gmt":"2025-03-04T07:35:54","guid":{"rendered":"https:\/\/shop.kustom.ch\/?post_type=product&#038;p=577133"},"modified":"2026-03-31T08:18:50","modified_gmt":"2026-03-31T07:18:50","slug":"high-vis-ueberziehhose-level-1","status":"publish","type":"product","link":"https:\/\/shop.kustom.ch\/it\/prodotto\/high-vis-ueberziehhose-level-1\/","title":{"rendered":"Pantalone alta visibilit\u00e0 livello 1"},"content":{"rendered":"<p>Pantaloni overtrouser in alta visibilit\u00e0 per tutti coloro che svolgono mansioni lavorative che richiedono un abbigliamento antipioggia leggero e morbido. Sono antivento e impermeabili, hanno cuciture nastrate e un gancio che pu\u00f2 essere agganciato alla cintura o al cinturino dei pantaloni. Certificati secondo la norma EN 343, indumenti protettivi contro le intemperie e EN 471 \/ EN ISO 20471, classe 2, indumenti protettivi ad alta visibilit\u00e0.<\/p>\n<p>CHIUSURA: La lunghezza si regola con ganci. DETTAGLI: Gancio a scatto, plastica. FUNZIONALIT\u00c0: Antivento e impermeabile con cuciture nastrate. PROPRIET\u00c0 PRINCIPALI: Lavoratori stradali ed edili. EN 343. TESSUTO: Uomo. Giallo alta visibilit\u00e0. impermeabile. Alta visibilit\u00e0. ISTRUZIONI DI LAVAGGIO: Numero di lavaggi: x 5 - si applica al colore 5500. Non candeggiare. CERTIFICAZIONE: EN 343, classe 3.1. EN ISO 20471, classe 2.<\/p>\n<p>Poliestere 100%, rivestito in PU, antivento e impermeabile, 185g\/m\u00b2.<\/p>","protected":false},"excerpt":{"rendered":"<p>Eine \u00dcberziehhose in High Vis f\u00fcr all jene mit Arbeitsaufgaben, die leichte und sanfte Regenkleidung erfordern. Sie ist wind- und wasserdicht und hat verschweisste N\u00e4hte und einen Haken, der am G\u00fcrtel oder am Hosenriemen befestigt werden kann. Zertifiziert nach EN 343, Schutzkleidung vor schlechtem Wetter und EN 471 \/ EN ISO 20471, Klasse 2, Schutzkleidung [&hellip;]<\/p>\n","protected":false},"featured_media":577178,"template":"","meta":[],"product_brand":[],"product_cat":[4185],"product_tag":[],"class_list":{"0":"post-577133","1":"product","2":"type-product","3":"status-publish","4":"has-post-thumbnail","6":"product_cat-hosen","7":"pa_brand-blaklaeder","8":"pa_brand-type-workwear","9":"pa_filter-color-gelb","10":"pa_filter-color-orange","12":"first","13":"instock","14":"sale","15":"taxable","16":"shipping-taxable","17":"purchasable","18":"product-type-variable","19":"add-to-wishlist-before_image"},"exclude_global_add_ons":[],"addons":[],"acf":[],"_links":{"self":[{"href":"https:\/\/shop.kustom.ch\/it\/wp-json\/wp\/v2\/product\/577133"}],"collection":[{"href":"https:\/\/shop.kustom.ch\/it\/wp-json\/wp\/v2\/product"}],"about":[{"href":"https:\/\/shop.kustom.ch\/it\/wp-json\/wp\/v2\/types\/product"}],"wp:featuredmedia":[{"embeddable":true,"href":"https:\/\/shop.kustom.ch\/it\/wp-json\/wp\/v2\/media\/577178"}],"wp:attachment":[{"href":"https:\/\/shop.kustom.ch\/it\/wp-json\/wp\/v2\/media?parent=577133"}],"wp:term":[{"taxonomy":"product_brand","embeddable":true,"href":"https:\/\/shop.kustom.ch\/it\/wp-json\/wp\/v2\/product_brand?post=577133"},{"taxonomy":"product_cat","embeddable":true,"href":"https:\/\/shop.kustom.ch\/it\/wp-json\/wp\/v2\/product_cat?post=577133"},{"taxonomy":"product_tag","embeddable":true,"href":"https:\/\/shop.kustom.ch\/it\/wp-json\/wp\/v2\/product_tag?post=577133"}],"curies":[{"name":"wp","href":"https:\/\/api.w.org\/{rel}","templated":true}]}}