{"id":577084,"date":"2025-03-04T08:34:46","date_gmt":"2025-03-04T07:34:46","guid":{"rendered":"https:\/\/shop.kustom.ch\/?post_type=product&#038;p=577084"},"modified":"2026-03-31T08:18:47","modified_gmt":"2026-03-31T07:18:47","slug":"high-vis-regenhose-level-1","status":"publish","type":"product","link":"https:\/\/shop.kustom.ch\/it\/prodotto\/high-vis-regenhose-level-1\/","title":{"rendered":"Pantaloni antipioggia ad alta visibilit\u00e0 livello 1"},"content":{"rendered":"<p>Pantaloni antipioggia in alta visibilit\u00e0 per tutti coloro che svolgono attivit\u00e0 lavorative che richiedono un abbigliamento antipioggia leggero e morbido. I pantaloni sono antivento e impermeabili, con cuciture nastrate e strisce riflettenti sul davanti e sul retro. Hanno una buona vestibilit\u00e0 grazie all'elastico in vita con coulisse e al bordo inferiore regolabile con bottoni. Certificati secondo la norma EN 343, indumenti protettivi contro le intemperie e la norma EN ISO 20471, classe 2, indumenti protettivi ad alta visibilit\u00e0.<\/p>\n<p>CHIUSURA: Polsini delle gambe regolabili con bottoni. DETTAGLI: Coulisse regolabile in vita. FUNZIONALIT\u00c0: Antivento e impermeabile con cuciture nastrate. PROPRIET\u00c0 PRINCIPALI: Lavoratori stradali ed edili. EN 343. REFLEX: strisce riflettenti larghe 65 mm. TESSUTO: Uomo. Giallo alta visibilit\u00e0. impermeabile. Alta visibilit\u00e0. ISTRUZIONI DI LAVAGGIO: Numero di lavaggi: x 5 - si applica al colore 5500. 40\u00b0 C. CERTIFICAZIONE: EN 343, classe 3.1. EN ISO 20471, classe 2.<\/p>\n<p>Poliestere 100%, rivestito in PU, antivento e impermeabile, 185g\/m\u00b2.<\/p>","protected":false},"excerpt":{"rendered":"<p>Eine Regenhose in High Vis f\u00fcr all jene mit Arbeitsaufgaben, die leichte und sanfte Regenkleidung erfordern. Die Hose ist wind- und wasserdicht mit veschweissten N\u00e4hten und hat Reflexstreifen vorne und hinten. Sie hat eine gute Passform mit Gummiband und Kordelzug an der Taille und eine verstellbare Unterkante mit Kn\u00f6pfen. Zertifiziert nach EN 343, Schutzkleidung vor [&hellip;]<\/p>\n","protected":false},"featured_media":577152,"template":"","meta":[],"product_brand":[],"product_cat":[4185],"product_tag":[],"class_list":{"0":"post-577084","1":"product","2":"type-product","3":"status-publish","4":"has-post-thumbnail","6":"product_cat-hosen","7":"pa_brand-blaklaeder","8":"pa_brand-type-workwear","9":"pa_filter-color-gelb","10":"pa_filter-color-orange","11":"pa_filter-color-rot","13":"first","14":"instock","15":"sale","16":"taxable","17":"shipping-taxable","18":"purchasable","19":"product-type-variable","20":"add-to-wishlist-before_image"},"exclude_global_add_ons":[],"addons":[],"acf":[],"_links":{"self":[{"href":"https:\/\/shop.kustom.ch\/it\/wp-json\/wp\/v2\/product\/577084"}],"collection":[{"href":"https:\/\/shop.kustom.ch\/it\/wp-json\/wp\/v2\/product"}],"about":[{"href":"https:\/\/shop.kustom.ch\/it\/wp-json\/wp\/v2\/types\/product"}],"wp:featuredmedia":[{"embeddable":true,"href":"https:\/\/shop.kustom.ch\/it\/wp-json\/wp\/v2\/media\/577152"}],"wp:attachment":[{"href":"https:\/\/shop.kustom.ch\/it\/wp-json\/wp\/v2\/media?parent=577084"}],"wp:term":[{"taxonomy":"product_brand","embeddable":true,"href":"https:\/\/shop.kustom.ch\/it\/wp-json\/wp\/v2\/product_brand?post=577084"},{"taxonomy":"product_cat","embeddable":true,"href":"https:\/\/shop.kustom.ch\/it\/wp-json\/wp\/v2\/product_cat?post=577084"},{"taxonomy":"product_tag","embeddable":true,"href":"https:\/\/shop.kustom.ch\/it\/wp-json\/wp\/v2\/product_tag?post=577084"}],"curies":[{"name":"wp","href":"https:\/\/api.w.org\/{rel}","templated":true}]}}