{"id":577082,"date":"2025-03-04T08:34:45","date_gmt":"2025-03-04T07:34:45","guid":{"rendered":"https:\/\/shop.kustom.ch\/?post_type=product&#038;p=577082"},"modified":"2026-03-31T08:18:31","modified_gmt":"2026-03-31T07:18:31","slug":"flammschutz-regenhose-level-2","status":"publish","type":"product","link":"https:\/\/shop.kustom.ch\/it\/prodotto\/flammschutz-regenhose-level-2\/","title":{"rendered":"Pantaloni antipioggia antifiamma livello 2"},"content":{"rendered":"<p>Pantaloni antipioggia ignifughi per attivit\u00e0 che richiedono un abbigliamento antipioggia robusto ma flessibile, in cui \u00e8 necessario essere visibili. I pantaloni sono antivento e impermeabili, con cuciture nastrate che impediscono all'umidit\u00e0 di penetrare. Hanno una buona vestibilit\u00e0 grazie all'ampio elastico posteriore, alle bretelle regolabili e staccabili e ai polsini regolabili con bottoni e velcro. Inoltre, i pantaloni hanno una tasca sulla gamba con soffietto e pattina e aperture con pattine per appendere le tasche per i chiodi. I pantaloni sono dotati di strisce riflettenti per il trasferimento. Certificato secondo le norme EN 1149-5, EN ISO 20471, EN 343, EN ISO 14116, IEC 61482-2.<\/p>\n<p>CHIUSURA: Polsini regolabili con chiusura in velcro. DETTAGLI: Strisce riflettenti stampate. Bretelle regolabili e staccabili con coulisse elastica. Bottoni a pressione in plastica. Cuciture nastrate. Passanti. Elastico in vita e coulisse. FUNZIONALIT\u00c0: Antivento e impermeabile con cuciture nastrate. CARATTERISTICHE PRINCIPALI: Artigianale. EN ISO 14116. REFLEX: strisce riflettenti stampate. TESSUTO: Uomo. blu. antivento. Ritardante di fiamma. TASCHE: Tasca sulla gamba con soffietto e patta. Apertura con patta per consentire l'uscita delle tasche per i chiodi. ISTRUZIONI DI LAVAGGIO: Non lavare a secco. CERTIFICAZIONE: EN 1149-5. EN 343, classe 4.1. EN ISO 14116, indice 3. EN ISO 20471, classe 2. IEC 61482-2, APC 1.<\/p>\n<p>67% poliestere, 33% cotone, rivestito in PVC, antivento e impermeabile, ignifugo, antistatico, 390 g\/m\u00b2.<\/p>","protected":false},"excerpt":{"rendered":"<p>Eine flammhemmende Regenhose f\u00fcr Aufgaben, die robuste und gleichzeitig flexible Regenkleidung erfordern, in der Sie auch sichtbar sein m\u00fcssen. Die Hose ist wind- und wasserdicht mit verschweissten N\u00e4hten, die keine Feuchtigkeit eindringen lassen. Sie hat eine gute Passform mit breitem Gummizug am R\u00fccken, verstellbaren und abnehmbaren Hosentr\u00e4gern und verstellbaren Beinabschl\u00fcssen mit Kn\u00f6pfen und Klettverschluss. Zus\u00e4tzlich [&hellip;]<\/p>\n","protected":false},"featured_media":577129,"template":"","meta":[],"product_brand":[],"product_cat":[4185],"product_tag":[],"class_list":{"0":"post-577082","1":"product","2":"type-product","3":"status-publish","4":"has-post-thumbnail","6":"product_cat-hosen","7":"pa_brand-blaklaeder","8":"pa_brand-type-workwear","9":"pa_filter-color-blau","10":"pa_filter-color-gelb","12":"first","13":"instock","14":"sale","15":"taxable","16":"shipping-taxable","17":"purchasable","18":"product-type-variable","19":"add-to-wishlist-before_image"},"exclude_global_add_ons":[],"addons":[],"acf":[],"_links":{"self":[{"href":"https:\/\/shop.kustom.ch\/it\/wp-json\/wp\/v2\/product\/577082"}],"collection":[{"href":"https:\/\/shop.kustom.ch\/it\/wp-json\/wp\/v2\/product"}],"about":[{"href":"https:\/\/shop.kustom.ch\/it\/wp-json\/wp\/v2\/types\/product"}],"wp:featuredmedia":[{"embeddable":true,"href":"https:\/\/shop.kustom.ch\/it\/wp-json\/wp\/v2\/media\/577129"}],"wp:attachment":[{"href":"https:\/\/shop.kustom.ch\/it\/wp-json\/wp\/v2\/media?parent=577082"}],"wp:term":[{"taxonomy":"product_brand","embeddable":true,"href":"https:\/\/shop.kustom.ch\/it\/wp-json\/wp\/v2\/product_brand?post=577082"},{"taxonomy":"product_cat","embeddable":true,"href":"https:\/\/shop.kustom.ch\/it\/wp-json\/wp\/v2\/product_cat?post=577082"},{"taxonomy":"product_tag","embeddable":true,"href":"https:\/\/shop.kustom.ch\/it\/wp-json\/wp\/v2\/product_tag?post=577082"}],"curies":[{"name":"wp","href":"https:\/\/api.w.org\/{rel}","templated":true}]}}