{"id":577061,"date":"2025-03-04T08:34:41","date_gmt":"2025-03-04T07:34:41","guid":{"rendered":"https:\/\/shop.kustom.ch\/?post_type=product&#038;p=577061"},"modified":"2026-03-31T08:18:29","modified_gmt":"2026-03-31T07:18:29","slug":"high-vis-regenhose-level-3","status":"publish","type":"product","link":"https:\/\/shop.kustom.ch\/it\/prodotto\/high-vis-regenhose-level-3\/","title":{"rendered":"Pantaloni antipioggia ad alta visibilit\u00e0 livello 3"},"content":{"rendered":"<p>Pantaloni impermeabili per facilitare il lavoro in condizioni climatiche estreme. Questi pantaloni impermeabili ad alta visibilit\u00e0 sono stati sviluppati per compiti impegnativi in condizioni climatiche estreme. Il materiale \u00e8 resistente e durevole, ma i pantaloni sono comunque flessibili e comodi da indossare sopra il normale abbigliamento da lavoro. I pantaloni sono elasticizzati sul retro e i polsini delle gambe regolabili con bottoni li rendono facili da indossare e togliere sopra gli stivali. Sono dotati di pratiche tasche con soffietti e pattine e una tasca per il righello con portacoltelli \u00e8 facilmente accessibile per rendere il lavoro pi\u00f9 efficiente. I pantaloni sono rinforzati sulle ginocchia e sulla parte inferiore delle gambe per una maggiore durata. Certificati secondo la norma EN 343, indumenti protettivi contro le intemperie e la norma EN ISO 20471, classe 2, indumenti protettivi ad alta visibilit\u00e0.<\/p>\n<p>CHIUSURA: Polsini delle gambe regolabili con bottoni. DETTAGLI: Bretelle regolabili e staccabili con elastico in vita. Vita regolabile con coulisse e ampio elastico posteriore. FUNZIONALIT\u00c0: Antivento e impermeabile con cuciture nastrate. CARATTERISTICHE PRINCIPALI: Lavoratore da giardino. EN 343. REFLEX: strisce riflettenti larghe 65 mm. TESSUTO: Uomo. Giallo alta visibilit\u00e0. antivento. Pioggia. TASCA: Tasca sulla gamba con soffietto e patta. Apertura con patta per consentire la fuoriuscita delle tasche portachiodi. Tasca porta metro pieghevole con tasca supplementare e porta coltello. ISTRUZIONI DI LAVAGGIO: Numero di lavaggi: 25. 40\u00b0 C. RINFORZO: Rinforzato alle ginocchia e al polpaccio. CERTIFICAZIONE: EN 343, classe 3.1. EN ISO 20471, classe 2.<\/p>\n<p>Poliestere 100% (84% PVC\/16% PU), antivento e impermeabile, traspirante, 350 g\/m\u00b2.<\/p>","protected":false},"excerpt":{"rendered":"<p>Wasserdichte \u00dcberziehhose, um die Arbeit bei extremen Wetter zu erleichtern. Diese wasserdichte High Vis Hose wurde f\u00fcr fordernde Aufgaben unter extremen Wetterbedingungen entwickelt. Das Material ist strapazierf\u00e4hig und fest, aber die Hose ist trotzdem flexibel und bequem \u00fcber normaler Arbeitskleidung zu tragen. Die Hose ist hinten elastisch und einstellbare Beinabschl\u00fcsse mit Kn\u00f6pfen erleichtern das an- [&hellip;]<\/p>\n","protected":false},"featured_media":577103,"template":"","meta":[],"product_brand":[],"product_cat":[4185],"product_tag":[],"class_list":{"0":"post-577061","1":"product","2":"type-product","3":"status-publish","4":"has-post-thumbnail","6":"product_cat-hosen","7":"pa_brand-blaklaeder","8":"pa_brand-type-workwear","9":"pa_filter-color-gelb","10":"pa_filter-color-orange","12":"first","13":"instock","14":"sale","15":"taxable","16":"shipping-taxable","17":"purchasable","18":"product-type-variable","19":"add-to-wishlist-before_image"},"exclude_global_add_ons":[],"addons":[],"acf":[],"_links":{"self":[{"href":"https:\/\/shop.kustom.ch\/it\/wp-json\/wp\/v2\/product\/577061"}],"collection":[{"href":"https:\/\/shop.kustom.ch\/it\/wp-json\/wp\/v2\/product"}],"about":[{"href":"https:\/\/shop.kustom.ch\/it\/wp-json\/wp\/v2\/types\/product"}],"wp:featuredmedia":[{"embeddable":true,"href":"https:\/\/shop.kustom.ch\/it\/wp-json\/wp\/v2\/media\/577103"}],"wp:attachment":[{"href":"https:\/\/shop.kustom.ch\/it\/wp-json\/wp\/v2\/media?parent=577061"}],"wp:term":[{"taxonomy":"product_brand","embeddable":true,"href":"https:\/\/shop.kustom.ch\/it\/wp-json\/wp\/v2\/product_brand?post=577061"},{"taxonomy":"product_cat","embeddable":true,"href":"https:\/\/shop.kustom.ch\/it\/wp-json\/wp\/v2\/product_cat?post=577061"},{"taxonomy":"product_tag","embeddable":true,"href":"https:\/\/shop.kustom.ch\/it\/wp-json\/wp\/v2\/product_tag?post=577061"}],"curies":[{"name":"wp","href":"https:\/\/api.w.org\/{rel}","templated":true}]}}