{"id":577036,"date":"2025-03-04T08:34:03","date_gmt":"2025-03-04T07:34:03","guid":{"rendered":"https:\/\/shop.kustom.ch\/?post_type=product&#038;p=577036"},"modified":"2026-03-31T08:18:26","modified_gmt":"2026-03-31T07:18:26","slug":"regenhose-level-2-2","status":"publish","type":"product","link":"https:\/\/shop.kustom.ch\/it\/prodotto\/regenhose-level-2-2\/","title":{"rendered":"Pantaloni da pioggia di livello 2"},"content":{"rendered":"<p>Pantaloni antipioggia per tutti coloro che svolgono attivit\u00e0 lavorative che richiedono un abbigliamento antipioggia robusto ma mobile. I pantaloni sono antivento e impermeabili, con cuciture nastrate. Hanno una buona vestibilit\u00e0 grazie all'ampio elastico posteriore, alle bretelle regolabili e staccabili e al fondo gamba regolabile con bottoni. Tasche facilmente accessibili, come la tasca sulla gamba con soffietto e patta, la tasca per il righello con tasca supplementare e portafiori e l'apertura con patta per far uscire le tasche per le unghie. I pantaloni sono rinforzati alle ginocchia e al polpaccio. Certificato secondo la norma EN 343, abbigliamento protettivo contro le intemperie.<\/p>\n<p>CHIUSURA: Polsini delle gambe regolabili con bottoni. DETTAGLI: Bretelle regolabili e staccabili con elastico in vita. Vita regolabile con coulisse e ampio elastico posteriore. FUNZIONALIT\u00c0: Antivento e impermeabile con cuciture nastrate. CARATTERISTICHE PRINCIPALI: Artigianale. EN 343. REFLEX: Dettagli riflettenti sulla gamba. TESSUTO: Uomo. verde. antivento. Pioggia. TASCHE: Tasca sulla gamba con soffietto e patta. Apertura con patta per consentire la fuoriuscita dei chiodi. Tasca porta metro pieghevole con tasca aggiuntiva e porta coltello. ISTRUZIONI DI LAVAGGIO: Numero di lavaggi: 25, non candeggiare. RINFORZO: Rinforzato alle ginocchia e al polpaccio. CERTIFICAZIONE: EN 343, classe 3.1.<\/p>\n<p>Poliestere 100%, rivestito in PU, antivento e impermeabile, 240g\/m\u00b2.<\/p>","protected":false},"excerpt":{"rendered":"<p>Eine Regenhose f\u00fcr all jene mit Arbeitsaufgaben, die robuste aber bewegliche Regenkleidung erfordern. Die Hose ist wind- und wasserdicht mit verschweissten N\u00e4hten. Sie hat eine gute Passform mit breitem Gummiband am R\u00fccken, verstellbare und abnehmbare Hosentr\u00e4ger und einstellbare Beinenden mit Kn\u00f6pfen. Leicht zug\u00e4ngliche Taschen, wie eine Beintasche mit Balg und Patte, Zollstocktasche mit extra Tasche [&hellip;]<\/p>\n","protected":false},"featured_media":577099,"template":"","meta":[],"product_brand":[],"product_cat":[4185],"product_tag":[],"class_list":{"0":"post-577036","1":"product","2":"type-product","3":"status-publish","4":"has-post-thumbnail","6":"product_cat-hosen","7":"pa_brand-blaklaeder","8":"pa_brand-type-workwear","9":"pa_filter-color-gruen","10":"pa_filter-color-schwarz","12":"first","13":"instock","14":"sale","15":"taxable","16":"shipping-taxable","17":"purchasable","18":"product-type-variable","19":"add-to-wishlist-before_image"},"exclude_global_add_ons":[],"addons":[],"acf":[],"_links":{"self":[{"href":"https:\/\/shop.kustom.ch\/it\/wp-json\/wp\/v2\/product\/577036"}],"collection":[{"href":"https:\/\/shop.kustom.ch\/it\/wp-json\/wp\/v2\/product"}],"about":[{"href":"https:\/\/shop.kustom.ch\/it\/wp-json\/wp\/v2\/types\/product"}],"wp:featuredmedia":[{"embeddable":true,"href":"https:\/\/shop.kustom.ch\/it\/wp-json\/wp\/v2\/media\/577099"}],"wp:attachment":[{"href":"https:\/\/shop.kustom.ch\/it\/wp-json\/wp\/v2\/media?parent=577036"}],"wp:term":[{"taxonomy":"product_brand","embeddable":true,"href":"https:\/\/shop.kustom.ch\/it\/wp-json\/wp\/v2\/product_brand?post=577036"},{"taxonomy":"product_cat","embeddable":true,"href":"https:\/\/shop.kustom.ch\/it\/wp-json\/wp\/v2\/product_cat?post=577036"},{"taxonomy":"product_tag","embeddable":true,"href":"https:\/\/shop.kustom.ch\/it\/wp-json\/wp\/v2\/product_tag?post=577036"}],"curies":[{"name":"wp","href":"https:\/\/api.w.org\/{rel}","templated":true}]}}