{"id":577013,"date":"2025-03-04T08:33:58","date_gmt":"2025-03-04T07:33:58","guid":{"rendered":"https:\/\/shop.kustom.ch\/?post_type=product&#038;p=577013"},"modified":"2026-03-31T08:18:24","modified_gmt":"2026-03-31T07:18:24","slug":"regenhose-level-2","status":"publish","type":"product","link":"https:\/\/shop.kustom.ch\/it\/prodotto\/regenhose-level-2\/","title":{"rendered":"Pantaloni da pioggia di livello 2"},"content":{"rendered":"<p>Pantaloni antipioggia in alta visibilit\u00e0 per tutti coloro che svolgono attivit\u00e0 lavorative che richiedono un abbigliamento antipioggia robusto ma mobile. I pantaloni sono antivento e impermeabili con cuciture nastrate. Hanno una buona vestibilit\u00e0 con un ampio elastico posteriore, bretelle regolabili e staccabili con elastico in vita e fondo gamba regolabile con bottoni. Tasche facilmente accessibili, come la tasca sulla gamba con soffietto e patta, la tasca per il righello con tasca supplementare e portafiori e l'apertura con patta per far uscire le tasche per le unghie. I pantaloni sono rinforzati alle ginocchia e al polpaccio. Certificato secondo la norma EN 343, indumenti protettivi contro le intemperie e la norma EN ISO 20471, classe 2, indumenti protettivi ad alta visibilit\u00e0. I colori 4600 e 9900 non sono certificati secondo la norma EN ISO 20471. I colori 3300, 4600, 5300 e 9900 sono stati aggiornati. Il modello precedente sar\u00e0 consegnato fino a esaurimento scorte. Per il modello aggiornato nei colori 4600 e 9900, vedere l'articolo 1305.<\/p>\n<p>CHIUSURA: Polsini delle gambe regolabili con bottoni. DETTAGLI: Bretelle regolabili e staccabili con elastico in vita. Vita regolabile con coulisse e ampio elastico posteriore. FUNZIONALIT\u00c0: Antivento e impermeabile con cuciture nastrate. CARATTERISTICHE PRINCIPALI: Giardiniere. Uomo. EN ISO 20471. REFLEX: strisce riflettenti larghe 65 mm. TESSUTO: Uomo. Giallo alta visibilit\u00e0. impermeabile. Pioggia. TASCHE: Tasca sulla gamba con soffietto e patta. Apertura con patta per consentire la fuoriuscita delle tasche portachiodi. Tasca porta metro pieghevole con tasca supplementare e porta coltello. ISTRUZIONI DI LAVAGGIO: Numero di lavaggi: x 5 - si applica al colore 5500, non centrifugare. RINFORZO: Rinforzato alle ginocchia e al polpaccio. CERTIFICAZIONE: EN 343, classe 3.1. gruppo di certificazione Z. I colori 4600 e 9900 non sono certificati secondo la norma EN ISO 20471.<\/p>\n<p>Poliestere 100%, rivestito in PU, antivento e impermeabile, 240g\/m\u00b2.<\/p>","protected":false},"excerpt":{"rendered":"<p>Eine Regenhose in High Vis f\u00fcr all jene mit Arbeitsaufgaben, die robuste aber bewegliche Regenkleidung erfordern. Die Hose ist wind- und wasserdicht mit verschweissten N\u00e4hten. Sie hat eine gute Passform mit breitem Gummiband am R\u00fccken, verstellbare und abnehmbare Hosentr\u00e4ger mit Gummiband und einstellbare Beinenden mit Kn\u00f6pfen. Leicht zug\u00e4ngliche Taschen, wie eine Beintasche mit Balg und [&hellip;]<\/p>\n","protected":false},"featured_media":577050,"template":"","meta":[],"product_brand":[],"product_cat":[4185],"product_tag":[],"class_list":{"0":"post-577013","1":"product","2":"type-product","3":"status-publish","4":"has-post-thumbnail","6":"product_cat-hosen","7":"pa_brand-blaklaeder","8":"pa_brand-type-workwear","9":"pa_filter-color-gelb","10":"pa_filter-color-gruen","11":"pa_filter-color-orange","12":"pa_filter-color-rot","13":"pa_filter-color-schwarz","15":"first","16":"instock","17":"sale","18":"taxable","19":"shipping-taxable","20":"purchasable","21":"product-type-variable","22":"add-to-wishlist-before_image"},"exclude_global_add_ons":[],"addons":[],"acf":[],"_links":{"self":[{"href":"https:\/\/shop.kustom.ch\/it\/wp-json\/wp\/v2\/product\/577013"}],"collection":[{"href":"https:\/\/shop.kustom.ch\/it\/wp-json\/wp\/v2\/product"}],"about":[{"href":"https:\/\/shop.kustom.ch\/it\/wp-json\/wp\/v2\/types\/product"}],"wp:featuredmedia":[{"embeddable":true,"href":"https:\/\/shop.kustom.ch\/it\/wp-json\/wp\/v2\/media\/577050"}],"wp:attachment":[{"href":"https:\/\/shop.kustom.ch\/it\/wp-json\/wp\/v2\/media?parent=577013"}],"wp:term":[{"taxonomy":"product_brand","embeddable":true,"href":"https:\/\/shop.kustom.ch\/it\/wp-json\/wp\/v2\/product_brand?post=577013"},{"taxonomy":"product_cat","embeddable":true,"href":"https:\/\/shop.kustom.ch\/it\/wp-json\/wp\/v2\/product_cat?post=577013"},{"taxonomy":"product_tag","embeddable":true,"href":"https:\/\/shop.kustom.ch\/it\/wp-json\/wp\/v2\/product_tag?post=577013"}],"curies":[{"name":"wp","href":"https:\/\/api.w.org\/{rel}","templated":true}]}}