{"id":576802,"date":"2025-03-04T08:31:24","date_gmt":"2025-03-04T07:31:24","guid":{"rendered":"https:\/\/shop.kustom.ch\/?post_type=product&#038;p=576802"},"modified":"2026-03-31T08:17:47","modified_gmt":"2026-03-31T07:17:47","slug":"high-vis-arbeitshose-4-wege-stretch-ohne-nageltaschen","status":"publish","type":"product","link":"https:\/\/shop.kustom.ch\/it\/prodotto\/high-vis-arbeitshose-4-wege-stretch-ohne-nageltaschen\/","title":{"rendered":"Pantaloni da lavoro High Vis elasticizzati a 4 vie senza tasche per chiodi"},"content":{"rendered":"<p>Pantaloni da lavoro ad alta visibilit\u00e0 per il massimo comfort e libert\u00e0 di movimento, estremamente morbidi e flessibili con vestibilit\u00e0 slim. Questi pantaloni sono progettati per resistere ai lavori pi\u00f9 duri senza compromettere il comfort e la vestibilit\u00e0. Il materiale \u00e8 un tessuto liscio ed elasticizzato in 4 direzioni, resistente ed estensibile in tutte le direzioni. I pantaloni presentano dettagli avanzati e pratiche tasche con rinforzo in CORDURA\u00ae. Un morbido tessuto a rete elasticizzato sul retro del ginocchio assicura una buona ventilazione.<\/p>\n<p>CHIUSURA: estremit\u00e0 delle gambe con rinforzo in CORDURA\u00ae. DETTAGLI: Anello a D. Bottoni in metallo. Portacoltelli con bottone. Doppia cucitura sul cavallo. Cerniera in plastica sul cavallo. Due passanti sui lati con bottone per il portamartello. Anello a D in vita. FUNZIONALIT\u00c0: stretch a 4 vie. PROPRIET\u00c0 PRINCIPALI: Lavoratori stradali ed edili. EN 14004. REFLEX: Materiale riflettente intorno alle gambe. TESSUTO: Uomo. Giallo. Stretch. Alta visibilit\u00e0. TASCHE: Tasca sulla gamba con soffietto e patta con chiusura a velcro e tasca interna per cellulare in rete. Tasche posteriori con soffietto, rinforzate. Una con patta. Tasche per ginocchiere. Tasche laterali. Tasca rinforzata per regolo pieghevole con portacoltelli e portapenne. ISTRUZIONI DI LAVAGGIO: Numero di lavaggi: 20, non centrifugare. RINFORZO: Tasca porta metro pieghevole rinforzata in CORDURA\u00ae. CERTIFICAZIONE: EN 14404:2004+A1:2010 insieme alle ginocchiere 4027, 4057, 4058 e 4032. gruppo di certificazione W<\/p>\n<p>Poliestere 94%, elastan 6%, elasticizzato in 4 direzioni, 320 g\/m\u00b2.<\/p>","protected":false},"excerpt":{"rendered":"<p>Eine High Vis Arbeitshose f\u00fcr maximalen Komfort und Bewegungsfreiheit, extrem weich und flexibel mit schlanker Passform. Diese Hose ist so entwickelt, dass sie auch harten Arbeiten standh\u00e4lt, ohne Kompromisse bei Komfort und Passform einzugehen. Das Material ist ein glatter 4-Wege-Stretch Stoff, der stark und in alle Richtungen dehnbar ist. Die Hose verf\u00fcgt \u00fcber fortschrittliche Details [&hellip;]<\/p>\n","protected":false},"featured_media":576865,"template":"","meta":[],"product_brand":[],"product_cat":[4185],"product_tag":[],"class_list":{"0":"post-576802","1":"product","2":"type-product","3":"status-publish","4":"has-post-thumbnail","6":"product_cat-hosen","7":"pa_brand-blaklaeder","8":"pa_brand-type-workwear","9":"pa_filter-color-blau","10":"pa_filter-color-gelb","11":"pa_filter-color-orange","12":"pa_filter-color-schwarz","14":"first","15":"instock","16":"sale","17":"taxable","18":"shipping-taxable","19":"purchasable","20":"product-type-variable","21":"add-to-wishlist-before_image"},"exclude_global_add_ons":[],"addons":[],"acf":[],"_links":{"self":[{"href":"https:\/\/shop.kustom.ch\/it\/wp-json\/wp\/v2\/product\/576802"}],"collection":[{"href":"https:\/\/shop.kustom.ch\/it\/wp-json\/wp\/v2\/product"}],"about":[{"href":"https:\/\/shop.kustom.ch\/it\/wp-json\/wp\/v2\/types\/product"}],"wp:featuredmedia":[{"embeddable":true,"href":"https:\/\/shop.kustom.ch\/it\/wp-json\/wp\/v2\/media\/576865"}],"wp:attachment":[{"href":"https:\/\/shop.kustom.ch\/it\/wp-json\/wp\/v2\/media?parent=576802"}],"wp:term":[{"taxonomy":"product_brand","embeddable":true,"href":"https:\/\/shop.kustom.ch\/it\/wp-json\/wp\/v2\/product_brand?post=576802"},{"taxonomy":"product_cat","embeddable":true,"href":"https:\/\/shop.kustom.ch\/it\/wp-json\/wp\/v2\/product_cat?post=576802"},{"taxonomy":"product_tag","embeddable":true,"href":"https:\/\/shop.kustom.ch\/it\/wp-json\/wp\/v2\/product_tag?post=576802"}],"curies":[{"name":"wp","href":"https:\/\/api.w.org\/{rel}","templated":true}]}}