{"id":576778,"date":"2025-03-04T08:31:19","date_gmt":"2025-03-04T07:31:19","guid":{"rendered":"https:\/\/shop.kustom.ch\/?post_type=product&#038;p=576778"},"modified":"2026-03-31T08:15:52","modified_gmt":"2026-03-31T07:15:52","slug":"malerhose-mit-stretch-2","status":"publish","type":"product","link":"https:\/\/shop.kustom.ch\/it\/prodotto\/malerhose-mit-stretch-2\/","title":{"rendered":"Pantaloni da pittore con elastico"},"content":{"rendered":"<p>Pantaloni da pittore eleganti e funzionali, con tasche per le unghie, in grado di resistere a un uso intensivo. Pantaloni di bell'aspetto, estremamente resistenti ma comunque leggeri e flessibili. Il materiale \u00e8 costituito da un leggero tessuto ripstop, con una buona resistenza allo strappo e la capacit\u00e0 di sopportare l'usura. Il modello \u00e8 dotato di inserti elasticizzati su cavallo, ginocchia e polpaccio per la massima flessibilit\u00e0. Le tasche per ginocchiere con riempimento superiore in tessuto elasticizzato CORDURA\u00ae con materiale elasticizzato sia all'interno che all'esterno offrono una vestibilit\u00e0 ergonomica. I pantaloni sono dotati di tasche per le unghie e di una tasca di riempimento rinforzata in CORDURA\u00ae, di una tasca per coltelli, di discreti dettagli riflettenti e di una tasca interna per il cellulare. <\/p>\n<p>CHIUSURA: Polsini delle gambe regolabili con bottoni. DETTAGLI: Anello a D. Passante per martello sul lato. Zip in plastica sul cavallo. FUNZIONALIT\u00c0: Inserti elasticizzati al cavallo, al polpaccio e tasca per ginocchiere. Gambe dei pantaloni particolarmente ergonomiche. PROPRIET\u00c0 PRINCIPALI: Muratori \/ piastrellisti. EN 14004. REFLEX: Dettagli riflettenti. TESSUTO: Uomo. bianco. Tasche a chiodo. Stretch. TASCHE: Tasca a spatola con spazio per spatola, coltello, tasca per metro pieghevole e pennello. Tasche posteriori. Tasche per ginocchiere - parte superiore con copertura e chiusura a velcro. Materiale elasticizzato all'esterno e all'interno per una migliore vestibilit\u00e0 ergonomica. Tasche per le unghie. Tasche per pantaloni con zip. ISTRUZIONI DI LAVAGGIO: 60\u00b0 C. RINFORZO: tasche per ginocchiere in Cordura\u00ae elasticizzato. CERTIFICAZIONE: EN 14404:2004+A1:2010 insieme alle ginocchiere 4027, 4057, 4058 e 4032.<\/p>\n<p>Cotone 60%, poliestere 40%, ripstop 250g\/m\u00b2<\/p>","protected":false},"excerpt":{"rendered":"<p>Intelligente und funktionelle Malerhose mit Nageltaschen, die schwerer Nutzung stand h\u00e4lt. Gut aussehende Hose, extrem strapazierf\u00e4hig aber trotzdem leicht und flexibel. Das Material besteht aus einem leichten Ripstop Stoff, hat eine gute Reissfestigkeit und die F\u00e4higkeit, Abnutzung und Rissen stand zu halten. Das Modell hat Stretch Eins\u00e4tze im Schritt, an den Knien und an der [&hellip;]<\/p>\n","protected":false},"featured_media":576808,"template":"","meta":[],"product_brand":[],"product_cat":[4185],"product_tag":[],"class_list":{"0":"post-576778","1":"product","2":"type-product","3":"status-publish","4":"has-post-thumbnail","6":"product_cat-hosen","7":"pa_brand-blaklaeder","8":"pa_brand-type-workwear","9":"pa_filter-color-grau","10":"pa_filter-color-weiss","12":"first","13":"instock","14":"sale","15":"taxable","16":"shipping-taxable","17":"purchasable","18":"product-type-variable","19":"add-to-wishlist-before_image"},"exclude_global_add_ons":[],"addons":[],"acf":[],"_links":{"self":[{"href":"https:\/\/shop.kustom.ch\/it\/wp-json\/wp\/v2\/product\/576778"}],"collection":[{"href":"https:\/\/shop.kustom.ch\/it\/wp-json\/wp\/v2\/product"}],"about":[{"href":"https:\/\/shop.kustom.ch\/it\/wp-json\/wp\/v2\/types\/product"}],"wp:featuredmedia":[{"embeddable":true,"href":"https:\/\/shop.kustom.ch\/it\/wp-json\/wp\/v2\/media\/576808"}],"wp:attachment":[{"href":"https:\/\/shop.kustom.ch\/it\/wp-json\/wp\/v2\/media?parent=576778"}],"wp:term":[{"taxonomy":"product_brand","embeddable":true,"href":"https:\/\/shop.kustom.ch\/it\/wp-json\/wp\/v2\/product_brand?post=576778"},{"taxonomy":"product_cat","embeddable":true,"href":"https:\/\/shop.kustom.ch\/it\/wp-json\/wp\/v2\/product_cat?post=576778"},{"taxonomy":"product_tag","embeddable":true,"href":"https:\/\/shop.kustom.ch\/it\/wp-json\/wp\/v2\/product_tag?post=576778"}],"curies":[{"name":"wp","href":"https:\/\/api.w.org\/{rel}","templated":true}]}}