{"id":576735,"date":"2025-03-04T08:30:41","date_gmt":"2025-03-04T07:30:41","guid":{"rendered":"https:\/\/shop.kustom.ch\/?post_type=product&#038;p=576735"},"modified":"2026-03-31T08:15:49","modified_gmt":"2026-03-31T07:15:49","slug":"malerhose-mit-stretch","status":"publish","type":"product","link":"https:\/\/shop.kustom.ch\/it\/prodotto\/malerhose-mit-stretch\/","title":{"rendered":"Pantaloni da pittore con elastico"},"content":{"rendered":"<p>Pantaloni da pittore eleganti e funzionali, in grado di sopportare un uso intenso. Pantaloni di bell'aspetto, estremamente resistenti ma comunque leggeri e flessibili. Il materiale \u00e8 costituito da un leggero tessuto ripstop con buona resistenza allo strappo e capacit\u00e0 di sopportare l'usura. Il modello \u00e8 dotato di inserti elasticizzati al cavallo, alle ginocchia e al polpaccio per la massima flessibilit\u00e0. Le tasche per ginocchiere con riempimento superiore in tessuto elasticizzato CORDURA\u00ae con materiale elasticizzato sia all'interno che all'esterno offrono una vestibilit\u00e0 ergonomica. I pantaloni sono dotati di una tasca di riempimento rinforzata in CORDURA\u00ae, di una tasca per coltelli, di discreti dettagli riflettenti e di una tasca interna per cellulare in rete. <\/p>\n<p>CHIUSURA: cintura regolabile con bottone. DETTAGLI: Anello a D. Passante per martello sul lato. Zip in plastica sul cavallo. FUNZIONALIT\u00c0: Inserti elasticizzati al cavallo, al polpaccio e tasca per ginocchiere. Gambe dei pantaloni particolarmente ergonomiche. PROPRIET\u00c0 PRINCIPALI: Muratori \/ piastrellisti. EN 14004. REFLEX: Dettagli riflettenti. TESSUTO: Uomo. grigio. Inserto elasticizzato. Stretch. TASCHE: Tasca a spatola con spazio per spatola, coltello, tasca per metro pieghevole e pennello. Tasche posteriori. Tasche per ginocchiere - parte superiore con copertura e chiusura a velcro. Materiale elasticizzato all'esterno e all'interno per una migliore vestibilit\u00e0 ergonomica. Tasche per i pantaloni con tasca con zip. ISTRUZIONI DI LAVAGGIO: Non candeggiare. RINFORZO: tasca di riempimento rinforzata in CORDURA\u00ae. CERTIFICAZIONE: EN 14404:2004+A1:2010 insieme alle ginocchiere 4027, 4057, 4058 e 4032.<\/p>\n<p>Cotone 60%, poliestere 40%, ripstop 250g\/m\u00b2<\/p>","protected":false},"excerpt":{"rendered":"<p>Intelligente und funktionelle Malerhose, die schwerer Nutzung stand h\u00e4lt. Gut aussehende Hose, extrem strapazierf\u00e4hig aber trotzdem leicht und flexibel. Das Material besteht aus einem leichten Ripstop Stoff mit guter Reissfestigkeit und der F\u00e4higkeit, Abnutzung und Rissen stand zu halten. Das Modell hat Stretch Eins\u00e4tze im Schritt, an den Knien und an der Wade f\u00fcr maximale [&hellip;]<\/p>\n","protected":false},"featured_media":576764,"template":"","meta":[],"product_brand":[],"product_cat":[4185],"product_tag":[],"class_list":{"0":"post-576735","1":"product","2":"type-product","3":"status-publish","4":"has-post-thumbnail","6":"product_cat-hosen","7":"pa_brand-blaklaeder","8":"pa_brand-type-workwear","9":"pa_filter-color-grau","10":"pa_filter-color-weiss","12":"first","13":"instock","14":"sale","15":"taxable","16":"shipping-taxable","17":"purchasable","18":"product-type-variable","19":"add-to-wishlist-before_image"},"exclude_global_add_ons":[],"addons":[],"acf":[],"_links":{"self":[{"href":"https:\/\/shop.kustom.ch\/it\/wp-json\/wp\/v2\/product\/576735"}],"collection":[{"href":"https:\/\/shop.kustom.ch\/it\/wp-json\/wp\/v2\/product"}],"about":[{"href":"https:\/\/shop.kustom.ch\/it\/wp-json\/wp\/v2\/types\/product"}],"wp:featuredmedia":[{"embeddable":true,"href":"https:\/\/shop.kustom.ch\/it\/wp-json\/wp\/v2\/media\/576764"}],"wp:attachment":[{"href":"https:\/\/shop.kustom.ch\/it\/wp-json\/wp\/v2\/media?parent=576735"}],"wp:term":[{"taxonomy":"product_brand","embeddable":true,"href":"https:\/\/shop.kustom.ch\/it\/wp-json\/wp\/v2\/product_brand?post=576735"},{"taxonomy":"product_cat","embeddable":true,"href":"https:\/\/shop.kustom.ch\/it\/wp-json\/wp\/v2\/product_cat?post=576735"},{"taxonomy":"product_tag","embeddable":true,"href":"https:\/\/shop.kustom.ch\/it\/wp-json\/wp\/v2\/product_tag?post=576735"}],"curies":[{"name":"wp","href":"https:\/\/api.w.org\/{rel}","templated":true}]}}