{"id":576671,"date":"2025-03-04T08:29:58","date_gmt":"2025-03-04T07:29:58","guid":{"rendered":"https:\/\/shop.kustom.ch\/?post_type=product&#038;p=576671"},"modified":"2026-03-31T08:15:29","modified_gmt":"2026-03-31T07:15:29","slug":"malerhose-4-wege-stretch-2","status":"publish","type":"product","link":"https:\/\/shop.kustom.ch\/it\/prodotto\/malerhose-4-wege-stretch-2\/","title":{"rendered":"Pantaloni da pittore 4-way stretch"},"content":{"rendered":"<p>Questi pantaloni da pittore flessibili e confortevoli, con gambe dal taglio stretto, offrono libert\u00e0 di movimento e sono estremamente morbidi. Questi pantaloni sono progettati per resistere ai lavori pi\u00f9 duri senza compromettere il comfort e la vestibilit\u00e0. Il materiale \u00e8 un tessuto liscio ed elasticizzato in 4 direzioni, resistente ed estensibile in tutte le direzioni. I pantaloni sono dotati di dettagli avanzati e di tasche appositamente progettate per pennelli, spatole e coltelli da pittura. La tasca per le ginocchiere \u00e8 rinforzata con CORDURA\u00ae stretch all'esterno e stretch all'interno per una maggiore libert\u00e0 di movimento. Il morbido tessuto a rete elasticizzato sul retro del ginocchio garantisce una buona ventilazione. L'orlo della gamba con rinforzo sul retro offre una protezione efficace contro l'usura. <\/p>\n<p>CHIUSURA: estremit\u00e0 delle gambe con rinforzo sul retro. DETTAGLI: Tasca per carte d'identit\u00e0 staccabile. Bottoni in metallo. Portacoltelli con bottone. Cucitura interna della gamba con tripla impuntura. Zip in plastica sul cavallo. Due passanti per cintura sui lati con bottone per il passante per il martello, un passante per cintura con anello a D sul davanti. Ampio passante per cintura sul retro. Anello a D sulla cintura. FUNZIONALIT\u00c0: stretch a 4 vie. PROPRIET\u00c0 PRINCIPALI: Muratore \/ piastrellista. EN 14004. REFLEX: Dettagli riflettenti sul polpaccio. TESSUTO: Uomo. grigio. Tasche per ginocchiere. Stretch. TASCHE: Tasca sulla gamba con soffietto e patta con chiusura a velcro e tasca interna per cellulare in rete. Tasche posteriori con soffietto. Tasche per ginocchiere. Tasche dei pantaloni con zip. ISTRUZIONI DI LAVAGGIO: Non lavare a secco. RINFORZO: tasche per ginocchiere in Cordura\u00ae elasticizzata. CERTIFICAZIONE: EN 14404:2004+A1:2010 insieme alle ginocchiere 4027, 4057, 4058 e 4032.<\/p>\n<p>Poliammide 92%, elastan 8%, doppio tessuto, elasticizzato in 4 direzioni, 230 g\/m\u00b2.<\/p>","protected":false},"excerpt":{"rendered":"<p>Diese flexible und bequeme Malerhose mit eng geschnittenen Beinen bietet Bewegungsfreiheit und ist extrem weich. Diese Hose ist so entwickelt, dass sie auch harten Arbeiten standh\u00e4lt, ohne Kompromisse bei Komfort und Passform einzugehen. Das Material ist ein glatter 4-Wege-Stretch Stoff, der stark und in alle Richtungen dehnbar ist. Die Hose hat fortschrittliche Details und speziell [&hellip;]<\/p>\n","protected":false},"featured_media":576712,"template":"","meta":[],"product_brand":[],"product_cat":[4185],"product_tag":[],"class_list":{"0":"post-576671","1":"product","2":"type-product","3":"status-publish","4":"has-post-thumbnail","6":"product_cat-hosen","7":"pa_brand-blaklaeder","8":"pa_brand-type-workwear","9":"pa_filter-color-grau","10":"pa_filter-color-weiss","12":"first","13":"instock","14":"sale","15":"taxable","16":"shipping-taxable","17":"purchasable","18":"product-type-variable","19":"add-to-wishlist-before_image"},"exclude_global_add_ons":[],"addons":[],"acf":[],"_links":{"self":[{"href":"https:\/\/shop.kustom.ch\/it\/wp-json\/wp\/v2\/product\/576671"}],"collection":[{"href":"https:\/\/shop.kustom.ch\/it\/wp-json\/wp\/v2\/product"}],"about":[{"href":"https:\/\/shop.kustom.ch\/it\/wp-json\/wp\/v2\/types\/product"}],"wp:featuredmedia":[{"embeddable":true,"href":"https:\/\/shop.kustom.ch\/it\/wp-json\/wp\/v2\/media\/576712"}],"wp:attachment":[{"href":"https:\/\/shop.kustom.ch\/it\/wp-json\/wp\/v2\/media?parent=576671"}],"wp:term":[{"taxonomy":"product_brand","embeddable":true,"href":"https:\/\/shop.kustom.ch\/it\/wp-json\/wp\/v2\/product_brand?post=576671"},{"taxonomy":"product_cat","embeddable":true,"href":"https:\/\/shop.kustom.ch\/it\/wp-json\/wp\/v2\/product_cat?post=576671"},{"taxonomy":"product_tag","embeddable":true,"href":"https:\/\/shop.kustom.ch\/it\/wp-json\/wp\/v2\/product_tag?post=576671"}],"curies":[{"name":"wp","href":"https:\/\/api.w.org\/{rel}","templated":true}]}}