{"id":576625,"date":"2025-03-04T08:29:20","date_gmt":"2025-03-04T07:29:20","guid":{"rendered":"https:\/\/shop.kustom.ch\/?post_type=product&#038;p=576625"},"modified":"2026-03-31T08:15:11","modified_gmt":"2026-03-31T07:15:11","slug":"malerhose-4-wege-stretch","status":"publish","type":"product","link":"https:\/\/shop.kustom.ch\/it\/prodotto\/malerhose-4-wege-stretch\/","title":{"rendered":"Pantaloni da pittore 4-way stretch"},"content":{"rendered":"<p>Questi pantaloni da pittore flessibili e confortevoli, con gambe dal taglio stretto, offrono libert\u00e0 di movimento e sono estremamente morbidi. Questi pantaloni sono progettati per resistere ai lavori pi\u00f9 duri senza compromettere il comfort e la vestibilit\u00e0. Il materiale \u00e8 un tessuto liscio ed elasticizzato a 4 vie, resistente ed estensibile in tutte le direzioni. I pantaloni sono dotati di dettagli avanzati e di tasche appositamente progettate per pennelli, spatole e coltelli da pittura, nonch\u00e9 di tasche per le unghie. La tasca per le ginocchiere \u00e8 rinforzata con CORDURA\u00ae stretch all'esterno e stretch all'interno per una maggiore libert\u00e0 di movimento. Il morbido tessuto a rete elasticizzato sul retro del ginocchio garantisce una buona ventilazione. L'orlo della gamba con rinforzo sul retro offre una protezione efficace contro l'usura. <\/p>\n<p>CHIUSURA: estremit\u00e0 delle gambe con rinforzo sul retro. DETTAGLI: Tasca per carte d'identit\u00e0 staccabile. Bottoni in metallo. Portacoltelli con bottone. Cucitura interna della gamba con tripla impuntura. Zip in plastica sul cavallo. Due passanti per cintura ai lati con bottone per il passante per il martello, un passante per cintura con anello a D sul davanti. Ampio passante per cintura sul retro. Anello a D sulla cintura. FUNZIONALIT\u00c0: 4 vie elasticizzate. CARATTERISTICHE PRINCIPALI: Vernice. EN 14004. REFLEX: Dettaglio riflettente sulla tasca della gamba. TESSUTO: Disponibile per uomo e donna. bianco. Tasche a chiodo. Stretch. TASCHE: Tasca sulla gamba con zip. Tasche posteriori a soffietto. Tasche per ginocchiere. Tasche per chiodi - extra larghe con portautensili e scomparti supplementari per utensili e tasche extra con cerniera. Tasca interna con zip nascosta. ISTRUZIONI DI LAVAGGIO: Non candeggiare. RINFORZO: Tasche portachiodi, tasca di riempimento, tasche posteriori e polsini posteriori delle gambe rinforzati. CERTIFICAZIONE: EN 14404:2004+A1:2010 insieme alle ginocchiere 4027, 4057, 4058 e 4032.<\/p>\n<p>Poliammide 92%, elastan 8%, doppio tessuto, elasticizzato in 4 direzioni, 230 g\/m\u00b2.<\/p>","protected":false},"excerpt":{"rendered":"<p>Diese flexible und bequeme Malerhose mit eng geschnittenen Beinen bietet Bewegungsfreiheit und ist extrem weich. Diese Hose ist so entwickelt, dass sie auch harten Arbeiten standh\u00e4lt, ohne Kompromisse bei Komfort und Passform einzugehen. Das Material ist ein glatter 4-Wege-Strech Stoff, der in alle Richtungen stark und dehnbar ist. Die Hose hat fortschrittliche Details und speziell [&hellip;]<\/p>\n","protected":false},"featured_media":576668,"template":"","meta":[],"product_brand":[],"product_cat":[4185],"product_tag":[],"class_list":{"0":"post-576625","1":"product","2":"type-product","3":"status-publish","4":"has-post-thumbnail","6":"product_cat-hosen","7":"pa_brand-blaklaeder","8":"pa_brand-type-workwear","9":"pa_filter-color-grau","10":"pa_filter-color-weiss","12":"first","13":"instock","14":"sale","15":"taxable","16":"shipping-taxable","17":"purchasable","18":"product-type-variable","19":"add-to-wishlist-before_image"},"exclude_global_add_ons":[],"addons":[],"acf":[],"_links":{"self":[{"href":"https:\/\/shop.kustom.ch\/it\/wp-json\/wp\/v2\/product\/576625"}],"collection":[{"href":"https:\/\/shop.kustom.ch\/it\/wp-json\/wp\/v2\/product"}],"about":[{"href":"https:\/\/shop.kustom.ch\/it\/wp-json\/wp\/v2\/types\/product"}],"wp:featuredmedia":[{"embeddable":true,"href":"https:\/\/shop.kustom.ch\/it\/wp-json\/wp\/v2\/media\/576668"}],"wp:attachment":[{"href":"https:\/\/shop.kustom.ch\/it\/wp-json\/wp\/v2\/media?parent=576625"}],"wp:term":[{"taxonomy":"product_brand","embeddable":true,"href":"https:\/\/shop.kustom.ch\/it\/wp-json\/wp\/v2\/product_brand?post=576625"},{"taxonomy":"product_cat","embeddable":true,"href":"https:\/\/shop.kustom.ch\/it\/wp-json\/wp\/v2\/product_cat?post=576625"},{"taxonomy":"product_tag","embeddable":true,"href":"https:\/\/shop.kustom.ch\/it\/wp-json\/wp\/v2\/product_tag?post=576625"}],"curies":[{"name":"wp","href":"https:\/\/api.w.org\/{rel}","templated":true}]}}