{"id":571298,"date":"2025-03-04T07:31:31","date_gmt":"2025-03-04T06:31:31","guid":{"rendered":"https:\/\/shop.kustom.ch\/?post_type=product&#038;p=571298"},"modified":"2026-03-31T07:58:45","modified_gmt":"2026-03-31T06:58:45","slug":"t-shirt-safe-supreme","status":"publish","type":"product","link":"https:\/\/shop.kustom.ch\/it\/prodotto\/t-shirt-safe-supreme\/","title":{"rendered":"Maglietta SAFE SUPREME"},"content":{"rendered":"<p>Premium. Fluorescente e con riflessi diagonali. Bicolore. Vestibilit\u00e0 moderna. Interno in cotone e esterno in poliestere resistente. I riflessi sono elasticizzati. Scollo rotondo. Polsini a coste sul collo. Nastro sul collo. Ventilazione in rete sotto le maniche.<\/p>\n<p>OEKO-TEX\u00ae STANDARD 100; EN ISO 20471 - Classe 2; Gruppo Hi-Vis C; EN 13758-2 UPF 40+.<br \/>\n50% cotone\/50% poliestere<br \/>\nTessuto a maglia al metro. Pu\u00f2 restringersi fino a un massimo di 5%. Il prodotto \u00e8 certificato secondo la norma EN ISO 20471 per mantenere le sue propriet\u00e0 per 50 lavaggi domestici.<br \/>\n170 g\/m\u00b2<br \/>\nLavaggio delicato max 60\u00b0 C; non candeggiare; non asciugare in asciugatrice; stirare a bassa temperatura max 100\u00b0 C; resiste alla normale pulizia<\/p>\n<p><a href=\"https:\/\/mascotsitecore-1ccb8.kxcdn.com\/pdf\/50127-933-14010-de.pdf\" target=\"_blank\" rel=\"noopener\"><u>Aprire la scheda tecnica del prodotto<\/u><\/a><\/p>","protected":false},"excerpt":{"rendered":"<ul>\n<li>Questo tessuto \u00e8 composto da poliestere all'esterno per una maggiore durata e solidit\u00e0 dei colori e da cotone all'interno per un maggiore comfort.<\/li>\n<li>Vestibilit\u00e0 moderna e aderente con ampia libert\u00e0 di movimento.<\/li>\n<li>Aperture di ventilazione sotto le braccia.<\/li>\n<li>Maggiore libert\u00e0 di movimento grazie ai riflessi elastici.<\/li>\n<\/ul>","protected":false},"featured_media":571327,"template":"","meta":[],"product_brand":[],"product_cat":[4201],"product_tag":[],"class_list":{"0":"post-571298","1":"product","2":"type-product","3":"status-publish","4":"has-post-thumbnail","6":"product_cat-t-shirts","7":"pa_brand-mascot","8":"pa_brand-type-workwear","9":"pa_filter-color-blau","10":"pa_filter-color-gelb","11":"pa_filter-color-grau","12":"pa_filter-color-orange","13":"pa_filter-color-rot","14":"pa_filter-color-schwarz","16":"first","17":"instock","18":"sale","19":"taxable","20":"shipping-taxable","21":"purchasable","22":"product-type-variable","23":"add-to-wishlist-before_image"},"exclude_global_add_ons":[],"addons":[],"acf":[],"_links":{"self":[{"href":"https:\/\/shop.kustom.ch\/it\/wp-json\/wp\/v2\/product\/571298"}],"collection":[{"href":"https:\/\/shop.kustom.ch\/it\/wp-json\/wp\/v2\/product"}],"about":[{"href":"https:\/\/shop.kustom.ch\/it\/wp-json\/wp\/v2\/types\/product"}],"wp:featuredmedia":[{"embeddable":true,"href":"https:\/\/shop.kustom.ch\/it\/wp-json\/wp\/v2\/media\/571327"}],"wp:attachment":[{"href":"https:\/\/shop.kustom.ch\/it\/wp-json\/wp\/v2\/media?parent=571298"}],"wp:term":[{"taxonomy":"product_brand","embeddable":true,"href":"https:\/\/shop.kustom.ch\/it\/wp-json\/wp\/v2\/product_brand?post=571298"},{"taxonomy":"product_cat","embeddable":true,"href":"https:\/\/shop.kustom.ch\/it\/wp-json\/wp\/v2\/product_cat?post=571298"},{"taxonomy":"product_tag","embeddable":true,"href":"https:\/\/shop.kustom.ch\/it\/wp-json\/wp\/v2\/product_tag?post=571298"}],"curies":[{"name":"wp","href":"https:\/\/api.w.org\/{rel}","templated":true}]}}