{"id":571166,"date":"2025-03-04T07:30:13","date_gmt":"2025-03-04T06:30:13","guid":{"rendered":"https:\/\/shop.kustom.ch\/?post_type=product&#038;p=571166"},"modified":"2026-03-31T07:58:32","modified_gmt":"2026-03-31T06:58:32","slug":"hose-mit-knietaschen-safe-supreme-3","status":"publish","type":"product","link":"https:\/\/shop.kustom.ch\/it\/prodotto\/hose-mit-knietaschen-safe-supreme-3\/","title":{"rendered":"Pantaloni con tasche al ginocchio SAFE SUPREME"},"content":{"rendered":"<p>Fluorescente con riflessi. Bicolore. Con finitura idrorepellente. Tripla impuntura sulle gambe e sul cavallo. Vita bassa e cintura sagomata. Gambe dei pantaloni ergonomiche. Passanti per cintura. Chiusura con cerniera. Anello a D. Tasche anteriori. Tasche posteriori rinforzate con patta e bottoni a pressione nascosti. Passante per martello regolabile. Tasca sulla coscia con rinforzi e tasche extra - una tasca interna per cellulare e una esterna per cellulare con patta e chiusura magnetica. Tasca porta metro pieghevole con rinforzo sul bordo in tessuto CORDURA\u00ae. Tasche per le ginocchia in resistente CORDURA\u00ae (500 D), regolabili in altezza, con patta e accesso dall'alto. Strisce riflettenti verticali sulla parte esterna delle gambe per una maggiore visibilit\u00e0. La lunghezza del cavallo pu\u00f2 essere estesa di 3 cm srotolando la cucitura rossa sul lato interno della gamba. Per questo modello si consigliano le seguenti protezioni per le ginocchia: 00418-100, 00718-100, 50451-916 o 20118-915. Certificato insieme alla ginocchiera di tipo SHORT o LONG in conformit\u00e0 alla norma EN 14404.<\/p>\n<p>OEKO-TEX\u00ae STANDARD 100; EN ISO 20471 - Classe 2; Hi-Vis Gruppo Y; ProWash\u00ae - EN ISO 15797<br \/>\n70% poliestere\/30% cotone<br \/>\nTwill\/ripstop. Pu\u00f2 restringersi fino a un massimo di 2%. Il prodotto \u00e8 certificato per mantenere le sue propriet\u00e0 dopo 50 lavaggi domestici o 50 lavaggi industriali.<br \/>\n215 g\/m\u00b2<br \/>\nLavaggio colorato, max. 60\u00b0 C; non candeggiare; resiste all'asciugatura in tamburo - temperatura iniziale max. 80\u00b0 C; stiratura a bassa temperatura, max. 100\u00b0 C; resiste alla pulizia normale<\/p>\n<p><a href=\"https:\/\/mascotsitecore-1ccb8.kxcdn.com\/pdf\/20879-236-14010-de.pdf\" target=\"_blank\" rel=\"noopener\"><u>Aprire la scheda tecnica del prodotto<\/u><\/a><\/p>","protected":false},"excerpt":{"rendered":"<ul>\n<li>La tripla impuntura resistente sulle gambe e sul cavallo prolunga la durata del prodotto.<\/li>\n<li>\u00c8 sufficiente allungare i pantaloni di 3 cm, srotolando la cucitura rossa all'interno.<\/li>\n<li>Tasche per le ginocchia in resistente tessuto CORDURA\u00ae, accesso alla protezione delle ginocchia dall'alto - con chiusura in velcro sul bordo esterno della parte interna della patta per evitare di impigliarsi in leve o simili.<\/li>\n<li>Gambe dei pantaloni dal taglio ergonomico, modellate secondo i movimenti naturali del corpo.<\/li>\n<li>Il prodotto \u00e8 adatto al lavaggio industriale.<\/li>\n<li>Qualit\u00e0 del tessuto leggero e resistente con ripstop. Il ripstop \u00e8 una trama particolarmente resistente agli strappi che garantisce una lunga durata del tessuto.<\/li>\n<li>Certificato per l'uso con la ginocchiera MASCOT di tipo SHORT o LONG, poich\u00e9 la tasca della ginocchiera \u00e8 regolabile in altezza.<\/li>\n<\/ul>","protected":false},"featured_media":571200,"template":"","meta":[],"product_brand":[],"product_cat":[4185],"product_tag":[],"class_list":{"0":"post-571166","1":"product","2":"type-product","3":"status-publish","4":"has-post-thumbnail","6":"product_cat-hosen","7":"pa_brand-mascot","8":"pa_brand-type-workwear","9":"pa_filter-color-grau","10":"pa_filter-color-orange","11":"pa_filter-color-schwarz","13":"first","14":"instock","15":"sale","16":"taxable","17":"shipping-taxable","18":"purchasable","19":"product-type-variable","20":"add-to-wishlist-before_image"},"exclude_global_add_ons":[],"addons":[],"acf":[],"_links":{"self":[{"href":"https:\/\/shop.kustom.ch\/it\/wp-json\/wp\/v2\/product\/571166"}],"collection":[{"href":"https:\/\/shop.kustom.ch\/it\/wp-json\/wp\/v2\/product"}],"about":[{"href":"https:\/\/shop.kustom.ch\/it\/wp-json\/wp\/v2\/types\/product"}],"wp:featuredmedia":[{"embeddable":true,"href":"https:\/\/shop.kustom.ch\/it\/wp-json\/wp\/v2\/media\/571200"}],"wp:attachment":[{"href":"https:\/\/shop.kustom.ch\/it\/wp-json\/wp\/v2\/media?parent=571166"}],"wp:term":[{"taxonomy":"product_brand","embeddable":true,"href":"https:\/\/shop.kustom.ch\/it\/wp-json\/wp\/v2\/product_brand?post=571166"},{"taxonomy":"product_cat","embeddable":true,"href":"https:\/\/shop.kustom.ch\/it\/wp-json\/wp\/v2\/product_cat?post=571166"},{"taxonomy":"product_tag","embeddable":true,"href":"https:\/\/shop.kustom.ch\/it\/wp-json\/wp\/v2\/product_tag?post=571166"}],"curies":[{"name":"wp","href":"https:\/\/api.w.org\/{rel}","templated":true}]}}