{"id":568992,"date":"2025-03-04T06:59:07","date_gmt":"2025-03-04T05:59:07","guid":{"rendered":"https:\/\/shop.kustom.ch\/?post_type=product&#038;p=568992"},"modified":"2026-03-31T07:54:17","modified_gmt":"2026-03-31T06:54:17","slug":"polo-shirt-safe-light","status":"publish","type":"product","link":"https:\/\/shop.kustom.ch\/it\/prodotto\/polo-shirt-safe-light\/","title":{"rendered":"Polo SAFE LIGHT"},"content":{"rendered":"<p>Premium. Fluorescente con nastro riflettente verticale e orizzontale. Polsini a coste sul colletto. Nastro sul collo. Abbottonatura.<\/p>\n<p>OEKO-TEX\u00ae STANDARD 100; EN ISO 20471 - Classe 2; Gruppo Hi-Vis C<br \/>\n100% Poliestere<br \/>\nPiqu\u00e9 a occhio di bue. Pu\u00f2 restringersi al massimo. 5%. Il prodotto \u00e8 certificato per mantenere le sue propriet\u00e0 dopo 25 lavaggi domestici.<br \/>\n130 g\/m\u00b2<br \/>\nLavaggio delicato max. 40\u00b0 C; non candeggiare; non asciugare in asciugatrice; non stirare; non lavare a secco.<\/p>\n<p><a href=\"https:\/\/mascotsitecore-1ccb8.kxcdn.com\/pdf\/50593-972-14-de.pdf\" target=\"_blank\" rel=\"noopener\"><u>Aprire la scheda tecnica del prodotto<\/u><\/a><\/p>","protected":false},"excerpt":{"rendered":"<ul>\n<li>Colletto con polsini a coste.<\/li>\n<li>Maggiore sicurezza, poich\u00e9 il riflesso verticale si estende fino al riflesso orizzontale.<\/li>\n<li>I riflessi non sono completamente uniti lateralmente per garantire la massima libert\u00e0 di movimento.<\/li>\n<\/ul>","protected":false},"featured_media":569001,"template":"","meta":[],"product_brand":[],"product_cat":[4193],"product_tag":[],"class_list":{"0":"post-568992","1":"product","2":"type-product","3":"status-publish","4":"has-post-thumbnail","6":"product_cat-polos","7":"pa_brand-mascot","8":"pa_brand-type-workwear","9":"pa_filter-color-gelb","10":"pa_filter-color-orange","12":"first","13":"instock","14":"sale","15":"taxable","16":"shipping-taxable","17":"purchasable","18":"product-type-variable","19":"add-to-wishlist-before_image"},"exclude_global_add_ons":[],"addons":[],"acf":[],"_links":{"self":[{"href":"https:\/\/shop.kustom.ch\/it\/wp-json\/wp\/v2\/product\/568992"}],"collection":[{"href":"https:\/\/shop.kustom.ch\/it\/wp-json\/wp\/v2\/product"}],"about":[{"href":"https:\/\/shop.kustom.ch\/it\/wp-json\/wp\/v2\/types\/product"}],"wp:featuredmedia":[{"embeddable":true,"href":"https:\/\/shop.kustom.ch\/it\/wp-json\/wp\/v2\/media\/569001"}],"wp:attachment":[{"href":"https:\/\/shop.kustom.ch\/it\/wp-json\/wp\/v2\/media?parent=568992"}],"wp:term":[{"taxonomy":"product_brand","embeddable":true,"href":"https:\/\/shop.kustom.ch\/it\/wp-json\/wp\/v2\/product_brand?post=568992"},{"taxonomy":"product_cat","embeddable":true,"href":"https:\/\/shop.kustom.ch\/it\/wp-json\/wp\/v2\/product_cat?post=568992"},{"taxonomy":"product_tag","embeddable":true,"href":"https:\/\/shop.kustom.ch\/it\/wp-json\/wp\/v2\/product_tag?post=568992"}],"curies":[{"name":"wp","href":"https:\/\/api.w.org\/{rel}","templated":true}]}}