{"id":568894,"date":"2025-03-04T06:58:30","date_gmt":"2025-03-04T05:58:30","guid":{"rendered":"https:\/\/shop.kustom.ch\/?post_type=product&#038;p=568894"},"modified":"2026-03-31T07:53:58","modified_gmt":"2026-03-31T06:53:58","slug":"hose-mit-schenkeltaschen-safe-light-2","status":"publish","type":"product","link":"https:\/\/shop.kustom.ch\/it\/prodotto\/hose-mit-schenkeltaschen-safe-light-2\/","title":{"rendered":"Pantaloni con tasche sulla coscia SAFE LIGHT"},"content":{"rendered":"<p>Fluorescente con riflessi. Con finitura idrorepellente. Tripla impuntura sulle gambe e sul cavallo. Gambe dei pantaloni dalla forma ergonomica. Chiusura con cerniera. Anello a D. Tasche anteriori. Tasche posteriori con patta. Tasche sulle cosce con patta e bottoni a pressione nascosti. Il cavallo pu\u00f2 essere allungato di 3 cm srotolando la cucitura rossa all'interno della gamba.<\/p>\n<p>OEKO-TEX\u00ae STANDARD 100; EN ISO 20471 - Classe 2; Hi-Vis Gruppo Y; ; ProWash\u00ae - EN ISO 15797<br \/>\n70% poliestere\/30% cotone<br \/>\nTwill\/ripstop. Pu\u00f2 restringersi fino a un massimo di 2%. Il prodotto \u00e8 certificato per mantenere le sue propriet\u00e0 dopo 50 lavaggi domestici o 50 lavaggi industriali.<br \/>\n215 g\/m\u00b2<br \/>\nLavaggio colorato, max. 60\u00b0 C; non candeggiare; resiste all'asciugatura in tamburo - temperatura iniziale max. 80\u00b0 C; stiratura a bassa temperatura, max. 100\u00b0 C; resiste alla pulizia normale<\/p>\n<p><a href=\"https:\/\/mascotsitecore-1ccb8.kxcdn.com\/pdf\/20859-236-14-de.pdf\" target=\"_blank\" rel=\"noopener\"><u>Aprire la scheda tecnica del prodotto<\/u><\/a><\/p>","protected":false},"excerpt":{"rendered":"<ul>\n<li>Materiale leggero.<\/li>\n<li>\u00c8 sufficiente allungare i pantaloni di 3 cm, srotolando la cucitura rossa all'interno.<\/li>\n<li>Tasche sulla coscia con patta e bottoni a pressione nascosti.<\/li>\n<li>La tripla impuntura resistente sulle gambe e sul cavallo prolunga la durata del prodotto.<\/li>\n<li>Gambe dei pantaloni dal taglio ergonomico, modellate secondo i movimenti naturali del corpo.<\/li>\n<li>Il prodotto \u00e8 adatto al lavaggio industriale.<\/li>\n<li>Qualit\u00e0 del tessuto leggero e resistente con ripstop. Il ripstop \u00e8 una trama particolarmente resistente agli strappi che garantisce una lunga durata del tessuto.<\/li>\n<\/ul>","protected":false},"featured_media":568936,"template":"","meta":[],"product_brand":[],"product_cat":[4185],"product_tag":[],"class_list":{"0":"post-568894","1":"product","2":"type-product","3":"status-publish","4":"has-post-thumbnail","6":"product_cat-hosen","7":"pa_brand-mascot","8":"pa_brand-type-workwear","9":"pa_filter-color-gelb","10":"pa_filter-color-orange","12":"first","13":"instock","14":"sale","15":"taxable","16":"shipping-taxable","17":"purchasable","18":"product-type-variable","19":"add-to-wishlist-before_image"},"exclude_global_add_ons":[],"addons":[],"acf":[],"_links":{"self":[{"href":"https:\/\/shop.kustom.ch\/it\/wp-json\/wp\/v2\/product\/568894"}],"collection":[{"href":"https:\/\/shop.kustom.ch\/it\/wp-json\/wp\/v2\/product"}],"about":[{"href":"https:\/\/shop.kustom.ch\/it\/wp-json\/wp\/v2\/types\/product"}],"wp:featuredmedia":[{"embeddable":true,"href":"https:\/\/shop.kustom.ch\/it\/wp-json\/wp\/v2\/media\/568936"}],"wp:attachment":[{"href":"https:\/\/shop.kustom.ch\/it\/wp-json\/wp\/v2\/media?parent=568894"}],"wp:term":[{"taxonomy":"product_brand","embeddable":true,"href":"https:\/\/shop.kustom.ch\/it\/wp-json\/wp\/v2\/product_brand?post=568894"},{"taxonomy":"product_cat","embeddable":true,"href":"https:\/\/shop.kustom.ch\/it\/wp-json\/wp\/v2\/product_cat?post=568894"},{"taxonomy":"product_tag","embeddable":true,"href":"https:\/\/shop.kustom.ch\/it\/wp-json\/wp\/v2\/product_tag?post=568894"}],"curies":[{"name":"wp","href":"https:\/\/api.w.org\/{rel}","templated":true}]}}