{"id":566947,"date":"2025-03-04T06:18:27","date_gmt":"2025-03-04T05:18:27","guid":{"rendered":"https:\/\/shop.kustom.ch\/?post_type=product&#038;p=566947"},"modified":"2026-03-31T07:50:00","modified_gmt":"2026-03-31T06:50:00","slug":"warnweste-safe-classic","status":"publish","type":"product","link":"https:\/\/shop.kustom.ch\/it\/prodotto\/warnweste-safe-classic\/","title":{"rendered":"Gilet ad alta visibilit\u00e0 SAFE CLASSIC"},"content":{"rendered":"<p>Fluorescente con riflessi. Fissato con nastro velcro. Bordi con nastro di sbieco. Il prodotto \u00e8 di grandi dimensioni perch\u00e9 \u00e8 stato progettato per essere indossato sopra i vestiti.<\/p>\n<p>EN ISO 20471 - Classe 2; Gruppo Hi-Vis C<br \/>\n100% Poliestere<br \/>\nPu\u00f2 restringersi fino a un massimo di 5%. Charmeuse. Il prodotto \u00e8 certificato per mantenere le sue propriet\u00e0 dopo 25 lavaggi.<br \/>\n130 g\/m\u00b2<br \/>\nLavaggio delicato max. 40\u00b0 C; non candeggiare; non asciugare in tamburo; non stirare; resiste ai normali lavaggi<\/p>\n<p><a href=\"https:\/\/mascotsitecore-1ccb8.kxcdn.com\/pdf\/50187-874-14-de.pdf\" target=\"_blank\" rel=\"noopener\"><u>Aprire la scheda tecnica del prodotto<\/u><\/a><\/p>","protected":false},"excerpt":{"rendered":"<ul>\n<li>Chiusura con nastro in velcro.<\/li>\n<li>Bordare con nastro di sbieco.<\/li>\n<li>Taglia grande - progettato per essere indossato sopra altri indumenti.<\/li>\n<\/ul>","protected":false},"featured_media":566991,"template":"","meta":[],"product_brand":[],"product_cat":[4208],"product_tag":[],"class_list":{"0":"post-566947","1":"product","2":"type-product","3":"status-publish","4":"has-post-thumbnail","6":"product_cat-westen","7":"pa_brand-mascot","8":"pa_brand-type-workwear","9":"pa_filter-color-gelb","10":"pa_filter-color-orange","12":"first","13":"instock","14":"sale","15":"taxable","16":"shipping-taxable","17":"purchasable","18":"product-type-variable","19":"add-to-wishlist-before_image"},"exclude_global_add_ons":[],"addons":[],"acf":[],"_links":{"self":[{"href":"https:\/\/shop.kustom.ch\/it\/wp-json\/wp\/v2\/product\/566947"}],"collection":[{"href":"https:\/\/shop.kustom.ch\/it\/wp-json\/wp\/v2\/product"}],"about":[{"href":"https:\/\/shop.kustom.ch\/it\/wp-json\/wp\/v2\/types\/product"}],"wp:featuredmedia":[{"embeddable":true,"href":"https:\/\/shop.kustom.ch\/it\/wp-json\/wp\/v2\/media\/566991"}],"wp:attachment":[{"href":"https:\/\/shop.kustom.ch\/it\/wp-json\/wp\/v2\/media?parent=566947"}],"wp:term":[{"taxonomy":"product_brand","embeddable":true,"href":"https:\/\/shop.kustom.ch\/it\/wp-json\/wp\/v2\/product_brand?post=566947"},{"taxonomy":"product_cat","embeddable":true,"href":"https:\/\/shop.kustom.ch\/it\/wp-json\/wp\/v2\/product_cat?post=566947"},{"taxonomy":"product_tag","embeddable":true,"href":"https:\/\/shop.kustom.ch\/it\/wp-json\/wp\/v2\/product_tag?post=566947"}],"curies":[{"name":"wp","href":"https:\/\/api.w.org\/{rel}","templated":true}]}}