{"id":566858,"date":"2025-03-04T06:17:12","date_gmt":"2025-03-04T05:17:12","guid":{"rendered":"https:\/\/shop.kustom.ch\/?post_type=product&#038;p=566858"},"modified":"2026-03-31T07:49:24","modified_gmt":"2026-03-31T06:49:24","slug":"t-shirt-safe-classic-2","status":"publish","type":"product","link":"https:\/\/shop.kustom.ch\/it\/prodotto\/t-shirt-safe-classic-2\/","title":{"rendered":"Maglietta SAFE CLASSIC"},"content":{"rendered":"<p>Premium. Fluorescente con riflessi. Monocolore. Vestibilit\u00e0 moderna. Interno in cotone e esterno in poliestere resistente. I riflessi sono elasticizzati. Scollo a V. Polsini a coste sul collo. Nastro sul collo. Ventilazione in rete sotto le maniche.<\/p>\n<p>OEKO-TEX\u00ae STANDARD 100; Hi-Vis Gruppo B; EN ISO 20471 - Classe 2; EN 13758-2 UPF 40+<br \/>\n50% cotone\/50% poliestere<br \/>\nPiqu\u00e9 a occhio di bue. Pu\u00f2 restringersi al massimo. 5%. Il prodotto \u00e8 certificato per mantenere le sue propriet\u00e0 dopo 25 lavaggi domestici.<br \/>\n140 g\/m\u00b2<br \/>\nLavaggio colorato, max. 60\u00b0 C; non candeggiare; non asciugare in asciugatrice; stirare a bassa temperatura, max. 100\u00b0 C; resiste a normali lavaggi<\/p>\n<p><a href=\"https:\/\/mascotsitecore-1ccb8.kxcdn.com\/pdf\/20882-995-14-de.pdf\" target=\"_blank\" rel=\"noopener\"><u>Aprire la scheda tecnica del prodotto<\/u><\/a><\/p>","protected":false},"excerpt":{"rendered":"<ul>\n<li>Vestibilit\u00e0 moderna e aderente con ampia libert\u00e0 di movimento.<\/li>\n<li>Maggiore libert\u00e0 di movimento grazie ai riflessi elastici.<\/li>\n<li>Cotone accogliente all'interno e poliestere resistente all'esterno.<\/li>\n<li>Aperture di ventilazione sotto le braccia.<\/li>\n<\/ul>","protected":false},"featured_media":566880,"template":"","meta":[],"product_brand":[],"product_cat":[4201],"product_tag":[],"class_list":{"0":"post-566858","1":"product","2":"type-product","3":"status-publish","4":"has-post-thumbnail","6":"product_cat-t-shirts","7":"pa_brand-mascot","8":"pa_brand-type-workwear","9":"pa_filter-color-gelb","10":"pa_filter-color-orange","12":"first","13":"instock","14":"sale","15":"taxable","16":"shipping-taxable","17":"purchasable","18":"product-type-variable","19":"add-to-wishlist-before_image"},"exclude_global_add_ons":[],"addons":[],"acf":[],"_links":{"self":[{"href":"https:\/\/shop.kustom.ch\/it\/wp-json\/wp\/v2\/product\/566858"}],"collection":[{"href":"https:\/\/shop.kustom.ch\/it\/wp-json\/wp\/v2\/product"}],"about":[{"href":"https:\/\/shop.kustom.ch\/it\/wp-json\/wp\/v2\/types\/product"}],"wp:featuredmedia":[{"embeddable":true,"href":"https:\/\/shop.kustom.ch\/it\/wp-json\/wp\/v2\/media\/566880"}],"wp:attachment":[{"href":"https:\/\/shop.kustom.ch\/it\/wp-json\/wp\/v2\/media?parent=566858"}],"wp:term":[{"taxonomy":"product_brand","embeddable":true,"href":"https:\/\/shop.kustom.ch\/it\/wp-json\/wp\/v2\/product_brand?post=566858"},{"taxonomy":"product_cat","embeddable":true,"href":"https:\/\/shop.kustom.ch\/it\/wp-json\/wp\/v2\/product_cat?post=566858"},{"taxonomy":"product_tag","embeddable":true,"href":"https:\/\/shop.kustom.ch\/it\/wp-json\/wp\/v2\/product_tag?post=566858"}],"curies":[{"name":"wp","href":"https:\/\/api.w.org\/{rel}","templated":true}]}}