{"id":565661,"date":"2025-03-04T05:39:45","date_gmt":"2025-03-04T04:39:45","guid":{"rendered":"https:\/\/shop.kustom.ch\/?post_type=product&#038;p=565661"},"modified":"2026-03-31T07:43:58","modified_gmt":"2026-03-31T06:43:58","slug":"latzhose-mit-knietaschen-multisafe-3","status":"publish","type":"product","link":"https:\/\/shop.kustom.ch\/it\/prodotto\/latzhose-mit-knietaschen-multisafe-3\/","title":{"rendered":"Salopette con tasche al ginocchio MULTISAFE"},"content":{"rendered":"<p>Bicolore. Fluorescente con riflessi. Antistatico, ignifugo e con protezione dagli acidi. Repellente allo sporco. Protegge dagli archi elettrici e dalle saldature occasionali. Doppie e triple impunture su gambe e cavallo. Spallacci in tessuto, regolabili, con elastico corto e resistente e fibbie in plastica. Tasca per pettorina con portapenne e patta con bottoni a pressione nascosti. Tasca per cellulare con cerniera. Cintura regolabile in vita. Anello a D. Chiusura con zip. Gambe dei pantaloni dalla forma ergonomica. Tasche anteriori. Tasche posteriori rinforzate con patta e bottoni a pressione nascosti. Tasca sulla coscia con patta e bottoni a pressione nascosti. Tasca sulla coscia per cellulare. Tasca rinforzata per regolo pieghevole. Tasche sulle ginocchia, regolabili in altezza, con patta e accesso dall'alto. Per questo modello si consigliano le seguenti protezioni per le ginocchia: 00718-100, 50451-916 o 20118-915. Certificato insieme alla ginocchiera tipo LONG in conformit\u00e0 alla norma EN 14404.<\/p>\n<p>OEKO-TEX\u00ae STANDARD 100; EN ISO 20471 - Classe 2; Gruppo Hi-Vis Y; EN 1149-3; EN 1149-5; EN 13034 (Tipo 6); EN ISO 11611 - Classe 1 (A1 + A2); EN ISO 11612 (A1, A2, B1, C1, F1); EN 61482-1-1 (ATPV - 7,7 cal\/cm\u00b2); EN 61482-1-2 classe 1<br \/>\n55% modacrilico\/39% cotone\/5% poliammide\/1% fibre di carbonio<br \/>\nTwill\/ripstop. Pu\u00f2 restringersi fino a un massimo di 3%. Il prodotto \u00e8 certificato per mantenere le sue propriet\u00e0 dopo 50 lavaggi domestici o 50 lavaggi industriali. Importante: per mantenere la resistenza agli acidi, \u00e8 necessario effettuare una nuova impregnazione dopo ogni lavaggio.<br \/>\n275 g\/m\u00b2<br \/>\nLavaggio colorato, max. 60\u00b0 C; non candeggiare; resiste all'asciugatura in tamburo - temperatura iniziale max. 80\u00b0 C; stiratura a bassa temperatura, max. 100\u00b0 C; resiste alla pulizia normale<\/p>\n<p><a href=\"https:\/\/mascotsitecore-1ccb8.kxcdn.com\/pdf\/13869-216-17010-de.pdf\" target=\"_blank\" rel=\"noopener\"><u>Aprire la scheda tecnica del prodotto<\/u><\/a><\/p>","protected":false},"excerpt":{"rendered":"<ul>\n<li>Antistatico, ignifugo e con protezione dagli acidi.<\/li>\n<li>Repellente allo sporco.<\/li>\n<li>Doppie e triple impunture su gambe e cavallo.<\/li>\n<li>Gambe dei pantaloni dal taglio ergonomico, modellate secondo i movimenti naturali del corpo.<\/li>\n<li>Le tasche per le ginocchia sono regolabili in altezza in modo che la protezione sia posizionata in modo ottimale sulle ginocchia.<\/li>\n<li>Certificato per l'uso con la ginocchiera MASCOT di tipo SHORT o LONG, poich\u00e9 la tasca della ginocchiera \u00e8 regolabile in altezza.<\/li>\n<\/ul>","protected":false},"featured_media":565688,"template":"","meta":[],"product_brand":[],"product_cat":[10448],"product_tag":[],"class_list":{"0":"post-565661","1":"product","2":"type-product","3":"status-publish","4":"has-post-thumbnail","6":"product_cat-latzhose","7":"pa_brand-mascot","8":"pa_brand-type-workwear","9":"pa_filter-color-blau","10":"pa_filter-color-gelb","11":"pa_filter-color-schwarz","13":"first","14":"instock","15":"sale","16":"taxable","17":"shipping-taxable","18":"purchasable","19":"product-type-variable","20":"add-to-wishlist-before_image"},"exclude_global_add_ons":[],"addons":[],"acf":[],"_links":{"self":[{"href":"https:\/\/shop.kustom.ch\/it\/wp-json\/wp\/v2\/product\/565661"}],"collection":[{"href":"https:\/\/shop.kustom.ch\/it\/wp-json\/wp\/v2\/product"}],"about":[{"href":"https:\/\/shop.kustom.ch\/it\/wp-json\/wp\/v2\/types\/product"}],"wp:featuredmedia":[{"embeddable":true,"href":"https:\/\/shop.kustom.ch\/it\/wp-json\/wp\/v2\/media\/565688"}],"wp:attachment":[{"href":"https:\/\/shop.kustom.ch\/it\/wp-json\/wp\/v2\/media?parent=565661"}],"wp:term":[{"taxonomy":"product_brand","embeddable":true,"href":"https:\/\/shop.kustom.ch\/it\/wp-json\/wp\/v2\/product_brand?post=565661"},{"taxonomy":"product_cat","embeddable":true,"href":"https:\/\/shop.kustom.ch\/it\/wp-json\/wp\/v2\/product_cat?post=565661"},{"taxonomy":"product_tag","embeddable":true,"href":"https:\/\/shop.kustom.ch\/it\/wp-json\/wp\/v2\/product_tag?post=565661"}],"curies":[{"name":"wp","href":"https:\/\/api.w.org\/{rel}","templated":true}]}}