{"id":565642,"date":"2025-03-04T05:39:18","date_gmt":"2025-03-04T04:39:18","guid":{"rendered":"https:\/\/shop.kustom.ch\/?post_type=product&#038;p=565642"},"modified":"2026-03-31T07:43:56","modified_gmt":"2026-03-31T06:43:56","slug":"jacke-multisafe-3","status":"publish","type":"product","link":"https:\/\/shop.kustom.ch\/it\/prodotto\/jacke-multisafe-3\/","title":{"rendered":"Giacca MULTISAFE"},"content":{"rendered":"<p>Bicolore. Fluorescente e con strisce riflettenti sulle spalle ed elementi riflettenti diagonali. Antistatico, ignifugo e con protezione dagli acidi. Idrorepellente. Protegge dagli archi elettrici e dalle saldature occasionali. Colletto rialzato. Cuciture doppie su spalle, maniche e fianchi. Chiusura con patta di protezione dalle intemperie e bottoni a pressione nascosti. Tasca con zip sotto la patta di protezione dalle intemperie. Schiena allungata. Tasca sul petto con zip. Tasca sul petto con patta e bottoni a pressione. Anello a D. Fettuccia per allarme gas. Tasche anteriori con cerniera. Maniche dal taglio ergonomico per una grande libert\u00e0 di movimento. Polsini elasticizzati. Vita regolabile con fascia elastica interna.<\/p>\n<p>OEKO-TEX\u00ae STANDARD 100; EN ISO 20471 - Classe 2; Gruppo Hi-Vis A; EN 1149-3; EN 1149-5; EN 13034 (Tipo 6); EN ISO 11611 - Classe 1 (A1 + A2); EN ISO 11612 (A1, A2, B1, C1, E1, F1); EN 61482-1-1 (ATPV - 7,7 cal\/cm\u00b2); EN 61482-1-2 classe 2 (Parte posteriore cl. 1)<br \/>\n55% modacrilico\/39% cotone\/5% poliammide\/1% fibre di carbonio<br \/>\nTwill\/ripstop. Pu\u00f2 restringersi fino a un massimo di 3%. Il prodotto \u00e8 certificato per mantenere le sue propriet\u00e0 dopo 50 lavaggi domestici o 50 lavaggi industriali. Importante: per mantenere la resistenza agli acidi, \u00e8 necessario effettuare una nuova impregnazione dopo ogni lavaggio.<br \/>\n275 g\/m\u00b2<br \/>\nLavaggio colorato, max. 60\u00b0 C; non candeggiare; resiste all'asciugatura in tamburo - temperatura iniziale max. 80\u00b0 C; stiratura a bassa temperatura, max. 100\u00b0 C; resiste alla pulizia normale<\/p>\n<p><a href=\"https:\/\/mascotsitecore-1ccb8.kxcdn.com\/pdf\/13809-216-17010-de.pdf\" target=\"_blank\" rel=\"noopener\"><u>Aprire la scheda tecnica del prodotto<\/u><\/a><\/p>","protected":false},"excerpt":{"rendered":"<ul>\n<li>Antistatico, ignifugo e con protezione dagli acidi.<\/li>\n<li>Repellente allo sporco.<\/li>\n<li>Maniche sagomate per una grande libert\u00e0 di movimento.<\/li>\n<li>Tasche chiuse con alette in modo che le scintille, ad esempio, non possano penetrare.<\/li>\n<li>Protezione aggiuntiva contro il freddo grazie alla schiena allungata.<\/li>\n<\/ul>","protected":false},"featured_media":565687,"template":"","meta":[],"product_brand":[],"product_cat":[4186],"product_tag":[],"class_list":{"0":"post-565642","1":"product","2":"type-product","3":"status-publish","4":"has-post-thumbnail","6":"product_cat-jacken","7":"pa_brand-mascot","8":"pa_brand-type-workwear","9":"pa_filter-color-blau","10":"pa_filter-color-gelb","11":"pa_filter-color-schwarz","13":"first","14":"instock","15":"sale","16":"taxable","17":"shipping-taxable","18":"purchasable","19":"product-type-variable","20":"add-to-wishlist-before_image"},"exclude_global_add_ons":[],"addons":[],"acf":[],"_links":{"self":[{"href":"https:\/\/shop.kustom.ch\/it\/wp-json\/wp\/v2\/product\/565642"}],"collection":[{"href":"https:\/\/shop.kustom.ch\/it\/wp-json\/wp\/v2\/product"}],"about":[{"href":"https:\/\/shop.kustom.ch\/it\/wp-json\/wp\/v2\/types\/product"}],"wp:featuredmedia":[{"embeddable":true,"href":"https:\/\/shop.kustom.ch\/it\/wp-json\/wp\/v2\/media\/565687"}],"wp:attachment":[{"href":"https:\/\/shop.kustom.ch\/it\/wp-json\/wp\/v2\/media?parent=565642"}],"wp:term":[{"taxonomy":"product_brand","embeddable":true,"href":"https:\/\/shop.kustom.ch\/it\/wp-json\/wp\/v2\/product_brand?post=565642"},{"taxonomy":"product_cat","embeddable":true,"href":"https:\/\/shop.kustom.ch\/it\/wp-json\/wp\/v2\/product_cat?post=565642"},{"taxonomy":"product_tag","embeddable":true,"href":"https:\/\/shop.kustom.ch\/it\/wp-json\/wp\/v2\/product_tag?post=565642"}],"curies":[{"name":"wp","href":"https:\/\/api.w.org\/{rel}","templated":true}]}}