{"id":559277,"date":"2025-03-04T03:26:38","date_gmt":"2025-03-04T02:26:38","guid":{"rendered":"https:\/\/shop.kustom.ch\/?post_type=product&#038;p=559277"},"modified":"2026-03-30T14:40:23","modified_gmt":"2026-03-30T13:40:23","slug":"hose-mit-schenkeltaschen-frontline-2","status":"publish","type":"product","link":"https:\/\/shop.kustom.ch\/it\/prodotto\/hose-mit-schenkeltaschen-frontline-2\/","title":{"rendered":"Pantaloni con tasche sulla coscia FRONTLINE"},"content":{"rendered":"<p>Tessuto leggero al metro. Riflessi sulla gamba. Numerosi inserti elasticizzati garantiscono una libert\u00e0 di movimento particolarmente buona. Doppie impunture sulle gambe e sul cavallo. Vita bassa e cintura sagomata. Gambe dei pantaloni dalla forma ergonomica. Passanti per cintura. Anello a D. Chiusura con cerniera. Tasche anteriori, extra spaziose. Tasche posteriori rinforzate. Tasche sulla coscia - la sinistra con tasca per cellulare e patta con chiusura magnetica. La tasca destra \u00e8 dotata di un portapenne e di una tasca per la torcia. Il portadocumenti \u00e8 staccabile e pu\u00f2 essere agganciato a un anello a D o a una tasca sulla coscia.<\/p>\n<p>OEKO-TEX\u00ae STANDARD 100<br \/>\n50% cotone\/50% poliestere<br \/>\nTwill. Pu\u00f2 restringersi 1-2%.<br \/>\n205 g\/m\u00b2<br \/>\nLavaggio colorato, max. 60\u00b0 C; non candeggiare; resiste all'asciugatura in tamburo - temperatura iniziale max. 80\u00b0 C; stiratura a bassa temperatura, max. 100\u00b0 C; resiste alla pulizia normale<\/p>\n<p><a href=\"https:\/\/mascotsitecore-1ccb8.kxcdn.com\/pdf\/17879-230-010-de.pdf\" target=\"_blank\" rel=\"noopener\"><u>Aprire la scheda tecnica del prodotto<\/u><\/a><\/p>","protected":false},"excerpt":{"rendered":"<ul>\n<li>Materiale dal peso ridotto e dall'elevata durata.<\/li>\n<li>Numerosi inserti in materiale elasticizzato che offrono una libert\u00e0 di movimento unica.<\/li>\n<li>Gambe dei pantaloni dal taglio ergonomico, modellate secondo i movimenti naturali del corpo.<\/li>\n<li>Tasche sulla coscia ben suddivise: la sinistra con tasca per il cellulare con chiusura magnetica, la destra con tasca per la penna e tasca appositamente progettata per la torcia.<\/li>\n<li>Portacartellino identificativo staccabile che pu\u00f2 essere facilmente agganciato alla tasca sulla coscia o all'anello a D - pu\u00f2 essere utilizzato anche su tutti i prodotti dotati di anello a D.<\/li>\n<li>Il nastro riflettente con le massime prestazioni rifrangenti corre completamente intorno alla gamba dei pantaloni e rende chi lo indossa estremamente visibile a chi lo circonda.<\/li>\n<\/ul>","protected":false},"featured_media":559323,"template":"","meta":[],"product_brand":[],"product_cat":[4185],"product_tag":[],"class_list":{"0":"post-559277","1":"product","2":"type-product","3":"status-publish","4":"has-post-thumbnail","6":"product_cat-hosen","7":"pa_brand-mascot","8":"pa_brand-type-workwear","9":"pa_filter-color-schwarz","11":"first","12":"instock","13":"sale","14":"taxable","15":"shipping-taxable","16":"purchasable","17":"product-type-variable","18":"add-to-wishlist-before_image"},"exclude_global_add_ons":[],"addons":[],"acf":[],"_links":{"self":[{"href":"https:\/\/shop.kustom.ch\/it\/wp-json\/wp\/v2\/product\/559277"}],"collection":[{"href":"https:\/\/shop.kustom.ch\/it\/wp-json\/wp\/v2\/product"}],"about":[{"href":"https:\/\/shop.kustom.ch\/it\/wp-json\/wp\/v2\/types\/product"}],"wp:featuredmedia":[{"embeddable":true,"href":"https:\/\/shop.kustom.ch\/it\/wp-json\/wp\/v2\/media\/559323"}],"wp:attachment":[{"href":"https:\/\/shop.kustom.ch\/it\/wp-json\/wp\/v2\/media?parent=559277"}],"wp:term":[{"taxonomy":"product_brand","embeddable":true,"href":"https:\/\/shop.kustom.ch\/it\/wp-json\/wp\/v2\/product_brand?post=559277"},{"taxonomy":"product_cat","embeddable":true,"href":"https:\/\/shop.kustom.ch\/it\/wp-json\/wp\/v2\/product_cat?post=559277"},{"taxonomy":"product_tag","embeddable":true,"href":"https:\/\/shop.kustom.ch\/it\/wp-json\/wp\/v2\/product_tag?post=559277"}],"curies":[{"name":"wp","href":"https:\/\/api.w.org\/{rel}","templated":true}]}}