{"id":558780,"date":"2025-03-04T03:22:58","date_gmt":"2025-03-04T02:22:58","guid":{"rendered":"https:\/\/shop.kustom.ch\/?post_type=product&#038;p=558780"},"modified":"2026-03-30T14:39:47","modified_gmt":"2026-03-30T13:39:47","slug":"sicherheitsschuhe-footwear-move-3","status":"publish","type":"product","link":"https:\/\/shop.kustom.ch\/it\/prodotto\/sicherheitsschuhe-footwear-move-3\/","title":{"rendered":"Scarpe di sicurezza FOOTWEAR MOVE"},"content":{"rendered":"<p>Senza metallo. Tomaia in pelle nabuk oliata. Chiusura con lacci. Punta in composito. Protezione contro la penetrazione delle unghie MASCOLAYER. Soletta ammortizzante, morbida e flessibile. Le solette sono sostituibili. Intersuola in Phylon. Suola in gomma. Protezione del tallone. Tomaia in pelle nabuk oliata di prima qualit\u00e0. Suola antitraccia durevole che non si sfrega. La suola \u00e8 resistente all'olio e alla benzina. Testato ESD in conformit\u00e0 alle norme EN IEC 61340-4-3: 2018, EN 61340-5-1: 2016.<\/p>\n<p>Classe di sicurezza S3; scarica di elettricit\u00e0 statica (ESD); suola antiscivolo; EN ISO 20345<br \/>\nPelle nabuk oliata<br \/>\nTaglia 1042: 540 g<\/p>\n<p><a href=\"https:\/\/mascotsitecore-1ccb8.kxcdn.com\/pdf\/F0303-901-09-de.pdf\" target=\"_blank\" rel=\"noopener\"><u>Aprire la scheda tecnica del prodotto<\/u><\/a><\/p>","protected":false},"excerpt":{"rendered":"<ul>\n<li>La parte anteriore della scarpa pu\u00f2 essere piegata in modo estremamente flessibile con il piede.<\/li>\n<li>Il puntale protettivo \u00e8 realizzato in composito ed \u00e8 quindi privo di metallo. Il composito non conduce il freddo o il calore e i puntali in composito offrono quindi un maggiore comfort sia in ambienti caldi che freddi.<\/li>\n<li>La protezione contro la penetrazione delle unghie MASCOLAYER, realizzata in tessuto speciale, garantisce una forte protezione e un elevato comfort di camminata.<\/li>\n<li>Soletta ammortizzante, leggera e flessibile.<\/li>\n<li>Intersuola in Phylon elastica e confortevole per un maggiore comfort e suola in gomma.<\/li>\n<li>La suola \u00e8 resistente all'olio e alla benzina.<\/li>\n<li>Le scarpe di sicurezza sono tra le pi\u00f9 leggere del mercato.<\/li>\n<li>Testato ESD in conformit\u00e0 alla norma EN IEC 61340-4-3: 2018 + EN 61340-5-1: 2016.<\/li>\n<\/ul>","protected":false},"featured_media":558829,"template":"","meta":[],"product_brand":[],"product_cat":[9643,4197],"product_tag":[],"class_list":{"0":"post-558780","1":"product","2":"type-product","3":"status-publish","4":"has-post-thumbnail","6":"product_cat-equipment","7":"product_cat-schuhe-sandalen","8":"pa_brand-mascot","9":"pa_brand-type-workwear","10":"pa_filter-color-schwarz","12":"first","13":"instock","14":"sale","15":"taxable","16":"shipping-taxable","17":"purchasable","18":"product-type-variable","19":"add-to-wishlist-before_image"},"exclude_global_add_ons":[],"addons":[],"acf":[],"_links":{"self":[{"href":"https:\/\/shop.kustom.ch\/it\/wp-json\/wp\/v2\/product\/558780"}],"collection":[{"href":"https:\/\/shop.kustom.ch\/it\/wp-json\/wp\/v2\/product"}],"about":[{"href":"https:\/\/shop.kustom.ch\/it\/wp-json\/wp\/v2\/types\/product"}],"wp:featuredmedia":[{"embeddable":true,"href":"https:\/\/shop.kustom.ch\/it\/wp-json\/wp\/v2\/media\/558829"}],"wp:attachment":[{"href":"https:\/\/shop.kustom.ch\/it\/wp-json\/wp\/v2\/media?parent=558780"}],"wp:term":[{"taxonomy":"product_brand","embeddable":true,"href":"https:\/\/shop.kustom.ch\/it\/wp-json\/wp\/v2\/product_brand?post=558780"},{"taxonomy":"product_cat","embeddable":true,"href":"https:\/\/shop.kustom.ch\/it\/wp-json\/wp\/v2\/product_cat?post=558780"},{"taxonomy":"product_tag","embeddable":true,"href":"https:\/\/shop.kustom.ch\/it\/wp-json\/wp\/v2\/product_tag?post=558780"}],"curies":[{"name":"wp","href":"https:\/\/api.w.org\/{rel}","templated":true}]}}