{"id":558663,"date":"2025-03-04T03:21:19","date_gmt":"2025-03-04T02:21:19","guid":{"rendered":"https:\/\/shop.kustom.ch\/?post_type=product&#038;p=558663"},"modified":"2026-03-30T14:39:24","modified_gmt":"2026-03-30T13:39:24","slug":"sicherheitsschuhe-footwear-industry-6","status":"publish","type":"product","link":"https:\/\/shop.kustom.ch\/it\/prodotto\/sicherheitsschuhe-footwear-industry-6\/","title":{"rendered":"INDUSTRIA CALZATURIERA scarpe di sicurezza"},"content":{"rendered":"<p>Chiusura e apertura con BOA\u00ae Fit System, un sistema composto da pomello, corda e guide per il laccio. Materiale della tomaia in CORDURA\u00ae\/Kevlar\u00ae\/Dyneema\u00ae resistente. Puntale in alluminio, di forma ergonomica. Protezione contro la penetrazione delle unghie in tessuto speciale. Con snodo multifunzionale stabilizzante con schiuma comfort integrata. Intersuola in PU. Suola in gomma, estremamente resistente allo scivolamento. I sottopiedi sono sostituibili, antistatici e resistenti. L'umidit\u00e0 viene assorbita e rilasciata nuovamente in modo efficace. Protezione della punta in PU, sagomata. Suola resistente agli oli e alla benzina. Suola resistente al calore fino a 300\u00b0C. Bordo del tallone. Soletta ammortizzante. Adatto per lavori in ginocchio. Puntale. Suola antitraccia - non si sfrega.<\/p>\n<p>Classe di sicurezza S3; suola antiscivolo; EN ISO 20345<br \/>\nTessile\/scamosciato<br \/>\nTaglia 1042: 650 g<\/p>\n<p><a href=\"https:\/\/mascotsitecore-1ccb8.kxcdn.com\/pdf\/F0461-771-09-de.pdf\" target=\"_blank\" rel=\"noopener\"><u>Aprire la scheda tecnica del prodotto<\/u><\/a><\/p>","protected":false},"excerpt":{"rendered":"<ul>\n<li>Il BOA\u00ae Fit System \u00e8 realizzato con materiali particolarmente resistenti e di alta qualit\u00e0. Con il BOA\u00ae Fit System, \u00e8 possibile regolare le scarpe in modo rapido e semplice per adattarle perfettamente, semplicemente ruotandole.<\/li>\n<li>Materiale della tomaia in CORDURA\u00ae\/Kevlar\u00ae\/Dyneema\u00ae resistente.<\/li>\n<li>Il puntale in alluminio dalla forma ergonomica offre una migliore protezione e pi\u00f9 spazio per le dita dei piedi, aumentando il comfort.<\/li>\n<li>Una protezione flessibile per la penetrazione delle unghie, realizzata in tessuto speciale, aumenta il comfort di calzata e previene i ponti di freddo. A differenza delle protezioni in acciaio per la penetrazione delle unghie, copre anche l'intera dimensione del piede e offre quindi una migliore protezione sui lati.<\/li>\n<li>Lo snodo multifunzione stabilizzante, brevettato da MASCOT, lo rende particolarmente adatto a lavorare su superfici irregolari e scale.<\/li>\n<li>La suola in PU\/gomma \u00e8 stata sviluppata appositamente per gli ambienti pi\u00f9 difficili. \u00c8 resistente al calore fino a 300\u00b0C per contatto.<\/li>\n<li>La suola \u00e8 resistente al gelo e antiscivolo, in modo da poter stare in piedi in tutta sicurezza anche quando fa freddo.<\/li>\n<li>La suola \u00e8 resistente all'olio e alla benzina.<\/li>\n<\/ul>","protected":false},"featured_media":558717,"template":"","meta":[],"product_brand":[],"product_cat":[9643,4197],"product_tag":[],"class_list":{"0":"post-558663","1":"product","2":"type-product","3":"status-publish","4":"has-post-thumbnail","6":"product_cat-equipment","7":"product_cat-schuhe-sandalen","8":"pa_brand-mascot","9":"pa_brand-type-workwear","10":"pa_filter-color-schwarz","12":"first","13":"instock","14":"sale","15":"taxable","16":"shipping-taxable","17":"purchasable","18":"product-type-variable","19":"add-to-wishlist-before_image"},"exclude_global_add_ons":[],"addons":[],"acf":[],"_links":{"self":[{"href":"https:\/\/shop.kustom.ch\/it\/wp-json\/wp\/v2\/product\/558663"}],"collection":[{"href":"https:\/\/shop.kustom.ch\/it\/wp-json\/wp\/v2\/product"}],"about":[{"href":"https:\/\/shop.kustom.ch\/it\/wp-json\/wp\/v2\/types\/product"}],"wp:featuredmedia":[{"embeddable":true,"href":"https:\/\/shop.kustom.ch\/it\/wp-json\/wp\/v2\/media\/558717"}],"wp:attachment":[{"href":"https:\/\/shop.kustom.ch\/it\/wp-json\/wp\/v2\/media?parent=558663"}],"wp:term":[{"taxonomy":"product_brand","embeddable":true,"href":"https:\/\/shop.kustom.ch\/it\/wp-json\/wp\/v2\/product_brand?post=558663"},{"taxonomy":"product_cat","embeddable":true,"href":"https:\/\/shop.kustom.ch\/it\/wp-json\/wp\/v2\/product_cat?post=558663"},{"taxonomy":"product_tag","embeddable":true,"href":"https:\/\/shop.kustom.ch\/it\/wp-json\/wp\/v2\/product_tag?post=558663"}],"curies":[{"name":"wp","href":"https:\/\/api.w.org\/{rel}","templated":true}]}}