{"id":558630,"date":"2025-03-04T03:21:15","date_gmt":"2025-03-04T02:21:15","guid":{"rendered":"https:\/\/shop.kustom.ch\/?post_type=product&#038;p=558630"},"modified":"2026-03-30T14:39:22","modified_gmt":"2026-03-30T13:39:22","slug":"sicherheitsschuhe-footwear-industry-4","status":"publish","type":"product","link":"https:\/\/shop.kustom.ch\/it\/prodotto\/sicherheitsschuhe-footwear-industry-4\/","title":{"rendered":"INDUSTRIA CALZATURIERA scarpe di sicurezza"},"content":{"rendered":"<p>Chiusura con cinturino in velcro. Puntale in alluminio, di forma ergonomica. Protezione contro la penetrazione delle unghie in tessuto speciale. Con snodo multifunzionale stabilizzante con schiuma comfort integrata. Intersuola in PU. Suola in gomma, estremamente resistente allo scivolamento. I sottopiedi sono sostituibili, antistatici e resistenti. L'umidit\u00e0 viene assorbita e rilasciata nuovamente in modo efficace. Protezione della punta in PU, sagomata. Suola resistente agli oli e alla benzina. Suola resistente al calore fino a 300\u00b0C. Bordo del tallone. Soletta ammortizzante. Gambale in materiale esterno idrorepellente e traspirante. Adatto per lavori in ginocchio. Puntale. Suola antitraccia - non si sfrega. Testato ESD in conformit\u00e0 alle norme EN IEC 61340-4-3: 2018, EN 61340-5-1: 2016. Fodera in pelle di alta qualit\u00e0.<\/p>\n<p>Classe di sicurezza S3; suola antiscivolo; EN ISO 20345; scarica di elettricit\u00e0 statica (ESD)<br \/>\nTomaia in pelle di bufalo pieno fiore<br \/>\nTaglia 1042: 700 g<\/p>\n<p><a href=\"https:\/\/mascotsitecore-1ccb8.kxcdn.com\/pdf\/F0456-902-09-de.pdf\" target=\"_blank\" rel=\"noopener\"><u>Aprire la scheda tecnica del prodotto<\/u><\/a><\/p>","protected":false},"excerpt":{"rendered":"<ul>\n<li>Il puntale in alluminio dalla forma ergonomica offre una migliore protezione e pi\u00f9 spazio per le dita dei piedi, aumentando il comfort.<\/li>\n<li>Una protezione flessibile per la penetrazione delle unghie, realizzata in tessuto speciale, aumenta il comfort di calzata e previene i ponti di freddo. A differenza delle protezioni in acciaio per la penetrazione delle unghie, copre anche l'intera dimensione del piede e offre quindi una migliore protezione sui lati.<\/li>\n<li>Lo snodo multifunzione stabilizzante, brevettato da MASCOT, lo rende particolarmente adatto a lavorare su superfici irregolari e scale.<\/li>\n<li>Le solette ammortizzanti sono sostituibili, resistenti e antistatiche.<\/li>\n<li>La suola in PU\/gomma \u00e8 stata sviluppata appositamente per gli ambienti pi\u00f9 difficili. \u00c8 resistente al calore fino a 300\u00b0C per contatto.<\/li>\n<li>La suola \u00e8 resistente all'olio e alla benzina.<\/li>\n<li>Testato ESD in conformit\u00e0 alla norma EN IEC 61340-4-3: 2018 + EN 61340-5-1: 2016.<\/li>\n<\/ul>","protected":false},"featured_media":558670,"template":"","meta":[],"product_brand":[],"product_cat":[9643,4197],"product_tag":[],"class_list":{"0":"post-558630","1":"product","2":"type-product","3":"status-publish","4":"has-post-thumbnail","6":"product_cat-equipment","7":"product_cat-schuhe-sandalen","8":"pa_brand-mascot","9":"pa_brand-type-workwear","10":"pa_filter-color-schwarz","12":"first","13":"instock","14":"sale","15":"taxable","16":"shipping-taxable","17":"purchasable","18":"product-type-variable","19":"add-to-wishlist-before_image"},"exclude_global_add_ons":[],"addons":[],"acf":[],"_links":{"self":[{"href":"https:\/\/shop.kustom.ch\/it\/wp-json\/wp\/v2\/product\/558630"}],"collection":[{"href":"https:\/\/shop.kustom.ch\/it\/wp-json\/wp\/v2\/product"}],"about":[{"href":"https:\/\/shop.kustom.ch\/it\/wp-json\/wp\/v2\/types\/product"}],"wp:featuredmedia":[{"embeddable":true,"href":"https:\/\/shop.kustom.ch\/it\/wp-json\/wp\/v2\/media\/558670"}],"wp:attachment":[{"href":"https:\/\/shop.kustom.ch\/it\/wp-json\/wp\/v2\/media?parent=558630"}],"wp:term":[{"taxonomy":"product_brand","embeddable":true,"href":"https:\/\/shop.kustom.ch\/it\/wp-json\/wp\/v2\/product_brand?post=558630"},{"taxonomy":"product_cat","embeddable":true,"href":"https:\/\/shop.kustom.ch\/it\/wp-json\/wp\/v2\/product_cat?post=558630"},{"taxonomy":"product_tag","embeddable":true,"href":"https:\/\/shop.kustom.ch\/it\/wp-json\/wp\/v2\/product_tag?post=558630"}],"curies":[{"name":"wp","href":"https:\/\/api.w.org\/{rel}","templated":true}]}}